{"id":612,"date":"2023-10-30T07:45:30","date_gmt":"2023-10-30T07:45:30","guid":{"rendered":"https:\/\/akolglobal.com\/?page_id=612"},"modified":"2024-10-02T09:18:59","modified_gmt":"2024-10-02T06:18:59","slug":"tatigkeitsbereiche","status":"publish","type":"page","link":"https:\/\/akolglobal.com\/de\/faaliyet-alanlarimiz\/","title":{"rendered":"T\u00e4tigkeitsbereiche"},"content":{"rendered":"<div data-elementor-type=\"wp-page\" data-elementor-id=\"612\" class=\"elementor elementor-612\" data-elementor-settings=\"{&quot;element_pack_global_tooltip_width&quot;:{&quot;unit&quot;:&quot;px&quot;,&quot;size&quot;:&quot;&quot;,&quot;sizes&quot;:[]},&quot;element_pack_global_tooltip_width_tablet&quot;:{&quot;unit&quot;:&quot;px&quot;,&quot;size&quot;:&quot;&quot;,&quot;sizes&quot;:[]},&quot;element_pack_global_tooltip_width_mobile&quot;:{&quot;unit&quot;:&quot;px&quot;,&quot;size&quot;:&quot;&quot;,&quot;sizes&quot;:[]},&quot;element_pack_global_tooltip_padding&quot;:{&quot;unit&quot;:&quot;px&quot;,&quot;top&quot;:&quot;&quot;,&quot;right&quot;:&quot;&quot;,&quot;bottom&quot;:&quot;&quot;,&quot;left&quot;:&quot;&quot;,&quot;isLinked&quot;:true},&quot;element_pack_global_tooltip_padding_tablet&quot;:{&quot;unit&quot;:&quot;px&quot;,&quot;top&quot;:&quot;&quot;,&quot;right&quot;:&quot;&quot;,&quot;bottom&quot;:&quot;&quot;,&quot;left&quot;:&quot;&quot;,&quot;isLinked&quot;:true},&quot;element_pack_global_tooltip_padding_mobile&quot;:{&quot;unit&quot;:&quot;px&quot;,&quot;top&quot;:&quot;&quot;,&quot;right&quot;:&quot;&quot;,&quot;bottom&quot;:&quot;&quot;,&quot;left&quot;:&quot;&quot;,&quot;isLinked&quot;:true},&quot;element_pack_global_tooltip_border_radius&quot;:{&quot;unit&quot;:&quot;px&quot;,&quot;top&quot;:&quot;&quot;,&quot;right&quot;:&quot;&quot;,&quot;bottom&quot;:&quot;&quot;,&quot;left&quot;:&quot;&quot;,&quot;isLinked&quot;:true},&quot;element_pack_global_tooltip_border_radius_tablet&quot;:{&quot;unit&quot;:&quot;px&quot;,&quot;top&quot;:&quot;&quot;,&quot;right&quot;:&quot;&quot;,&quot;bottom&quot;:&quot;&quot;,&quot;left&quot;:&quot;&quot;,&quot;isLinked&quot;:true},&quot;element_pack_global_tooltip_border_radius_mobile&quot;:{&quot;unit&quot;:&quot;px&quot;,&quot;top&quot;:&quot;&quot;,&quot;right&quot;:&quot;&quot;,&quot;bottom&quot;:&quot;&quot;,&quot;left&quot;:&quot;&quot;,&quot;isLinked&quot;:true}}\" data-elementor-post-type=\"page\">\n\t\t\t\t<div class=\"elementor-element elementor-element-5079580 e-flex e-con-boxed e-con e-parent\" data-id=\"5079580\" data-element_type=\"container\" data-e-type=\"container\">\n\t\t\t\t\t<div class=\"e-con-inner\">\n\t\t<div class=\"elementor-element elementor-element-df6127d e-con-full e-flex e-con e-child\" data-id=\"df6127d\" data-element_type=\"container\" data-e-type=\"container\">\n\t\t\t\t<div class=\"elementor-element elementor-element-9f697d2 elementor-widget elementor-widget-heading\" data-id=\"9f697d2\" data-element_type=\"widget\" data-e-type=\"widget\" data-widget_type=\"heading.default\">\n\t\t\t\t<div class=\"elementor-widget-container\">\n\t\t\t\t\t<h2 class=\"elementor-heading-title elementor-size-default\">Bauwesen<\/h2>\t\t\t\t<\/div>\n\t\t\t\t<\/div>\n\t\t\t\t<div class=\"elementor-element elementor-element-de8fca8 elementor-widget elementor-widget-text-editor\" data-id=\"de8fca8\" data-element_type=\"widget\" data-e-type=\"widget\" data-widget_type=\"text-editor.default\">\n\t\t\t\t<div class=\"elementor-widget-container\">\n\t\t\t\t\t\t\t\t\t<p>Die Akol Global, die Mitglied des zypriotisch-t\u00fcrkischen Bauunternehmerverbands ist, verf\u00fcgt \u00fcber das h\u00f6chste Vertragszertifikat und ist ein f\u00fchrendes Unternehmen in der Baubranche.<\/p><p>Mit ihren Projekten schafft sie nicht nur rentable, sichere, friedliche und komfortable Lebensr\u00e4ume, sondern bietet ihren Kunden mit ihrer innovativen Perspektive auch Privilegien.<\/p><p>Die Akol-Unternehmensgruppe, die in Nordzypern die bevorzugte Marke ist, verdankt ihren Erfolg der Tatsache, dass sie nicht nur ein Bauarchitekt, sondern auch ein Lebensarchitekt ist, mit anderen Worten: \"der Architekt der Tr\u00e4ume\".<\/p>\t\t\t\t\t\t\t\t<\/div>\n\t\t\t\t<\/div>\n\t\t\t\t<\/div>\n\t\t<div class=\"elementor-element elementor-element-f9738f3 e-con-full e-flex e-con e-child\" data-id=\"f9738f3\" data-element_type=\"container\" data-e-type=\"container\" data-settings=\"{&quot;background_background&quot;:&quot;classic&quot;}\">\n\t\t\t\t<\/div>\n\t\t\t\t\t<\/div>\n\t\t\t\t<\/div>\n\t\t<div class=\"elementor-element elementor-element-af6a5c0 e-flex e-con-boxed e-con e-parent\" data-id=\"af6a5c0\" data-element_type=\"container\" data-e-type=\"container\">\n\t\t\t\t\t<div class=\"e-con-inner\">\n\t\t<div class=\"elementor-element elementor-element-c5524d7 e-con-full e-flex e-con e-child\" data-id=\"c5524d7\" data-element_type=\"container\" data-e-type=\"container\" data-settings=\"{&quot;background_background&quot;:&quot;classic&quot;}\">\n\t\t\t\t<\/div>\n\t\t<div class=\"elementor-element elementor-element-5902b28 e-con-full e-flex e-con e-child\" data-id=\"5902b28\" data-element_type=\"container\" data-e-type=\"container\">\n\t\t\t\t<div class=\"elementor-element elementor-element-ef572a3 elementor-widget elementor-widget-heading\" data-id=\"ef572a3\" data-element_type=\"widget\" data-e-type=\"widget\" data-widget_type=\"heading.default\">\n\t\t\t\t<div class=\"elementor-widget-container\">\n\t\t\t\t\t<h2 class=\"elementor-heading-title elementor-size-default\">GYO<\/h2>\t\t\t\t<\/div>\n\t\t\t\t<\/div>\n\t\t\t\t<div class=\"elementor-element elementor-element-9294504 elementor-widget elementor-widget-text-editor\" data-id=\"9294504\" data-element_type=\"widget\" data-e-type=\"widget\" data-widget_type=\"text-editor.default\">\n\t\t\t\t<div class=\"elementor-widget-container\">\n\t\t\t\t\t\t\t\t\t<p>K\u0131br\u0131s Emlak ve \u0130n\u015faat hizmeti veren Akol Global, gayrimenkul yat\u0131r\u0131m ortakl\u0131klar\u0131 (GYO) alan\u0131nda da faaliyet g\u00f6steriyor.<\/p><p>Akol Global erstellt ein Immobilienportfolio und investiert daher sowohl in Immobilien mit hohem Renditepotenzial als auch in Immobilienprojekte.<\/p><p>Mit der von ihr gegr\u00fcndeten Investitionspartnerschaft stellt sie sicher, dass ihre Investoren auch von den Mieteinnahmen dieses Portfolios oder den Ertr\u00e4gen aus dessen K\u00e4ufen und Verk\u00e4ufen profitieren.<\/p>\t\t\t\t\t\t\t\t<\/div>\n\t\t\t\t<\/div>\n\t\t\t\t<\/div>\n\t\t\t\t\t<\/div>\n\t\t\t\t<\/div>\n\t\t<div class=\"elementor-element elementor-element-91bbdea e-flex e-con-boxed e-con e-parent\" data-id=\"91bbdea\" data-element_type=\"container\" data-e-type=\"container\">\n\t\t\t\t\t<div class=\"e-con-inner\">\n\t\t<div class=\"elementor-element elementor-element-626610c e-con-full e-flex e-con e-child\" data-id=\"626610c\" data-element_type=\"container\" data-e-type=\"container\">\n\t\t\t\t<div class=\"elementor-element elementor-element-c9d1467 elementor-widget elementor-widget-heading\" data-id=\"c9d1467\" data-element_type=\"widget\" data-e-type=\"widget\" data-widget_type=\"heading.default\">\n\t\t\t\t<div class=\"elementor-widget-container\">\n\t\t\t\t\t<h2 class=\"elementor-heading-title elementor-size-default\">Mietverwaltung<\/h2>\t\t\t\t<\/div>\n\t\t\t\t<\/div>\n\t\t\t\t<div class=\"elementor-element elementor-element-01d2dd5 elementor-widget elementor-widget-text-editor\" data-id=\"01d2dd5\" data-element_type=\"widget\" data-e-type=\"widget\" data-widget_type=\"text-editor.default\">\n\t\t\t\t<div class=\"elementor-widget-container\">\n\t\t\t\t\t\t\t\t\t<p>Als Anbieter von Mietverwaltungsdienstleistungen bietet Akol Global L\u00f6sungen f\u00fcr verwaltungstechnische\/finanzielle Schwierigkeiten, die bei der Verwaltung auftreten, und gew\u00e4hrleistet mit seinem erfahrenen Team mit hoher operativer Leistung eine effiziente Verwaltung.<\/p><p>Akol Global bietet Dienstleistungen in Bereichen wie der Suche nach kurz- und langfristigen Mietern, der \u00dcberwachung von Mietvertr\u00e4gen, der Pr\u00fcfung von Immobilienrechnungen, der Budgetierung von Immobilienausgaben, der \u00dcberwachung von Mietzahlungen, der Organisation und Verwaltung von Immobilienportfolios, der Durchf\u00fchrung von Bestandskontrollen und der R\u00fcckgabe von Kautionen und B\u00fcrgschaften, der Instandhaltung und Reparatur\/Renovierung von zu vermietenden Immobilien, falls erforderlich.<\/p>\t\t\t\t\t\t\t\t<\/div>\n\t\t\t\t<\/div>\n\t\t\t\t<\/div>\n\t\t<div class=\"elementor-element elementor-element-51cc033 e-con-full e-flex e-con e-child\" data-id=\"51cc033\" data-element_type=\"container\" data-e-type=\"container\" data-settings=\"{&quot;background_background&quot;:&quot;classic&quot;}\">\n\t\t\t\t<\/div>\n\t\t\t\t\t<\/div>\n\t\t\t\t<\/div>\n\t\t<div class=\"elementor-element elementor-element-16fb24b e-flex e-con-boxed e-con e-parent\" data-id=\"16fb24b\" data-element_type=\"container\" data-e-type=\"container\">\n\t\t\t\t\t<div class=\"e-con-inner\">\n\t\t<div class=\"elementor-element elementor-element-78607e0 e-con-full e-flex e-con e-child\" data-id=\"78607e0\" data-element_type=\"container\" data-e-type=\"container\" data-settings=\"{&quot;background_background&quot;:&quot;classic&quot;}\">\n\t\t\t\t<\/div>\n\t\t<div class=\"elementor-element elementor-element-9ca397e e-con-full e-flex e-con e-child\" data-id=\"9ca397e\" data-element_type=\"container\" data-e-type=\"container\">\n\t\t\t\t<div class=\"elementor-element elementor-element-4806a15 elementor-widget elementor-widget-heading\" data-id=\"4806a15\" data-element_type=\"widget\" data-e-type=\"widget\" data-widget_type=\"heading.default\">\n\t\t\t\t<div class=\"elementor-widget-container\">\n\t\t\t\t\t<h2 class=\"elementor-heading-title elementor-size-default\">Tourismus<\/h2>\t\t\t\t<\/div>\n\t\t\t\t<\/div>\n\t\t\t\t<div class=\"elementor-element elementor-element-6fc4f77 elementor-widget elementor-widget-text-editor\" data-id=\"6fc4f77\" data-element_type=\"widget\" data-e-type=\"widget\" data-widget_type=\"text-editor.default\">\n\t\t\t\t<div class=\"elementor-widget-container\">\n\t\t\t\t\t\t\t\t\t<p>Das Caddemm Hotel wurde als Stadthotel im Rahmen des Markenprojekts Caddemm konzipiert und liegt im Herzen von Famagusta. Es bietet 110 Betten, einen Fitnessraum und ein Wellnesscenter, einen Au\u00dfenpool, ein Pool-Bar-Restaurant, eine Lobby-Bar, eine Konditorei und einen Geschenkeladen.<\/p><p>Die Einnahmen aus dem Tourismus nehmen einen sehr wichtigen Platz in der Wirtschaft der TRNZ ein, da jedes Jahr Millionen von Touristen das Hotel besuchen. Die Akol Global, die sich ernsthaft um den Beitrag des Tourismus zur Wirtschaft k\u00fcmmert und der Meinung ist, dass selbst die kleinsten Investitionen das Potenzial haben, gro\u00dfe nationale Gewinne zu bringen, hat 2013 begonnen, in den Tourismussektor zu investieren.<\/p><p>Die Akol Global ist f\u00fchrend bei der Steigerung der Tourismuskapazit\u00e4t der TRNZ mit drei gro\u00dfen Hotelinvestitionen, die f\u00fcr 2021 geplant sind und den Markenwert Nordzyperns erh\u00f6hen werden.<\/p>\t\t\t\t\t\t\t\t<\/div>\n\t\t\t\t<\/div>\n\t\t\t\t<\/div>\n\t\t\t\t\t<\/div>\n\t\t\t\t<\/div>\n\t\t<div class=\"elementor-element elementor-element-cb9bac9 e-flex e-con-boxed e-con e-parent\" data-id=\"cb9bac9\" data-element_type=\"container\" data-e-type=\"container\">\n\t\t\t\t\t<div class=\"e-con-inner\">\n\t\t<div class=\"elementor-element elementor-element-9cb2420 e-con-full e-flex e-con e-child\" data-id=\"9cb2420\" data-element_type=\"container\" data-e-type=\"container\">\n\t\t\t\t<div class=\"elementor-element elementor-element-0d3256b elementor-widget elementor-widget-heading\" data-id=\"0d3256b\" data-element_type=\"widget\" data-e-type=\"widget\" data-widget_type=\"heading.default\">\n\t\t\t\t<div class=\"elementor-widget-container\">\n\t\t\t\t\t<h2 class=\"elementor-heading-title elementor-size-default\">Medya<\/h2>\t\t\t\t<\/div>\n\t\t\t\t<\/div>\n\t\t\t\t<div class=\"elementor-element elementor-element-5e80dd9 elementor-widget elementor-widget-text-editor\" data-id=\"5e80dd9\" data-element_type=\"widget\" data-e-type=\"widget\" data-widget_type=\"text-editor.default\">\n\t\t\t\t<div class=\"elementor-widget-container\">\n\t\t\t\t\t\t\t\t\t<p>Die zypriotische BAGIMSIZ MEDIA GROUP hat sich zum Ziel gesetzt, das Medienerlebnis zu bereichern, indem sie innovative L\u00f6sungen im Bereich der digitalen Medien anbietet. BAGIMSIZ Media, das \u00fcber mobile Anwendungen, interaktive Websites und Social-Media-Plattformen Zugang zu verschiedenen Inhalten bietet, macht durch seine starke Publikumsbindung auf sich aufmerksam. Im Rahmen der professionellen Grunds\u00e4tze des Journalismus mit dem Slogan \"Auf der Seite des Volkes und der Gerechten\" betont die BAGIMSIZ Media Group die soziale Verantwortung durch objektiven und unparteiischen Journalismus, indem sie die traditionelle Medienkultur auf digitale Medien \u00fcbertr\u00e4gt. Durch die Produktion wertvoller Inhalte in den Bereichen Nachrichten, Kultur, Bildung und Unterhaltung leistet BA\u011eIMSIZ mit seinen verschiedenen Aktivit\u00e4ten einen Beitrag zur Kommunikationsinfrastruktur Nordzyperns und unterstreicht die Bedeutung einer nachhaltigen und effektiven Kommunikation.<\/p>\t\t\t\t\t\t\t\t<\/div>\n\t\t\t\t<\/div>\n\t\t\t\t<\/div>\n\t\t<div class=\"elementor-element elementor-element-5dfe121 e-con-full e-flex e-con e-child\" data-id=\"5dfe121\" data-element_type=\"container\" data-e-type=\"container\" data-settings=\"{&quot;background_background&quot;:&quot;classic&quot;}\">\n\t\t\t\t<\/div>\n\t\t\t\t\t<\/div>\n\t\t\t\t<\/div>\n\t\t\t\t<\/div>","protected":false},"excerpt":{"rendered":"<p>\u0130n\u015faat K\u0131br\u0131s T\u00fcrk \u0130n\u015faat M\u00fcteahhitleri Birli\u011fi \u00fcyesi olan Akol Global, en \u00fcst d\u00fczey m\u00fcteahhitlik karnesi sahibidir ve in\u015faat sekt\u00f6r\u00fcnde lider [&hellip;]<\/p>\n","protected":false},"author":1,"featured_media":0,"parent":0,"menu_order":0,"comment_status":"closed","ping_status":"closed","template":"","meta":{"footnotes":""},"class_list":["post-612","page","type-page","status-publish","hentry"],"yoast_head":"<!-- This site is optimized with the Yoast SEO Premium plugin v25.6 (Yoast SEO v27.5) - https:\/\/yoast.com\/product\/yoast-seo-premium-wordpress\/ -->\n<title>Faaliyet Alanlar\u0131m\u0131z - Akol Global | Kuzey K\u0131br\u0131s\u2019\u0131n G\u00fcvenilir \u0130n\u015faat ve Gayrimenkul \u015eirketi<\/title>\n<meta name=\"description\" content=\"Faaliyet Alanlar\u0131m\u0131z Akol Global \u0130n\u015faat, konut, ticari yap\u0131lar, altyap\u0131 projeleri in\u015fas\u0131nda uzmanla\u015fm\u0131\u015f lider bir firmad\u0131r.\" \/>\n<meta name=\"robots\" content=\"index, follow, max-snippet:-1, max-image-preview:large, max-video-preview:-1\" \/>\n<link rel=\"canonical\" href=\"https:\/\/akolglobal.com\/de\/tatigkeitsbereiche\/\" \/>\n<meta property=\"og:locale\" content=\"de_DE\" \/>\n<meta property=\"og:type\" content=\"article\" \/>\n<meta property=\"og:title\" content=\"Faaliyet Alanlar\u0131m\u0131z\" \/>\n<meta property=\"og:description\" content=\"Faaliyet Alanlar\u0131m\u0131z Akol Global \u0130n\u015faat, konut, ticari yap\u0131lar, altyap\u0131 projeleri in\u015fas\u0131nda uzmanla\u015fm\u0131\u015f lider bir firmad\u0131r.\" \/>\n<meta property=\"og:url\" content=\"https:\/\/akolglobal.com\/de\/tatigkeitsbereiche\/\" \/>\n<meta property=\"og:site_name\" content=\"Akol Global | Kuzey K\u0131br\u0131s\u2019\u0131n G\u00fcvenilir \u0130n\u015faat ve Gayrimenkul \u015eirketi\" \/>\n<meta property=\"article:publisher\" content=\"https:\/\/www.facebook.com\/akolglobal\/\" \/>\n<meta property=\"article:modified_time\" content=\"2024-10-02T06:18:59+00:00\" \/>\n<meta property=\"og:image\" content=\"https:\/\/akolglobal.com\/wp-content\/uploads\/2025\/10\/akolglobalherobanner.png\" \/>\n\t<meta property=\"og:image:width\" content=\"1920\" \/>\n\t<meta property=\"og:image:height\" content=\"1080\" \/>\n\t<meta property=\"og:image:type\" content=\"image\/png\" \/>\n<meta name=\"twitter:card\" content=\"summary_large_image\" \/>\n<meta name=\"twitter:site\" content=\"@AkolGlobal\" \/>\n<meta name=\"twitter:label1\" content=\"Gesch\u00e4tzte Lesezeit\" \/>\n\t<meta name=\"twitter:data1\" content=\"3\u00a0Minuten\" \/>\n<script type=\"application\/ld+json\" class=\"yoast-schema-graph\">{\"@context\":\"https:\\\/\\\/schema.org\",\"@graph\":[{\"@type\":\"WebPage\",\"@id\":\"https:\\\/\\\/akolglobal.com\\\/tr\\\/faaliyet-alanlarimiz\\\/\",\"url\":\"https:\\\/\\\/akolglobal.com\\\/tr\\\/faaliyet-alanlarimiz\\\/\",\"name\":\"Faaliyet Alanlar\u0131m\u0131z - Akol Global | Kuzey K\u0131br\u0131s\u2019\u0131n G\u00fcvenilir \u0130n\u015faat ve Gayrimenkul \u015eirketi\",\"isPartOf\":{\"@id\":\"https:\\\/\\\/akolglobal.com\\\/#website\"},\"datePublished\":\"2023-10-30T07:45:30+00:00\",\"dateModified\":\"2024-10-02T06:18:59+00:00\",\"description\":\"Faaliyet Alanlar\u0131m\u0131z Akol Global \u0130n\u015faat, konut, ticari yap\u0131lar, altyap\u0131 projeleri in\u015fas\u0131nda uzmanla\u015fm\u0131\u015f lider bir firmad\u0131r.\",\"breadcrumb\":{\"@id\":\"https:\\\/\\\/akolglobal.com\\\/tr\\\/faaliyet-alanlarimiz\\\/#breadcrumb\"},\"inLanguage\":\"de\",\"potentialAction\":[{\"@type\":\"ReadAction\",\"target\":[\"https:\\\/\\\/akolglobal.com\\\/tr\\\/faaliyet-alanlarimiz\\\/\"]}]},{\"@type\":\"BreadcrumbList\",\"@id\":\"https:\\\/\\\/akolglobal.com\\\/tr\\\/faaliyet-alanlarimiz\\\/#breadcrumb\",\"itemListElement\":[{\"@type\":\"ListItem\",\"position\":1,\"name\":\"Anasayfa\",\"item\":\"https:\\\/\\\/akolglobal.com\\\/tr\\\/\"},{\"@type\":\"ListItem\",\"position\":2,\"name\":\"Faaliyet Alanlar\u0131m\u0131z\"}]},{\"@type\":\"WebSite\",\"@id\":\"https:\\\/\\\/akolglobal.com\\\/#website\",\"url\":\"https:\\\/\\\/akolglobal.com\\\/\",\"name\":\"Akol Global | Kuzey K\u0131br\u0131s\u2019\u0131n G\u00fcvenilir \u0130n\u015faat ve Gayrimenkul \u015eirketi\",\"description\":\"Kuzey K\u0131br\u0131s\u2019\u0131n k\u00f6kl\u00fc in\u015faat \u015firketi Akol Global, Akdeniz\u2019in en se\u00e7kin b\u00f6lgelerinde l\u00fcks konut projeleri, y\u00fcksek kazan\u00e7l\u0131 yat\u0131r\u0131m f\u0131rsatlar\u0131 ve modern ya\u015fam alanlar\u0131 sunar.\",\"potentialAction\":[{\"@type\":\"SearchAction\",\"target\":{\"@type\":\"EntryPoint\",\"urlTemplate\":\"https:\\\/\\\/akolglobal.com\\\/?s={search_term_string}\"},\"query-input\":{\"@type\":\"PropertyValueSpecification\",\"valueRequired\":true,\"valueName\":\"search_term_string\"}}],\"inLanguage\":\"de\"}]}<\/script>\n<!-- \/ Yoast SEO Premium plugin. -->","yoast_head_json":{"title":"Faaliyet Alanlar\u0131m\u0131z - Akol Global | Kuzey K\u0131br\u0131s\u2019\u0131n G\u00fcvenilir \u0130n\u015faat ve Gayrimenkul \u015eirketi","description":"Faaliyet Alanlar\u0131m\u0131z Akol Global \u0130n\u015faat, konut, ticari yap\u0131lar, altyap\u0131 projeleri in\u015fas\u0131nda uzmanla\u015fm\u0131\u015f lider bir firmad\u0131r.","robots":{"index":"index","follow":"follow","max-snippet":"max-snippet:-1","max-image-preview":"max-image-preview:large","max-video-preview":"max-video-preview:-1"},"canonical":"https:\/\/akolglobal.com\/de\/tatigkeitsbereiche\/","og_locale":"de_DE","og_type":"article","og_title":"Faaliyet Alanlar\u0131m\u0131z","og_description":"Faaliyet Alanlar\u0131m\u0131z Akol Global \u0130n\u015faat, konut, ticari yap\u0131lar, altyap\u0131 projeleri in\u015fas\u0131nda uzmanla\u015fm\u0131\u015f lider bir firmad\u0131r.","og_url":"https:\/\/akolglobal.com\/de\/tatigkeitsbereiche\/","og_site_name":"Akol Global | Kuzey K\u0131br\u0131s\u2019\u0131n G\u00fcvenilir \u0130n\u015faat ve Gayrimenkul \u015eirketi","article_publisher":"https:\/\/www.facebook.com\/akolglobal\/","article_modified_time":"2024-10-02T06:18:59+00:00","og_image":[{"width":1920,"height":1080,"url":"https:\/\/akolglobal.com\/wp-content\/uploads\/2025\/10\/akolglobalherobanner.png","type":"image\/png"}],"twitter_card":"summary_large_image","twitter_site":"@AkolGlobal","twitter_misc":{"Gesch\u00e4tzte Lesezeit":"3\u00a0Minuten"},"schema":{"@context":"https:\/\/schema.org","@graph":[{"@type":"WebPage","@id":"https:\/\/akolglobal.com\/tr\/faaliyet-alanlarimiz\/","url":"https:\/\/akolglobal.com\/tr\/faaliyet-alanlarimiz\/","name":"Faaliyet Alanlar\u0131m\u0131z - Akol Global | Kuzey K\u0131br\u0131s\u2019\u0131n G\u00fcvenilir \u0130n\u015faat ve Gayrimenkul \u015eirketi","isPartOf":{"@id":"https:\/\/akolglobal.com\/#website"},"datePublished":"2023-10-30T07:45:30+00:00","dateModified":"2024-10-02T06:18:59+00:00","description":"Faaliyet Alanlar\u0131m\u0131z Akol Global \u0130n\u015faat, konut, ticari yap\u0131lar, altyap\u0131 projeleri in\u015fas\u0131nda uzmanla\u015fm\u0131\u015f lider bir firmad\u0131r.","breadcrumb":{"@id":"https:\/\/akolglobal.com\/tr\/faaliyet-alanlarimiz\/#breadcrumb"},"inLanguage":"de","potentialAction":[{"@type":"ReadAction","target":["https:\/\/akolglobal.com\/tr\/faaliyet-alanlarimiz\/"]}]},{"@type":"BreadcrumbList","@id":"https:\/\/akolglobal.com\/tr\/faaliyet-alanlarimiz\/#breadcrumb","itemListElement":[{"@type":"ListItem","position":1,"name":"Anasayfa","item":"https:\/\/akolglobal.com\/tr\/"},{"@type":"ListItem","position":2,"name":"Faaliyet Alanlar\u0131m\u0131z"}]},{"@type":"WebSite","@id":"https:\/\/akolglobal.com\/#website","url":"https:\/\/akolglobal.com\/","name":"Akol Global | Kuzey K\u0131br\u0131s\u2019\u0131n G\u00fcvenilir \u0130n\u015faat ve Gayrimenkul \u015eirketi","description":"Kuzey K\u0131br\u0131s\u2019\u0131n k\u00f6kl\u00fc in\u015faat \u015firketi Akol Global, Akdeniz\u2019in en se\u00e7kin b\u00f6lgelerinde l\u00fcks konut projeleri, y\u00fcksek kazan\u00e7l\u0131 yat\u0131r\u0131m f\u0131rsatlar\u0131 ve modern ya\u015fam alanlar\u0131 sunar.","potentialAction":[{"@type":"SearchAction","target":{"@type":"EntryPoint","urlTemplate":"https:\/\/akolglobal.com\/?s={search_term_string}"},"query-input":{"@type":"PropertyValueSpecification","valueRequired":true,"valueName":"search_term_string"}}],"inLanguage":"de"}]}},"_links":{"self":[{"href":"https:\/\/akolglobal.com\/de\/wp-json\/wp\/v2\/pages\/612","targetHints":{"allow":["GET"]}}],"collection":[{"href":"https:\/\/akolglobal.com\/de\/wp-json\/wp\/v2\/pages"}],"about":[{"href":"https:\/\/akolglobal.com\/de\/wp-json\/wp\/v2\/types\/page"}],"author":[{"embeddable":true,"href":"https:\/\/akolglobal.com\/de\/wp-json\/wp\/v2\/users\/1"}],"replies":[{"embeddable":true,"href":"https:\/\/akolglobal.com\/de\/wp-json\/wp\/v2\/comments?post=612"}],"version-history":[{"count":44,"href":"https:\/\/akolglobal.com\/de\/wp-json\/wp\/v2\/pages\/612\/revisions"}],"predecessor-version":[{"id":17444,"href":"https:\/\/akolglobal.com\/de\/wp-json\/wp\/v2\/pages\/612\/revisions\/17444"}],"wp:attachment":[{"href":"https:\/\/akolglobal.com\/de\/wp-json\/wp\/v2\/media?parent=612"}],"curies":[{"name":"wp","href":"https:\/\/api.w.org\/{rel}","templated":true}]}}