{"id":69,"date":"2022-07-27T08:06:51","date_gmt":"2022-07-27T08:06:51","guid":{"rendered":"https:\/\/akolglobal.com\/contact\/"},"modified":"2024-12-24T11:57:08","modified_gmt":"2024-12-24T08:57:08","slug":"musteri-form-sayfasi","status":"publish","type":"page","link":"https:\/\/akolglobal.com\/en\/musteri-form-sayfasi\/","title":{"rendered":"M\u00fc\u015fteri Form Sayfas\u0131"},"content":{"rendered":"\t\t<div data-elementor-type=\"wp-page\" data-elementor-id=\"69\" class=\"elementor elementor-69\" data-elementor-settings=\"{&quot;element_pack_global_tooltip_width&quot;:{&quot;unit&quot;:&quot;px&quot;,&quot;size&quot;:&quot;&quot;,&quot;sizes&quot;:[]},&quot;element_pack_global_tooltip_width_tablet&quot;:{&quot;unit&quot;:&quot;px&quot;,&quot;size&quot;:&quot;&quot;,&quot;sizes&quot;:[]},&quot;element_pack_global_tooltip_width_mobile&quot;:{&quot;unit&quot;:&quot;px&quot;,&quot;size&quot;:&quot;&quot;,&quot;sizes&quot;:[]},&quot;element_pack_global_tooltip_padding&quot;:{&quot;unit&quot;:&quot;px&quot;,&quot;top&quot;:&quot;&quot;,&quot;right&quot;:&quot;&quot;,&quot;bottom&quot;:&quot;&quot;,&quot;left&quot;:&quot;&quot;,&quot;isLinked&quot;:true},&quot;element_pack_global_tooltip_padding_tablet&quot;:{&quot;unit&quot;:&quot;px&quot;,&quot;top&quot;:&quot;&quot;,&quot;right&quot;:&quot;&quot;,&quot;bottom&quot;:&quot;&quot;,&quot;left&quot;:&quot;&quot;,&quot;isLinked&quot;:true},&quot;element_pack_global_tooltip_padding_mobile&quot;:{&quot;unit&quot;:&quot;px&quot;,&quot;top&quot;:&quot;&quot;,&quot;right&quot;:&quot;&quot;,&quot;bottom&quot;:&quot;&quot;,&quot;left&quot;:&quot;&quot;,&quot;isLinked&quot;:true},&quot;element_pack_global_tooltip_border_radius&quot;:{&quot;unit&quot;:&quot;px&quot;,&quot;top&quot;:&quot;&quot;,&quot;right&quot;:&quot;&quot;,&quot;bottom&quot;:&quot;&quot;,&quot;left&quot;:&quot;&quot;,&quot;isLinked&quot;:true},&quot;element_pack_global_tooltip_border_radius_tablet&quot;:{&quot;unit&quot;:&quot;px&quot;,&quot;top&quot;:&quot;&quot;,&quot;right&quot;:&quot;&quot;,&quot;bottom&quot;:&quot;&quot;,&quot;left&quot;:&quot;&quot;,&quot;isLinked&quot;:true},&quot;element_pack_global_tooltip_border_radius_mobile&quot;:{&quot;unit&quot;:&quot;px&quot;,&quot;top&quot;:&quot;&quot;,&quot;right&quot;:&quot;&quot;,&quot;bottom&quot;:&quot;&quot;,&quot;left&quot;:&quot;&quot;,&quot;isLinked&quot;:true}}\" data-elementor-post-type=\"page\">\n\t\t\t\t<div class=\"elementor-element elementor-element-1fa23bf e-con-full e-flex e-con e-parent\" data-id=\"1fa23bf\" data-element_type=\"container\" data-e-type=\"container\" data-settings=\"{&quot;background_background&quot;:&quot;classic&quot;}\">\n\t\t<div class=\"elementor-element elementor-element-9062a2e e-con-full e-flex e-con e-child\" data-id=\"9062a2e\" data-element_type=\"container\" data-e-type=\"container\">\n\t\t\t\t<div class=\"elementor-element elementor-element-a0ade77 elementor-widget elementor-widget-image\" data-id=\"a0ade77\" data-element_type=\"widget\" data-e-type=\"widget\" data-widget_type=\"image.default\">\n\t\t\t\t<div class=\"elementor-widget-container\">\n\t\t\t\t\t\t\t\t\t\t\t\t\t\t\t<img fetchpriority=\"high\" decoding=\"async\" width=\"1000\" height=\"758\" src=\"https:\/\/akolglobal.com\/wp-content\/uploads\/2024\/12\/akol-global-1024x776.png\" class=\"attachment-large size-large wp-image-17924\" alt=\"\" srcset=\"https:\/\/akolglobal.com\/wp-content\/uploads\/2024\/12\/akol-global-1024x776.png 1024w, https:\/\/akolglobal.com\/wp-content\/uploads\/2024\/12\/akol-global-300x227.png 300w, https:\/\/akolglobal.com\/wp-content\/uploads\/2024\/12\/akol-global-768x582.png 768w, https:\/\/akolglobal.com\/wp-content\/uploads\/2024\/12\/akol-global-16x12.png 16w, https:\/\/akolglobal.com\/wp-content\/uploads\/2024\/12\/akol-global-650x493.png 650w, https:\/\/akolglobal.com\/wp-content\/uploads\/2024\/12\/akol-global.png 1223w\" sizes=\"(max-width: 1000px) 100vw, 1000px\" \/>\t\t\t\t\t\t\t\t\t\t\t\t\t\t\t<\/div>\n\t\t\t\t<\/div>\n\t\t\t\t<\/div>\n\t\t\t\t<\/div>\n\t\t<div class=\"elementor-element elementor-element-fad1b96 e-grid e-con-full e-con e-parent\" data-id=\"fad1b96\" data-element_type=\"container\" data-e-type=\"container\" data-settings=\"{&quot;background_background&quot;:&quot;classic&quot;}\">\n\t\t<div class=\"elementor-element elementor-element-141e0b3 e-con-full e-flex e-con e-child\" data-id=\"141e0b3\" data-element_type=\"container\" data-e-type=\"container\">\n\t\t\t\t<div class=\"elementor-element elementor-element-9e0bc96 elementor-widget elementor-widget-bdt-advanced-heading\" data-id=\"9e0bc96\" data-element_type=\"widget\" data-e-type=\"widget\" data-widget_type=\"bdt-advanced-heading.default\">\n\t\t\t\t<div class=\"elementor-widget-container\">\n\t\t\t\t\t<div id=\"9e0bc96\" class=\"bdt-ep-advanced-heading\" data-settings=\"{&quot;titleMultiColor&quot;:&quot;no&quot;}\"><h2 class=\"bdt-ep-advanced-heading-title\"><span class=\"bdt-ep-advanced-heading-main-title\"><span class=\"bdt-ep-advanced-heading-main-title-inner\">Daha \u0130yi Bir<\/span><span class=\"bdt-mainh-split-text\">Ya\u015fam Kalitesi<\/span><\/span><\/h2><\/div>\t\t\t\t<\/div>\n\t\t\t\t<\/div>\n\t\t\t\t<div class=\"elementor-element elementor-element-80eaf6f elementor-widget elementor-widget-text-editor\" data-id=\"80eaf6f\" data-element_type=\"widget\" data-e-type=\"widget\" data-widget_type=\"text-editor.default\">\n\t\t\t\t<div class=\"elementor-widget-container\">\n\t\t\t\t\t\t\t\t\t<p>Kuzey K\u0131br\u0131s&#8217;taki Akol Global&#8217;in g\u00fcncel projeleri hakk\u0131nda detayl\u0131 bilgi almak i\u00e7in a\u015fa\u011f\u0131daki formu doldurabilirsiniz.<\/p>\t\t\t\t\t\t\t\t<\/div>\n\t\t\t\t<\/div>\n\t\t\t\t<div class=\"elementor-element elementor-element-8d07fa6 elementor-button-align-stretch elementor-widget elementor-widget-form\" data-id=\"8d07fa6\" data-element_type=\"widget\" data-e-type=\"widget\" data-settings=\"{&quot;step_next_label&quot;:&quot;\\u00d6nceki&quot;,&quot;step_previous_label&quot;:&quot;Sonraki&quot;,&quot;button_width&quot;:&quot;100&quot;,&quot;step_type&quot;:&quot;number_text&quot;,&quot;step_icon_shape&quot;:&quot;circle&quot;}\" data-widget_type=\"form.default\">\n\t\t\t\t<div class=\"elementor-widget-container\">\n\t\t\t\t\t\t\t<form class=\"elementor-form\" method=\"post\" id=\"lead_form\" name=\"Lead Form\" aria-label=\"Lead Form\">\n\t\t\t<input type=\"hidden\" name=\"post_id\" value=\"69\"\/>\n\t\t\t<input type=\"hidden\" name=\"form_id\" value=\"8d07fa6\"\/>\n\t\t\t<input type=\"hidden\" name=\"referer_title\" value=\"M\u00fc\u015fteri Form Sayfas\u0131 - Akol Global | Kuzey K\u0131br\u0131s\u2019\u0131n G\u00fcvenilir \u0130n\u015faat ve Gayrimenkul \u015eirketi\" \/>\n\n\t\t\t\t\t\t\t<input type=\"hidden\" name=\"queried_id\" value=\"69\"\/>\n\t\t\t\n\t\t\t<div class=\"elementor-form-fields-wrapper elementor-labels-above\">\n\t\t\t\t\t\t\t\t<div class=\"elementor-field-type-html elementor-field-group elementor-column elementor-field-group-field_f589c46 elementor-col-100\">\n\t\t\t\t\t<h3 style=\"margin-bottom:0; color:black; text-align:center; font-weight:900;\">Formu Doldur<\/h3>\n<p style=\"text-align:center; font-weight:400;\">M\u00fc\u015fteri temsilcimiz sana yard\u0131mc\u0131 olsun!<\/p>\t\t\t\t<\/div>\n\t\t\t\t\t\t\t\t<div class=\"elementor-field-type-text elementor-field-group elementor-column elementor-field-group-ad elementor-col-50 elementor-field-required elementor-mark-required\">\n\t\t\t\t\t\t\t\t\t\t\t\t\t<input size=\"1\" type=\"text\" name=\"form_fields[ad]\" id=\"form-field-ad\" class=\"elementor-field elementor-size-md  elementor-field-textual\" placeholder=\"Ad\" required=\"required\">\n\t\t\t\t\t\t\t\t\t\t\t<\/div>\n\t\t\t\t\t\t\t\t<div class=\"elementor-field-type-text elementor-field-group elementor-column elementor-field-group-soyad elementor-col-50 elementor-field-required elementor-mark-required\">\n\t\t\t\t\t\t\t\t\t\t\t\t\t<input size=\"1\" type=\"text\" name=\"form_fields[soyad]\" id=\"form-field-soyad\" class=\"elementor-field elementor-size-md  elementor-field-textual\" placeholder=\"Soyad\" required=\"required\">\n\t\t\t\t\t\t\t\t\t\t\t<\/div>\n\t\t\t\t\t\t\t\t<div class=\"elementor-field-type-tel elementor-field-group elementor-column elementor-field-group-tel elementor-col-50 elementor-field-required elementor-mark-required\">\n\t\t\t\t\t\t\t<input size=\"1\" type=\"tel\" name=\"form_fields[tel]\" id=\"form-field-tel\" class=\"elementor-field elementor-size-md  elementor-field-textual\" placeholder=\"Cep Telefonu\" required=\"required\" pattern=\"[0-9()#&amp;+*-=.]+\" title=\"\u041f\u0440\u0438\u043d\u0438\u043c\u0430\u044e\u0442\u0441\u044f \u0442\u043e\u043b\u044c\u043a\u043e \u0446\u0438\u0444\u0440\u044b \u0438 \u0442\u0435\u043b\u0435\u0444\u043e\u043d\u043d\u044b\u0435 \u0441\u0438\u043c\u0432\u043e\u043b\u044b (#, -, * \u0438 \u0442. \u0434.).\">\n\n\t\t\t\t\t\t<\/div>\n\t\t\t\t\t\t\t\t<div class=\"elementor-field-type-email elementor-field-group elementor-column elementor-field-group-email elementor-col-50\">\n\t\t\t\t\t\t\t\t\t\t\t\t\t<input size=\"1\" type=\"email\" name=\"form_fields[email]\" id=\"form-field-email\" class=\"elementor-field elementor-size-md  elementor-field-textual\" placeholder=\"E-Posta\">\n\t\t\t\t\t\t\t\t\t\t\t<\/div>\n\t\t\t\t\t\t\t\t<div class=\"elementor-field-type-select elementor-field-group elementor-column elementor-field-group-tip elementor-col-100 elementor-field-required elementor-mark-required\">\n\t\t\t\t\t\t\t<div class=\"elementor-field elementor-select-wrapper remove-before \">\n\t\t\t<div class=\"select-caret-down-wrapper\">\n\t\t\t\t<svg aria-hidden=\"true\" class=\"e-font-icon-svg e-eicon-caret-down\" viewBox=\"0 0 571.4 571.4\" xmlns=\"http:\/\/www.w3.org\/2000\/svg\"><path d=\"M571 393Q571 407 561 418L311 668Q300 679 286 679T261 668L11 418Q0 407 0 393T11 368 36 357H536Q550 357 561 368T571 393Z\"><\/path><\/svg>\t\t\t<\/div>\n\t\t\t<select name=\"form_fields[tip]\" id=\"form-field-tip\" class=\"elementor-field-textual elementor-size-md\" required=\"required\">\n\t\t\t\t\t\t\t\t\t<option value=\"\u0130lgilendi\u011finiz Gayrimenkul Tipi\">\u0130lgilendi\u011finiz Gayrimenkul Tipi<\/option>\n\t\t\t\t\t\t\t\t\t<option value=\"Loft\">Loft<\/option>\n\t\t\t\t\t\t\t\t\t<option value=\"1+0\">1+0<\/option>\n\t\t\t\t\t\t\t\t\t<option value=\"1+1\">1+1<\/option>\n\t\t\t\t\t\t\t\t\t<option value=\"2+1\">2+1<\/option>\n\t\t\t\t\t\t\t\t\t<option value=\"3+1\">3+1<\/option>\n\t\t\t\t\t\t\t<\/select>\n\t\t<\/div>\n\t\t\t\t\t\t<\/div>\n\t\t\t\t\t\t\t\t<div class=\"elementor-field-type-select elementor-field-group elementor-column elementor-field-group-butce elementor-col-100 elementor-field-required elementor-mark-required\">\n\t\t\t\t\t\t\t<div class=\"elementor-field elementor-select-wrapper remove-before \">\n\t\t\t<div class=\"select-caret-down-wrapper\">\n\t\t\t\t<svg aria-hidden=\"true\" class=\"e-font-icon-svg e-eicon-caret-down\" viewBox=\"0 0 571.4 571.4\" xmlns=\"http:\/\/www.w3.org\/2000\/svg\"><path d=\"M571 393Q571 407 561 418L311 668Q300 679 286 679T261 668L11 418Q0 407 0 393T11 368 36 357H536Q550 357 561 368T571 393Z\"><\/path><\/svg>\t\t\t<\/div>\n\t\t\t<select name=\"form_fields[butce]\" id=\"form-field-butce\" class=\"elementor-field-textual elementor-size-md\" required=\"required\">\n\t\t\t\t\t\t\t\t\t<option value=\"\u0130lgilendi\u011finiz Fiyat Aral\u0131\u011f\u0131\">\u0130lgilendi\u011finiz Fiyat Aral\u0131\u011f\u0131<\/option>\n\t\t\t\t\t\t\t\t\t<option value=\"\u00a3100.000 - \u00a3150.000\">\u00a3100.000 - \u00a3150.000<\/option>\n\t\t\t\t\t\t\t\t\t<option value=\"\u00a3150.000 - \u00a3200.000\">\u00a3150.000 - \u00a3200.000<\/option>\n\t\t\t\t\t\t\t\t\t<option value=\"\u00a3200.000 - \u00a3250.000\">\u00a3200.000 - \u00a3250.000<\/option>\n\t\t\t\t\t\t\t\t\t<option value=\"\u00a3250.000 - \u00a3300.000\">\u00a3250.000 - \u00a3300.000<\/option>\n\t\t\t\t\t\t\t\t\t<option value=\"\u00a3300.000 - \u00a3400.000\">\u00a3300.000 - \u00a3400.000<\/option>\n\t\t\t\t\t\t\t\t\t<option value=\"\u00a3500.000+\">\u00a3500.000+<\/option>\n\t\t\t\t\t\t\t<\/select>\n\t\t<\/div>\n\t\t\t\t\t\t<\/div>\n\t\t\t\t\t\t\t\t<div class=\"elementor-field-type-acceptance elementor-field-group elementor-column elementor-field-group-onay elementor-col-100 elementor-field-required elementor-mark-required\">\n\t\t\t\t\t\t\t<div class=\"elementor-field-subgroup\">\n\t\t\t<span class=\"elementor-field-option\">\n\t\t\t\t<input type=\"checkbox\" name=\"form_fields[onay]\" id=\"form-field-onay\" class=\"elementor-field elementor-size-md  elementor-acceptance-field\" required=\"required\" checked=\"checked\">\n\t\t\t\t<label for=\"form-field-onay\">\u0130leti\u015fim bilgilerimin kampanyalarda kullan\u0131lmas\u0131na onay veriyorum<\/label>\t\t\t<\/span>\n\t\t<\/div>\n\t\t\t\t\t\t<\/div>\n\t\t\t\t\t\t\t\t<div class=\"elementor-field-type-recaptcha_v3 elementor-field-group elementor-column elementor-field-group-field_628ae41 elementor-col-100 recaptcha_v3-bottomright\">\n\t\t\t\t\t<div class=\"elementor-field\" id=\"form-field-field_628ae41\"><div class=\"elementor-g-recaptcha\" data-sitekey=\"6LfXlAIqAAAAAD-gIFpplchRkicG01ithGiV0nL3\" data-type=\"v3\" data-action=\"Form\" data-badge=\"bottomright\" data-size=\"invisible\"><\/div><\/div>\t\t\t\t<\/div>\n\t\t\t\t\t\t\t\t<div class=\"elementor-field-group elementor-column elementor-field-type-submit elementor-col-100 e-form__buttons\">\n\t\t\t\t\t<button class=\"elementor-button elementor-size-sm\" type=\"submit\" id=\"lead_form_submit\">\n\t\t\t\t\t\t<span class=\"elementor-button-content-wrapper\">\n\t\t\t\t\t\t\t\t\t\t\t\t\t\t\t\t\t\t\t\t\t\t<span class=\"elementor-button-text\">G\u00f6nder<\/span>\n\t\t\t\t\t\t\t\t\t\t\t\t\t<\/span>\n\t\t\t\t\t<\/button>\n\t\t\t\t<\/div>\n\t\t\t<\/div>\n\t\t<\/form>\n\t\t\t\t\t\t<\/div>\n\t\t\t\t<\/div>\n\t\t\t\t<\/div>\n\t\t<div class=\"elementor-element elementor-element-79d0d04 e-con-full e-flex e-con e-child\" data-id=\"79d0d04\" data-element_type=\"container\" data-e-type=\"container\" data-settings=\"{&quot;background_background&quot;:&quot;classic&quot;}\">\n\t\t\t\t<\/div>\n\t\t\t\t<\/div>\n\t\t\t\t<\/div>\n\t\t","protected":false},"excerpt":{"rendered":"<p>Daha \u0130yi BirYa\u015fam Kalitesi Kuzey K\u0131br\u0131s&#8217;taki Akol Global&#8217;in g\u00fcncel projeleri hakk\u0131nda detayl\u0131 bilgi almak i\u00e7in a\u015fa\u011f\u0131daki formu doldurabilirsiniz.<\/p>","protected":false},"author":1,"featured_media":0,"parent":0,"menu_order":0,"comment_status":"closed","ping_status":"closed","template":"elementor_canvas","meta":{"footnotes":""},"class_list":["post-69","page","type-page","status-publish","hentry"],"yoast_head":"<!-- This site is optimized with the Yoast SEO Premium plugin v25.6 (Yoast SEO v27.4) - https:\/\/yoast.com\/product\/yoast-seo-premium-wordpress\/ -->\n<title>M\u00fc\u015fteri Form Sayfas\u0131 - Akol Global | Kuzey K\u0131br\u0131s\u2019\u0131n G\u00fcvenilir \u0130n\u015faat ve Gayrimenkul \u015eirketi<\/title>\n<meta name=\"description\" content=\"Akol Global \u0130n\u015faat ile projelerinizi hayata ge\u00e7irin. Profesyonel ekip ve yenilik\u00e7i \u00e7\u00f6z\u00fcmlerimizle size hizmet vermek i\u00e7in \u0130leti\u015fim e ge\u00e7in\" \/>\n<meta name=\"robots\" content=\"index, follow, max-snippet:-1, max-image-preview:large, max-video-preview:-1\" \/>\n<link rel=\"canonical\" href=\"https:\/\/akolglobal.com\/en\/musteri-form-sayfasi\/\" \/>\n<meta property=\"og:locale\" content=\"en_GB\" \/>\n<meta property=\"og:type\" content=\"article\" \/>\n<meta property=\"og:title\" content=\"M\u00fc\u015fteri Form Sayfas\u0131\" \/>\n<meta property=\"og:description\" content=\"Akol Global \u0130n\u015faat ile projelerinizi hayata ge\u00e7irin. Profesyonel ekip ve yenilik\u00e7i \u00e7\u00f6z\u00fcmlerimizle size hizmet vermek i\u00e7in \u0130leti\u015fim e ge\u00e7in\" \/>\n<meta property=\"og:url\" content=\"https:\/\/akolglobal.com\/en\/musteri-form-sayfasi\/\" \/>\n<meta property=\"og:site_name\" content=\"Akol Global | Kuzey K\u0131br\u0131s\u2019\u0131n G\u00fcvenilir \u0130n\u015faat ve Gayrimenkul \u015eirketi\" \/>\n<meta property=\"article:publisher\" content=\"https:\/\/www.facebook.com\/akolglobal\/\" \/>\n<meta property=\"article:modified_time\" content=\"2024-12-24T08:57:08+00:00\" \/>\n<meta property=\"og:image\" content=\"https:\/\/akolglobal.com\/wp-content\/uploads\/2024\/12\/akol-global.png\" \/>\n\t<meta property=\"og:image:width\" content=\"1223\" \/>\n\t<meta property=\"og:image:height\" content=\"927\" \/>\n\t<meta property=\"og:image:type\" content=\"image\/png\" \/>\n<meta name=\"twitter:card\" content=\"summary_large_image\" \/>\n<meta name=\"twitter:site\" content=\"@AkolGlobal\" \/>\n<meta name=\"twitter:label1\" content=\"Estimated reading time\" \/>\n\t<meta name=\"twitter:data1\" content=\"1 minute\" \/>\n<script type=\"application\/ld+json\" class=\"yoast-schema-graph\">{\"@context\":\"https:\\\/\\\/schema.org\",\"@graph\":[{\"@type\":\"WebPage\",\"@id\":\"https:\\\/\\\/akolglobal.com\\\/musteri-form-sayfasi\\\/\",\"url\":\"https:\\\/\\\/akolglobal.com\\\/musteri-form-sayfasi\\\/\",\"name\":\"M\u00fc\u015fteri Form Sayfas\u0131 - Akol Global | Kuzey K\u0131br\u0131s\u2019\u0131n G\u00fcvenilir \u0130n\u015faat ve Gayrimenkul \u015eirketi\",\"isPartOf\":{\"@id\":\"https:\\\/\\\/akolglobal.com\\\/#website\"},\"primaryImageOfPage\":{\"@id\":\"https:\\\/\\\/akolglobal.com\\\/musteri-form-sayfasi\\\/#primaryimage\"},\"image\":{\"@id\":\"https:\\\/\\\/akolglobal.com\\\/musteri-form-sayfasi\\\/#primaryimage\"},\"thumbnailUrl\":\"https:\\\/\\\/akolglobal.com\\\/wp-content\\\/uploads\\\/2024\\\/12\\\/akol-global-1024x776.png\",\"datePublished\":\"2022-07-27T08:06:51+00:00\",\"dateModified\":\"2024-12-24T08:57:08+00:00\",\"description\":\"Akol Global \u0130n\u015faat ile projelerinizi hayata ge\u00e7irin. Profesyonel ekip ve yenilik\u00e7i \u00e7\u00f6z\u00fcmlerimizle size hizmet vermek i\u00e7in \u0130leti\u015fim e ge\u00e7in\",\"breadcrumb\":{\"@id\":\"https:\\\/\\\/akolglobal.com\\\/musteri-form-sayfasi\\\/#breadcrumb\"},\"inLanguage\":\"en-GB\",\"potentialAction\":[{\"@type\":\"ReadAction\",\"target\":[\"https:\\\/\\\/akolglobal.com\\\/musteri-form-sayfasi\\\/\"]}]},{\"@type\":\"ImageObject\",\"inLanguage\":\"en-GB\",\"@id\":\"https:\\\/\\\/akolglobal.com\\\/musteri-form-sayfasi\\\/#primaryimage\",\"url\":\"https:\\\/\\\/akolglobal.com\\\/wp-content\\\/uploads\\\/2024\\\/12\\\/akol-global-1024x776.png\",\"contentUrl\":\"https:\\\/\\\/akolglobal.com\\\/wp-content\\\/uploads\\\/2024\\\/12\\\/akol-global-1024x776.png\"},{\"@type\":\"BreadcrumbList\",\"@id\":\"https:\\\/\\\/akolglobal.com\\\/musteri-form-sayfasi\\\/#breadcrumb\",\"itemListElement\":[{\"@type\":\"ListItem\",\"position\":1,\"name\":\"Anasayfa\",\"item\":\"https:\\\/\\\/akolglobal.com\\\/tr\\\/\"},{\"@type\":\"ListItem\",\"position\":2,\"name\":\"M\u00fc\u015fteri Form Sayfas\u0131\"}]},{\"@type\":\"WebSite\",\"@id\":\"https:\\\/\\\/akolglobal.com\\\/#website\",\"url\":\"https:\\\/\\\/akolglobal.com\\\/\",\"name\":\"Akol Global | Kuzey K\u0131br\u0131s\u2019\u0131n G\u00fcvenilir \u0130n\u015faat ve Gayrimenkul \u015eirketi\",\"description\":\"Kuzey K\u0131br\u0131s\u2019\u0131n k\u00f6kl\u00fc in\u015faat \u015firketi Akol Global, Akdeniz\u2019in en se\u00e7kin b\u00f6lgelerinde l\u00fcks konut projeleri, y\u00fcksek kazan\u00e7l\u0131 yat\u0131r\u0131m f\u0131rsatlar\u0131 ve modern ya\u015fam alanlar\u0131 sunar.\",\"potentialAction\":[{\"@type\":\"SearchAction\",\"target\":{\"@type\":\"EntryPoint\",\"urlTemplate\":\"https:\\\/\\\/akolglobal.com\\\/?s={search_term_string}\"},\"query-input\":{\"@type\":\"PropertyValueSpecification\",\"valueRequired\":true,\"valueName\":\"search_term_string\"}}],\"inLanguage\":\"en-GB\"}]}<\/script>\n<!-- \/ Yoast SEO Premium plugin. -->","yoast_head_json":{"title":"M\u00fc\u015fteri Form Sayfas\u0131 - Akol Global | Kuzey K\u0131br\u0131s\u2019\u0131n G\u00fcvenilir \u0130n\u015faat ve Gayrimenkul \u015eirketi","description":"Akol Global \u0130n\u015faat ile projelerinizi hayata ge\u00e7irin. Profesyonel ekip ve yenilik\u00e7i \u00e7\u00f6z\u00fcmlerimizle size hizmet vermek i\u00e7in \u0130leti\u015fim e ge\u00e7in","robots":{"index":"index","follow":"follow","max-snippet":"max-snippet:-1","max-image-preview":"max-image-preview:large","max-video-preview":"max-video-preview:-1"},"canonical":"https:\/\/akolglobal.com\/en\/musteri-form-sayfasi\/","og_locale":"en_GB","og_type":"article","og_title":"M\u00fc\u015fteri Form Sayfas\u0131","og_description":"Akol Global \u0130n\u015faat ile projelerinizi hayata ge\u00e7irin. Profesyonel ekip ve yenilik\u00e7i \u00e7\u00f6z\u00fcmlerimizle size hizmet vermek i\u00e7in \u0130leti\u015fim e ge\u00e7in","og_url":"https:\/\/akolglobal.com\/en\/musteri-form-sayfasi\/","og_site_name":"Akol Global | Kuzey K\u0131br\u0131s\u2019\u0131n G\u00fcvenilir \u0130n\u015faat ve Gayrimenkul \u015eirketi","article_publisher":"https:\/\/www.facebook.com\/akolglobal\/","article_modified_time":"2024-12-24T08:57:08+00:00","og_image":[{"width":1223,"height":927,"url":"https:\/\/akolglobal.com\/wp-content\/uploads\/2024\/12\/akol-global.png","type":"image\/png"}],"twitter_card":"summary_large_image","twitter_site":"@AkolGlobal","twitter_misc":{"Estimated reading time":"1 minute"},"schema":{"@context":"https:\/\/schema.org","@graph":[{"@type":"WebPage","@id":"https:\/\/akolglobal.com\/musteri-form-sayfasi\/","url":"https:\/\/akolglobal.com\/musteri-form-sayfasi\/","name":"M\u00fc\u015fteri Form Sayfas\u0131 - Akol Global | Kuzey K\u0131br\u0131s\u2019\u0131n G\u00fcvenilir \u0130n\u015faat ve Gayrimenkul \u015eirketi","isPartOf":{"@id":"https:\/\/akolglobal.com\/#website"},"primaryImageOfPage":{"@id":"https:\/\/akolglobal.com\/musteri-form-sayfasi\/#primaryimage"},"image":{"@id":"https:\/\/akolglobal.com\/musteri-form-sayfasi\/#primaryimage"},"thumbnailUrl":"https:\/\/akolglobal.com\/wp-content\/uploads\/2024\/12\/akol-global-1024x776.png","datePublished":"2022-07-27T08:06:51+00:00","dateModified":"2024-12-24T08:57:08+00:00","description":"Akol Global \u0130n\u015faat ile projelerinizi hayata ge\u00e7irin. Profesyonel ekip ve yenilik\u00e7i \u00e7\u00f6z\u00fcmlerimizle size hizmet vermek i\u00e7in \u0130leti\u015fim e ge\u00e7in","breadcrumb":{"@id":"https:\/\/akolglobal.com\/musteri-form-sayfasi\/#breadcrumb"},"inLanguage":"en-GB","potentialAction":[{"@type":"ReadAction","target":["https:\/\/akolglobal.com\/musteri-form-sayfasi\/"]}]},{"@type":"ImageObject","inLanguage":"en-GB","@id":"https:\/\/akolglobal.com\/musteri-form-sayfasi\/#primaryimage","url":"https:\/\/akolglobal.com\/wp-content\/uploads\/2024\/12\/akol-global-1024x776.png","contentUrl":"https:\/\/akolglobal.com\/wp-content\/uploads\/2024\/12\/akol-global-1024x776.png"},{"@type":"BreadcrumbList","@id":"https:\/\/akolglobal.com\/musteri-form-sayfasi\/#breadcrumb","itemListElement":[{"@type":"ListItem","position":1,"name":"Anasayfa","item":"https:\/\/akolglobal.com\/tr\/"},{"@type":"ListItem","position":2,"name":"M\u00fc\u015fteri Form Sayfas\u0131"}]},{"@type":"WebSite","@id":"https:\/\/akolglobal.com\/#website","url":"https:\/\/akolglobal.com\/","name":"Akol Global | Kuzey K\u0131br\u0131s\u2019\u0131n G\u00fcvenilir \u0130n\u015faat ve Gayrimenkul \u015eirketi","description":"Kuzey K\u0131br\u0131s\u2019\u0131n k\u00f6kl\u00fc in\u015faat \u015firketi Akol Global, Akdeniz\u2019in en se\u00e7kin b\u00f6lgelerinde l\u00fcks konut projeleri, y\u00fcksek kazan\u00e7l\u0131 yat\u0131r\u0131m f\u0131rsatlar\u0131 ve modern ya\u015fam alanlar\u0131 sunar.","potentialAction":[{"@type":"SearchAction","target":{"@type":"EntryPoint","urlTemplate":"https:\/\/akolglobal.com\/?s={search_term_string}"},"query-input":{"@type":"PropertyValueSpecification","valueRequired":true,"valueName":"search_term_string"}}],"inLanguage":"en-GB"}]}},"_links":{"self":[{"href":"https:\/\/akolglobal.com\/en\/wp-json\/wp\/v2\/pages\/69","targetHints":{"allow":["GET"]}}],"collection":[{"href":"https:\/\/akolglobal.com\/en\/wp-json\/wp\/v2\/pages"}],"about":[{"href":"https:\/\/akolglobal.com\/en\/wp-json\/wp\/v2\/types\/page"}],"author":[{"embeddable":true,"href":"https:\/\/akolglobal.com\/en\/wp-json\/wp\/v2\/users\/1"}],"replies":[{"embeddable":true,"href":"https:\/\/akolglobal.com\/en\/wp-json\/wp\/v2\/comments?post=69"}],"version-history":[{"count":107,"href":"https:\/\/akolglobal.com\/en\/wp-json\/wp\/v2\/pages\/69\/revisions"}],"predecessor-version":[{"id":18004,"href":"https:\/\/akolglobal.com\/en\/wp-json\/wp\/v2\/pages\/69\/revisions\/18004"}],"wp:attachment":[{"href":"https:\/\/akolglobal.com\/en\/wp-json\/wp\/v2\/media?parent=69"}],"curies":[{"name":"wp","href":"https:\/\/api.w.org\/{rel}","templated":true}]}}