{"id":523,"date":"2023-10-30T05:57:45","date_gmt":"2023-10-30T05:57:45","guid":{"rendered":"https:\/\/akolglobal.com\/?page_id=523"},"modified":"2023-11-27T04:53:36","modified_gmt":"2023-11-27T04:53:36","slug":"%d0%be%d0%bf%d0%bb%d0%b0%d1%82%d0%b0-%d0%b8-%d1%81%d0%b1%d0%be%d1%80","status":"publish","type":"page","link":"https:\/\/akolglobal.com\/ru\/odeme-ve-tahsilat\/","title":{"rendered":"\u041e\u043f\u043b\u0430\u0442\u0430 \u0438 \u0441\u0431\u043e\u0440"},"content":{"rendered":"<div data-elementor-type=\"wp-page\" data-elementor-id=\"523\" class=\"elementor elementor-523\" data-elementor-settings=\"{&quot;element_pack_global_tooltip_width&quot;:{&quot;unit&quot;:&quot;px&quot;,&quot;size&quot;:&quot;&quot;,&quot;sizes&quot;:[]},&quot;element_pack_global_tooltip_width_tablet&quot;:{&quot;unit&quot;:&quot;px&quot;,&quot;size&quot;:&quot;&quot;,&quot;sizes&quot;:[]},&quot;element_pack_global_tooltip_width_mobile&quot;:{&quot;unit&quot;:&quot;px&quot;,&quot;size&quot;:&quot;&quot;,&quot;sizes&quot;:[]},&quot;element_pack_global_tooltip_padding&quot;:{&quot;unit&quot;:&quot;px&quot;,&quot;top&quot;:&quot;&quot;,&quot;right&quot;:&quot;&quot;,&quot;bottom&quot;:&quot;&quot;,&quot;left&quot;:&quot;&quot;,&quot;isLinked&quot;:true},&quot;element_pack_global_tooltip_padding_tablet&quot;:{&quot;unit&quot;:&quot;px&quot;,&quot;top&quot;:&quot;&quot;,&quot;right&quot;:&quot;&quot;,&quot;bottom&quot;:&quot;&quot;,&quot;left&quot;:&quot;&quot;,&quot;isLinked&quot;:true},&quot;element_pack_global_tooltip_padding_mobile&quot;:{&quot;unit&quot;:&quot;px&quot;,&quot;top&quot;:&quot;&quot;,&quot;right&quot;:&quot;&quot;,&quot;bottom&quot;:&quot;&quot;,&quot;left&quot;:&quot;&quot;,&quot;isLinked&quot;:true},&quot;element_pack_global_tooltip_border_radius&quot;:{&quot;unit&quot;:&quot;px&quot;,&quot;top&quot;:&quot;&quot;,&quot;right&quot;:&quot;&quot;,&quot;bottom&quot;:&quot;&quot;,&quot;left&quot;:&quot;&quot;,&quot;isLinked&quot;:true},&quot;element_pack_global_tooltip_border_radius_tablet&quot;:{&quot;unit&quot;:&quot;px&quot;,&quot;top&quot;:&quot;&quot;,&quot;right&quot;:&quot;&quot;,&quot;bottom&quot;:&quot;&quot;,&quot;left&quot;:&quot;&quot;,&quot;isLinked&quot;:true},&quot;element_pack_global_tooltip_border_radius_mobile&quot;:{&quot;unit&quot;:&quot;px&quot;,&quot;top&quot;:&quot;&quot;,&quot;right&quot;:&quot;&quot;,&quot;bottom&quot;:&quot;&quot;,&quot;left&quot;:&quot;&quot;,&quot;isLinked&quot;:true}}\" data-elementor-post-type=\"page\">\n\t\t\t\t<div class=\"elementor-element elementor-element-ce8b8fd e-flex e-con-boxed e-con e-parent\" data-id=\"ce8b8fd\" data-element_type=\"container\" data-e-type=\"container\" data-settings=\"{&quot;animation&quot;:&quot;none&quot;}\">\n\t\t\t\t\t<div class=\"e-con-inner\">\n\t\t\t\t<div class=\"elementor-element elementor-element-99c37f7 elementor-widget-tablet__width-initial elementor-widget elementor-widget-text-editor\" data-id=\"99c37f7\" data-element_type=\"widget\" data-e-type=\"widget\" data-widget_type=\"text-editor.default\">\n\t\t\t\t<div class=\"elementor-widget-container\">\n\t\t\t\t\t\t\t\t\t<p>\u041a\u0430\u043a Akol Global, \u043c\u044b \u043f\u0440\u0435\u0434\u043b\u0430\u0433\u0430\u0435\u043c \u0440\u0430\u0437\u043b\u0438\u0447\u043d\u044b\u0435 \u043f\u043b\u0430\u043d\u044b \u043e\u043f\u043b\u0430\u0442\u044b \u0441\u043f\u0435\u0446\u0438\u0430\u043b\u044c\u043d\u043e \u0434\u043b\u044f \u043d\u0435\u0434\u0432\u0438\u0436\u0438\u043c\u043e\u0441\u0442\u0438, \u043a\u043e\u0442\u043e\u0440\u0443\u044e \u0432\u044b \u0445\u043e\u0442\u0438\u0442\u0435 \u043f\u0440\u0438\u043e\u0431\u0440\u0435\u0441\u0442\u0438. \u0412\u044b \u043c\u043e\u0436\u0435\u0442\u0435 \u0441\u043e\u0432\u0435\u0440\u0448\u0430\u0442\u044c \u043f\u043b\u0430\u0442\u0435\u0436\u0438 \u0440\u0430\u0437\u043b\u0438\u0447\u043d\u044b\u043c\u0438 \u0441\u043f\u043e\u0441\u043e\u0431\u0430\u043c\u0438 \u0432 \u0440\u0430\u043c\u043a\u0430\u0445 \u0441\u0432\u043e\u0435\u0433\u043e \u043f\u043b\u0430\u043d\u0430 \u043f\u043b\u0430\u0442\u0435\u0436\u0435\u0439, \u043a\u043e\u0442\u043e\u0440\u044b\u0439 \u043c\u044b \u0441\u043f\u0435\u0446\u0438\u0430\u043b\u044c\u043d\u043e \u0430\u0434\u0430\u043f\u0442\u0438\u0440\u043e\u0432\u0430\u043b\u0438 \u043a \u0432\u0430\u0448\u0438\u043c \u0444\u0438\u043d\u0430\u043d\u0441\u043e\u0432\u044b\u043c \u043f\u043b\u0430\u043d\u0430\u043c \u0438 \u0431\u044e\u0434\u0436\u0435\u0442\u0443.<\/p><p>\u0412 \u0434\u043e\u043f\u043e\u043b\u043d\u0435\u043d\u0438\u0435 \u043a \u0431\u0430\u043d\u043a\u043e\u0432\u0441\u043a\u0438\u043c \u043a\u0440\u0435\u0434\u0438\u0442\u0430\u043c \u0432\u044b \u043c\u043e\u0436\u0435\u0442\u0435 \u043e\u0431\u043b\u0435\u0433\u0447\u0438\u0442\u044c \u043f\u0440\u043e\u0446\u0435\u0441\u0441 \u043e\u043f\u043b\u0430\u0442\u044b \u0441 \u043f\u043e\u043c\u043e\u0449\u044c\u044e \u043c\u043d\u043e\u0436\u0435\u0441\u0442\u0432\u0430 \u0432\u0430\u0440\u0438\u0430\u043d\u0442\u043e\u0432, \u0442\u0430\u043a\u0438\u0445 \u043a\u0430\u043a \u0441\u0440\u0435\u0434\u043d\u0435\u0441\u0440\u043e\u0447\u043d\u044b\u0435 \u0438 \u0434\u043e\u043b\u0433\u043e\u0441\u0440\u043e\u0447\u043d\u044b\u0435 \u043f\u043b\u0430\u043d\u044b \u043f\u043b\u0430\u0442\u0435\u0436\u0435\u0439. \u0411\u043e\u043b\u0435\u0435 \u0442\u043e\u0433\u043e, \u0412\u0430\u0441 \u0436\u0434\u0435\u0442 \u0432\u043e\u0437\u043c\u043e\u0436\u043d\u043e\u0441\u0442\u044c \u043e\u043f\u043b\u0430\u0447\u0438\u0432\u0430\u0442\u044c \u0432 \u043a\u0440\u0438\u043f\u0442\u043e-\u0432\u0430\u043b\u044e\u0442\u0435!<\/p><p>\u0412\u044b \u043c\u043e\u0436\u0435\u0442\u0435 \u0441\u0432\u044f\u0437\u0430\u0442\u044c\u0441\u044f \u0441 \u043d\u0430\u043c\u0438, \u0447\u0442\u043e\u0431\u044b \u043e\u043f\u0440\u0435\u0434\u0435\u043b\u0438\u0442\u044c \u043a\u043e\u043d\u043a\u0440\u0435\u0442\u043d\u044b\u0439 \u043f\u043b\u0430\u043d \u043e\u043f\u043b\u0430\u0442\u044b \u0438 \u043f\u043e\u043b\u0443\u0447\u0438\u0442\u044c \u0431\u043e\u043b\u0435\u0435 \u043f\u043e\u0434\u0440\u043e\u0431\u043d\u0443\u044e \u0438\u043d\u0444\u043e\u0440\u043c\u0430\u0446\u0438\u044e \u043e \u0441\u043f\u043e\u0441\u043e\u0431\u0430\u0445 \u043e\u043f\u043b\u0430\u0442\u044b.<\/p>\t\t\t\t\t\t\t\t<\/div>\n\t\t\t\t<\/div>\n\t\t\t\t\t<\/div>\n\t\t\t\t<\/div>\n\t\t\t\t<div class=\"elementor-section elementor-top-section elementor-element elementor-element-314b3573 elementor-section-boxed elementor-section-height-default elementor-section-height-default\" data-id=\"314b3573\" data-element_type=\"section\" data-e-type=\"section\" id=\"why-us\">\n\t\t\t\t\t\t<div class=\"elementor-container elementor-column-gap-default\">\n\t\t\t\t\t<div class=\"elementor-column elementor-col-50 elementor-top-column elementor-element elementor-element-300f57cc\" data-id=\"300f57cc\" data-element_type=\"column\" data-e-type=\"column\">\n\t\t\t<div class=\"elementor-widget-wrap elementor-element-populated\">\n\t\t\t\t\t\t<div class=\"elementor-element elementor-element-afe72d3 elementor-widget elementor-widget-heading\" data-id=\"afe72d3\" data-element_type=\"widget\" data-e-type=\"widget\" data-widget_type=\"heading.default\">\n\t\t\t\t<div class=\"elementor-widget-container\">\n\t\t\t\t\t<h2 class=\"elementor-heading-title elementor-size-default\">\u041c\u044b \u043f\u0440\u0435\u0434\u043b\u0430\u0433\u0430\u0435\u043c \u0412\u0430\u043c \u043d\u0430\u0438\u0431\u043e\u043b\u0435\u0435 \u043f\u043e\u0434\u0445\u043e\u0434\u044f\u0449\u0438\u0435 \u0441\u043f\u043e\u0441\u043e\u0431\u044b \u043e\u043f\u043b\u0430\u0442\u044b<\/h2>\t\t\t\t<\/div>\n\t\t\t\t<\/div>\n\t\t\t\t<div class=\"elementor-element elementor-element-7ec2d781 elementor-widget elementor-widget-spacer\" data-id=\"7ec2d781\" data-element_type=\"widget\" data-e-type=\"widget\" data-widget_type=\"spacer.default\">\n\t\t\t\t<div class=\"elementor-widget-container\">\n\t\t\t\t\t\t\t<div class=\"elementor-spacer\">\n\t\t\t<div class=\"elementor-spacer-inner\"><\/div>\n\t\t<\/div>\n\t\t\t\t\t\t<\/div>\n\t\t\t\t<\/div>\n\t\t\t\t<div class=\"elementor-element elementor-element-5d0c931 elementor-widget__width-initial elementor-widget-tablet__width-initial elementor-widget-mobile__width-inherit elementor-widget elementor-widget-text-editor\" data-id=\"5d0c931\" data-element_type=\"widget\" data-e-type=\"widget\" data-widget_type=\"text-editor.default\">\n\t\t\t\t<div class=\"elementor-widget-container\">\n\t\t\t\t\t\t\t\t\t<p>\u041a\u0430\u043a Akol Global, \u043c\u044b \u043f\u0440\u0435\u0434\u043b\u0430\u0433\u0430\u0435\u043c \u0440\u0430\u0437\u043b\u0438\u0447\u043d\u044b\u0435 \u043f\u043b\u0430\u043d\u044b \u043e\u043f\u043b\u0430\u0442\u044b \u0441\u043f\u0435\u0446\u0438\u0430\u043b\u044c\u043d\u043e \u0434\u043b\u044f \u043d\u0435\u0434\u0432\u0438\u0436\u0438\u043c\u043e\u0441\u0442\u0438, \u043a\u043e\u0442\u043e\u0440\u0443\u044e \u0432\u044b \u0445\u043e\u0442\u0438\u0442\u0435 \u043f\u0440\u0438\u043e\u0431\u0440\u0435\u0441\u0442\u0438. \u0412\u044b \u043c\u043e\u0436\u0435\u0442\u0435 \u0441\u043e\u0432\u0435\u0440\u0448\u0430\u0442\u044c \u043f\u043b\u0430\u0442\u0435\u0436\u0438 \u0440\u0430\u0437\u043b\u0438\u0447\u043d\u044b\u043c\u0438 \u0441\u043f\u043e\u0441\u043e\u0431\u0430\u043c\u0438 \u0432 \u0440\u0430\u043c\u043a\u0430\u0445 \u0441\u0432\u043e\u0435\u0433\u043e \u043f\u043b\u0430\u043d\u0430 \u043f\u043b\u0430\u0442\u0435\u0436\u0435\u0439, \u043a\u043e\u0442\u043e\u0440\u044b\u0439 \u043c\u044b \u0441\u043f\u0435\u0446\u0438\u0430\u043b\u044c\u043d\u043e \u0430\u0434\u0430\u043f\u0442\u0438\u0440\u043e\u0432\u0430\u043b\u0438 \u043a \u0432\u0430\u0448\u0438\u043c \u0444\u0438\u043d\u0430\u043d\u0441\u043e\u0432\u044b\u043c \u043f\u043b\u0430\u043d\u0430\u043c \u0438 \u0431\u044e\u0434\u0436\u0435\u0442\u0443.<\/p>\t\t\t\t\t\t\t\t<\/div>\n\t\t\t\t<\/div>\n\t\t\t\t\t<\/div>\n\t\t<\/div>\n\t\t\t\t<div class=\"elementor-column elementor-col-50 elementor-top-column elementor-element elementor-element-682ad42d\" data-id=\"682ad42d\" data-element_type=\"column\" data-e-type=\"column\" data-settings=\"{&quot;background_background&quot;:&quot;gradient&quot;}\">\n\t\t\t<div class=\"elementor-widget-wrap elementor-element-populated\">\n\t\t\t\t\t\t<section class=\"elementor-section elementor-inner-section elementor-element elementor-element-4c2a5a86 elementor-section-boxed elementor-section-height-default elementor-section-height-default\" data-id=\"4c2a5a86\" data-element_type=\"section\" data-e-type=\"section\">\n\t\t\t\t\t\t<div class=\"elementor-container elementor-column-gap-default\">\n\t\t\t\t\t<div class=\"elementor-column elementor-col-50 elementor-inner-column elementor-element elementor-element-5ca89606\" data-id=\"5ca89606\" data-element_type=\"column\" data-e-type=\"column\">\n\t\t\t<div class=\"elementor-widget-wrap elementor-element-populated\">\n\t\t\t\t\t\t<div class=\"elementor-element elementor-element-448c7f19 bdt-icon-type-image elementor-position-top bdt-icon-effect-none elementor-invisible elementor-widget elementor-widget-bdt-advanced-icon-box\" data-id=\"448c7f19\" data-element_type=\"widget\" data-e-type=\"widget\" data-settings=\"{&quot;_animation&quot;:&quot;fadeInUp&quot;}\" data-widget_type=\"bdt-advanced-icon-box.default\">\n\t\t\t\t<div class=\"elementor-widget-container\">\n\t\t\t\t\t\t\t<div class=\"bdt-ep-advanced-icon-box\">\n\n\t\t\t\t\t\t\t\n\t\t\t\t\t<div class=\"bdt-ep-advanced-icon-box-icon\">\n\t\t\t\t<span class=\"bdt-ep-advanced-icon-box-icon-wrap\">\n\n\n\t\t\t\t\t<img fetchpriority=\"high\" decoding=\"async\" width=\"512\" height=\"512\" src=\"https:\/\/akolglobal.com\/wp-content\/uploads\/2023\/11\/1payment-day.png\" class=\"attachment-full size-full\" alt=\" \u0421\u0440\u0435\u0434\u043d\u0435\u0441\u0440\u043e\u0447\u043d\u044b\u0435 \u0438 \u0414\u043e\u043b\u0433\u043e\u0441\u0440\u043e\u0447\u043d\u044b\u0435 \u041f\u043b\u0430\u043d\u044b \u043f\u043b\u0430\u0442\u0435\u0436\u0435\u0439\" srcset=\"https:\/\/akolglobal.com\/wp-content\/uploads\/2023\/11\/1payment-day.png 512w, https:\/\/akolglobal.com\/wp-content\/uploads\/2023\/11\/1payment-day-300x300.png 300w, https:\/\/akolglobal.com\/wp-content\/uploads\/2023\/11\/1payment-day-150x150.png 150w\" sizes=\"(max-width: 512px) 100vw, 512px\" \/>\t\t\t\t<\/span>\n\t\t\t<\/div>\n\t\t\n\t\t\t\t\n\t\t\t<div class=\"bdt-ep-advanced-icon-box-content\">\n\n\t\t\t\t\t\t\t\t\t\n\t\t\t\t\t<h3 class=\"bdt-ep-advanced-icon-box-title ep-title-\">\n\t\t\t\t<span >\n\t\t\t\t\t \u0421\u0440\u0435\u0434\u043d\u0435\u0441\u0440\u043e\u0447\u043d\u044b\u0435 \u0438 \u0414\u043e\u043b\u0433\u043e\u0441\u0440\u043e\u0447\u043d\u044b\u0435 \u041f\u043b\u0430\u043d\u044b \u043f\u043b\u0430\u0442\u0435\u0436\u0435\u0439\t\t\t\t<\/span>\n\t\t\t<\/h3>\n\t\t\n\n\t\t\n\t\t\t\t\t\n\t\t\t\t\n\t\t\t\t\n\t\t\t\t\t\t\t<\/div>\n\t\t<\/div>\n\n\t\t\n\t\t\n\t\t\t\t<\/div>\n\t\t\t\t<\/div>\n\t\t\t\t<div class=\"elementor-element elementor-element-709e6169 bdt-icon-type-image elementor-position-top bdt-icon-effect-none elementor-invisible elementor-widget elementor-widget-bdt-advanced-icon-box\" data-id=\"709e6169\" data-element_type=\"widget\" data-e-type=\"widget\" data-settings=\"{&quot;_animation&quot;:&quot;fadeInUp&quot;}\" data-widget_type=\"bdt-advanced-icon-box.default\">\n\t\t\t\t<div class=\"elementor-widget-container\">\n\t\t\t\t\t\t\t<div class=\"bdt-ep-advanced-icon-box\">\n\n\t\t\t\t\t\t\t\n\t\t\t\t\t<div class=\"bdt-ep-advanced-icon-box-icon\">\n\t\t\t\t<span class=\"bdt-ep-advanced-icon-box-icon-wrap\">\n\n\n\t\t\t\t\t<img decoding=\"async\" width=\"512\" height=\"512\" src=\"https:\/\/akolglobal.com\/wp-content\/uploads\/2023\/11\/1mortgage-loan.png\" class=\"attachment-full size-full\" alt=\" \u0411\u0430\u043d\u043a\u043e\u0432\u0441\u043a\u0438\u0435 \u041a\u0440\u0435\u0434\u0438\u0442\u044b\" srcset=\"https:\/\/akolglobal.com\/wp-content\/uploads\/2023\/11\/1mortgage-loan.png 512w, https:\/\/akolglobal.com\/wp-content\/uploads\/2023\/11\/1mortgage-loan-300x300.png 300w, https:\/\/akolglobal.com\/wp-content\/uploads\/2023\/11\/1mortgage-loan-150x150.png 150w\" sizes=\"(max-width: 512px) 100vw, 512px\" \/>\t\t\t\t<\/span>\n\t\t\t<\/div>\n\t\t\n\t\t\t\t\n\t\t\t<div class=\"bdt-ep-advanced-icon-box-content\">\n\n\t\t\t\t\t\t\t\t\t\n\t\t\t\t\t<h3 class=\"bdt-ep-advanced-icon-box-title ep-title-\">\n\t\t\t\t<span >\n\t\t\t\t\t \u0411\u0430\u043d\u043a\u043e\u0432\u0441\u043a\u0438\u0435 \u041a\u0440\u0435\u0434\u0438\u0442\u044b\t\t\t\t<\/span>\n\t\t\t<\/h3>\n\t\t\n\n\t\t\n\t\t\t\t\t\n\t\t\t\t\n\t\t\t\t\n\t\t\t\t\t\t\t<\/div>\n\t\t<\/div>\n\n\t\t\n\t\t\n\t\t\t\t<\/div>\n\t\t\t\t<\/div>\n\t\t\t\t\t<\/div>\n\t\t<\/div>\n\t\t\t\t<div class=\"elementor-column elementor-col-50 elementor-inner-column elementor-element elementor-element-326c672\" data-id=\"326c672\" data-element_type=\"column\" data-e-type=\"column\">\n\t\t\t<div class=\"elementor-widget-wrap elementor-element-populated\">\n\t\t\t\t\t\t<div class=\"elementor-element elementor-element-3e9b12b2 bdt-icon-type-image elementor-position-top bdt-icon-effect-none elementor-invisible elementor-widget elementor-widget-bdt-advanced-icon-box\" data-id=\"3e9b12b2\" data-element_type=\"widget\" data-e-type=\"widget\" data-settings=\"{&quot;_animation&quot;:&quot;fadeInUp&quot;}\" data-widget_type=\"bdt-advanced-icon-box.default\">\n\t\t\t\t<div class=\"elementor-widget-container\">\n\t\t\t\t\t\t\t<div class=\"bdt-ep-advanced-icon-box\">\n\n\t\t\t\t\t\t\t\n\t\t\t\t\t<div class=\"bdt-ep-advanced-icon-box-icon\">\n\t\t\t\t<span class=\"bdt-ep-advanced-icon-box-icon-wrap\">\n\n\n\t\t\t\t\t<img decoding=\"async\" width=\"480\" height=\"480\" src=\"https:\/\/akolglobal.com\/wp-content\/uploads\/2023\/11\/1bitcoin.png\" class=\"attachment-full size-full\" alt=\" \u0412\u043e\u0437\u043c\u043e\u0436\u043d\u043e\u0441\u0442\u044c \u0441\u0431\u043e\u0440\u0430 \u0441\u0440\u0435\u0434\u0441\u0442\u0432 \u0441 \u043f\u043e\u043c\u043e\u0449\u044c\u044e \u043a\u0440\u0438\u043f\u0442\u043e\u0432\u0430\u043b\u044e\u0442\u044b\" srcset=\"https:\/\/akolglobal.com\/wp-content\/uploads\/2023\/11\/1bitcoin.png 480w, https:\/\/akolglobal.com\/wp-content\/uploads\/2023\/11\/1bitcoin-300x300.png 300w, https:\/\/akolglobal.com\/wp-content\/uploads\/2023\/11\/1bitcoin-150x150.png 150w\" sizes=\"(max-width: 480px) 100vw, 480px\" \/>\t\t\t\t<\/span>\n\t\t\t<\/div>\n\t\t\n\t\t\t\t\n\t\t\t<div class=\"bdt-ep-advanced-icon-box-content\">\n\n\t\t\t\t\t\t\t\t\t\n\t\t\t\t\t<h3 class=\"bdt-ep-advanced-icon-box-title ep-title-\">\n\t\t\t\t<span >\n\t\t\t\t\t \u0412\u043e\u0437\u043c\u043e\u0436\u043d\u043e\u0441\u0442\u044c \u0441\u0431\u043e\u0440\u0430 \u0441\u0440\u0435\u0434\u0441\u0442\u0432 \u0441 \u043f\u043e\u043c\u043e\u0449\u044c\u044e \u043a\u0440\u0438\u043f\u0442\u043e\u0432\u0430\u043b\u044e\u0442\u044b\t\t\t\t<\/span>\n\t\t\t<\/h3>\n\t\t\n\n\t\t\n\t\t\t\t\t\n\t\t\t\t\n\t\t\t\t\n\t\t\t\t\t\t\t<\/div>\n\t\t<\/div>\n\n\t\t\n\t\t\n\t\t\t\t<\/div>\n\t\t\t\t<\/div>\n\t\t\t\t\t<\/div>\n\t\t<\/div>\n\t\t\t\t\t<\/div>\n\t\t<\/section>\n\t\t\t\t\t<\/div>\n\t\t<\/div>\n\t\t\t\t\t<\/div>\n\t\t<\/div>\n\t\t\t\t<\/div>","protected":false},"excerpt":{"rendered":"<p>Akol Global olarak sat\u0131n almak istedi\u011finiz gayrimenkul i\u00e7in size \u00f6zel farkl\u0131 \u00f6deme planlar\u0131 sunuyoruz. Finansal planlar\u0131n\u0131za ve b\u00fct\u00e7enize \u00f6zel olarak [&hellip;]<\/p>\n","protected":false},"author":1,"featured_media":0,"parent":0,"menu_order":0,"comment_status":"closed","ping_status":"closed","template":"","meta":{"footnotes":""},"class_list":["post-523","page","type-page","status-publish","hentry"],"yoast_head":"<!-- This site is optimized with the Yoast SEO Premium plugin v25.6 (Yoast SEO v27.4) - https:\/\/yoast.com\/product\/yoast-seo-premium-wordpress\/ -->\n<title>\u00d6deme ve Tahsilat - Akol Global | Kuzey K\u0131br\u0131s\u2019\u0131n G\u00fcvenilir \u0130n\u015faat ve Gayrimenkul \u015eirketi<\/title>\n<meta name=\"robots\" content=\"index, follow, max-snippet:-1, max-image-preview:large, max-video-preview:-1\" \/>\n<link rel=\"canonical\" href=\"https:\/\/akolglobal.com\/ru\/\u043e\u043f\u043b\u0430\u0442\u0430-\u0438-\u0441\u0431\u043e\u0440\/\" \/>\n<meta property=\"og:locale\" content=\"ru_RU\" \/>\n<meta property=\"og:type\" content=\"article\" \/>\n<meta property=\"og:title\" content=\"\u00d6deme ve Tahsilat\" \/>\n<meta property=\"og:description\" content=\"Akol Global olarak sat\u0131n almak istedi\u011finiz gayrimenkul i\u00e7in size \u00f6zel farkl\u0131 \u00f6deme planlar\u0131 sunuyoruz. Finansal planlar\u0131n\u0131za ve b\u00fct\u00e7enize \u00f6zel olarak [&hellip;]\" \/>\n<meta property=\"og:url\" content=\"https:\/\/akolglobal.com\/ru\/\u043e\u043f\u043b\u0430\u0442\u0430-\u0438-\u0441\u0431\u043e\u0440\/\" \/>\n<meta property=\"og:site_name\" content=\"Akol Global | Kuzey K\u0131br\u0131s\u2019\u0131n G\u00fcvenilir \u0130n\u015faat ve Gayrimenkul \u015eirketi\" \/>\n<meta property=\"article:publisher\" content=\"https:\/\/www.facebook.com\/akolglobal\/\" \/>\n<meta property=\"article:modified_time\" content=\"2023-11-27T04:53:36+00:00\" \/>\n<meta property=\"og:image\" content=\"https:\/\/akolglobal.com\/wp-content\/uploads\/2023\/11\/1payment-day.png\" \/>\n<meta name=\"twitter:card\" content=\"summary_large_image\" \/>\n<meta name=\"twitter:site\" content=\"@AkolGlobal\" \/>\n<meta name=\"twitter:label1\" content=\"\u041f\u0440\u0438\u043c\u0435\u0440\u043d\u043e\u0435 \u0432\u0440\u0435\u043c\u044f \u0434\u043b\u044f \u0447\u0442\u0435\u043d\u0438\u044f\" \/>\n\t<meta name=\"twitter:data1\" content=\"2 \u043c\u0438\u043d\u0443\u0442\u044b\" \/>\n<script type=\"application\/ld+json\" class=\"yoast-schema-graph\">{\"@context\":\"https:\\\/\\\/schema.org\",\"@graph\":[{\"@type\":\"WebPage\",\"@id\":\"https:\\\/\\\/akolglobal.com\\\/odeme-ve-tahsilat\\\/\",\"url\":\"https:\\\/\\\/akolglobal.com\\\/odeme-ve-tahsilat\\\/\",\"name\":\"\u00d6deme ve Tahsilat - Akol Global | Kuzey K\u0131br\u0131s\u2019\u0131n G\u00fcvenilir \u0130n\u015faat ve Gayrimenkul \u015eirketi\",\"isPartOf\":{\"@id\":\"https:\\\/\\\/akolglobal.com\\\/#website\"},\"primaryImageOfPage\":{\"@id\":\"https:\\\/\\\/akolglobal.com\\\/odeme-ve-tahsilat\\\/#primaryimage\"},\"image\":{\"@id\":\"https:\\\/\\\/akolglobal.com\\\/odeme-ve-tahsilat\\\/#primaryimage\"},\"thumbnailUrl\":\"https:\\\/\\\/akolglobal.com\\\/wp-content\\\/uploads\\\/2023\\\/11\\\/1payment-day.png\",\"datePublished\":\"2023-10-30T05:57:45+00:00\",\"dateModified\":\"2023-11-27T04:53:36+00:00\",\"breadcrumb\":{\"@id\":\"https:\\\/\\\/akolglobal.com\\\/odeme-ve-tahsilat\\\/#breadcrumb\"},\"inLanguage\":\"ru-RU\",\"potentialAction\":[{\"@type\":\"ReadAction\",\"target\":[\"https:\\\/\\\/akolglobal.com\\\/odeme-ve-tahsilat\\\/\"]}]},{\"@type\":\"ImageObject\",\"inLanguage\":\"ru-RU\",\"@id\":\"https:\\\/\\\/akolglobal.com\\\/odeme-ve-tahsilat\\\/#primaryimage\",\"url\":\"https:\\\/\\\/akolglobal.com\\\/wp-content\\\/uploads\\\/2023\\\/11\\\/1payment-day.png\",\"contentUrl\":\"https:\\\/\\\/akolglobal.com\\\/wp-content\\\/uploads\\\/2023\\\/11\\\/1payment-day.png\"},{\"@type\":\"BreadcrumbList\",\"@id\":\"https:\\\/\\\/akolglobal.com\\\/odeme-ve-tahsilat\\\/#breadcrumb\",\"itemListElement\":[{\"@type\":\"ListItem\",\"position\":1,\"name\":\"Anasayfa\",\"item\":\"https:\\\/\\\/akolglobal.com\\\/tr\\\/\"},{\"@type\":\"ListItem\",\"position\":2,\"name\":\"\u00d6deme ve Tahsilat\"}]},{\"@type\":\"WebSite\",\"@id\":\"https:\\\/\\\/akolglobal.com\\\/#website\",\"url\":\"https:\\\/\\\/akolglobal.com\\\/\",\"name\":\"Akol Global | Kuzey K\u0131br\u0131s\u2019\u0131n G\u00fcvenilir \u0130n\u015faat ve Gayrimenkul \u015eirketi\",\"description\":\"Kuzey K\u0131br\u0131s\u2019\u0131n k\u00f6kl\u00fc in\u015faat \u015firketi Akol Global, Akdeniz\u2019in en se\u00e7kin b\u00f6lgelerinde l\u00fcks konut projeleri, y\u00fcksek kazan\u00e7l\u0131 yat\u0131r\u0131m f\u0131rsatlar\u0131 ve modern ya\u015fam alanlar\u0131 sunar.\",\"potentialAction\":[{\"@type\":\"SearchAction\",\"target\":{\"@type\":\"EntryPoint\",\"urlTemplate\":\"https:\\\/\\\/akolglobal.com\\\/?s={search_term_string}\"},\"query-input\":{\"@type\":\"PropertyValueSpecification\",\"valueRequired\":true,\"valueName\":\"search_term_string\"}}],\"inLanguage\":\"ru-RU\"}]}<\/script>\n<!-- \/ Yoast SEO Premium plugin. -->","yoast_head_json":{"title":"\u00d6deme ve Tahsilat - Akol Global | Kuzey K\u0131br\u0131s\u2019\u0131n G\u00fcvenilir \u0130n\u015faat ve Gayrimenkul \u015eirketi","robots":{"index":"index","follow":"follow","max-snippet":"max-snippet:-1","max-image-preview":"max-image-preview:large","max-video-preview":"max-video-preview:-1"},"canonical":"https:\/\/akolglobal.com\/ru\/\u043e\u043f\u043b\u0430\u0442\u0430-\u0438-\u0441\u0431\u043e\u0440\/","og_locale":"ru_RU","og_type":"article","og_title":"\u00d6deme ve Tahsilat","og_description":"Akol Global olarak sat\u0131n almak istedi\u011finiz gayrimenkul i\u00e7in size \u00f6zel farkl\u0131 \u00f6deme planlar\u0131 sunuyoruz. Finansal planlar\u0131n\u0131za ve b\u00fct\u00e7enize \u00f6zel olarak [&hellip;]","og_url":"https:\/\/akolglobal.com\/ru\/\u043e\u043f\u043b\u0430\u0442\u0430-\u0438-\u0441\u0431\u043e\u0440\/","og_site_name":"Akol Global | Kuzey K\u0131br\u0131s\u2019\u0131n G\u00fcvenilir \u0130n\u015faat ve Gayrimenkul \u015eirketi","article_publisher":"https:\/\/www.facebook.com\/akolglobal\/","article_modified_time":"2023-11-27T04:53:36+00:00","og_image":[{"url":"https:\/\/akolglobal.com\/wp-content\/uploads\/2023\/11\/1payment-day.png","type":"","width":"","height":""}],"twitter_card":"summary_large_image","twitter_site":"@AkolGlobal","twitter_misc":{"\u041f\u0440\u0438\u043c\u0435\u0440\u043d\u043e\u0435 \u0432\u0440\u0435\u043c\u044f \u0434\u043b\u044f \u0447\u0442\u0435\u043d\u0438\u044f":"2 \u043c\u0438\u043d\u0443\u0442\u044b"},"schema":{"@context":"https:\/\/schema.org","@graph":[{"@type":"WebPage","@id":"https:\/\/akolglobal.com\/odeme-ve-tahsilat\/","url":"https:\/\/akolglobal.com\/odeme-ve-tahsilat\/","name":"\u00d6deme ve Tahsilat - Akol Global | Kuzey K\u0131br\u0131s\u2019\u0131n G\u00fcvenilir \u0130n\u015faat ve Gayrimenkul \u015eirketi","isPartOf":{"@id":"https:\/\/akolglobal.com\/#website"},"primaryImageOfPage":{"@id":"https:\/\/akolglobal.com\/odeme-ve-tahsilat\/#primaryimage"},"image":{"@id":"https:\/\/akolglobal.com\/odeme-ve-tahsilat\/#primaryimage"},"thumbnailUrl":"https:\/\/akolglobal.com\/wp-content\/uploads\/2023\/11\/1payment-day.png","datePublished":"2023-10-30T05:57:45+00:00","dateModified":"2023-11-27T04:53:36+00:00","breadcrumb":{"@id":"https:\/\/akolglobal.com\/odeme-ve-tahsilat\/#breadcrumb"},"inLanguage":"ru-RU","potentialAction":[{"@type":"ReadAction","target":["https:\/\/akolglobal.com\/odeme-ve-tahsilat\/"]}]},{"@type":"ImageObject","inLanguage":"ru-RU","@id":"https:\/\/akolglobal.com\/odeme-ve-tahsilat\/#primaryimage","url":"https:\/\/akolglobal.com\/wp-content\/uploads\/2023\/11\/1payment-day.png","contentUrl":"https:\/\/akolglobal.com\/wp-content\/uploads\/2023\/11\/1payment-day.png"},{"@type":"BreadcrumbList","@id":"https:\/\/akolglobal.com\/odeme-ve-tahsilat\/#breadcrumb","itemListElement":[{"@type":"ListItem","position":1,"name":"Anasayfa","item":"https:\/\/akolglobal.com\/tr\/"},{"@type":"ListItem","position":2,"name":"\u00d6deme ve Tahsilat"}]},{"@type":"WebSite","@id":"https:\/\/akolglobal.com\/#website","url":"https:\/\/akolglobal.com\/","name":"Akol Global | Kuzey K\u0131br\u0131s\u2019\u0131n G\u00fcvenilir \u0130n\u015faat ve Gayrimenkul \u015eirketi","description":"Kuzey K\u0131br\u0131s\u2019\u0131n k\u00f6kl\u00fc in\u015faat \u015firketi Akol Global, Akdeniz\u2019in en se\u00e7kin b\u00f6lgelerinde l\u00fcks konut projeleri, y\u00fcksek kazan\u00e7l\u0131 yat\u0131r\u0131m f\u0131rsatlar\u0131 ve modern ya\u015fam alanlar\u0131 sunar.","potentialAction":[{"@type":"SearchAction","target":{"@type":"EntryPoint","urlTemplate":"https:\/\/akolglobal.com\/?s={search_term_string}"},"query-input":{"@type":"PropertyValueSpecification","valueRequired":true,"valueName":"search_term_string"}}],"inLanguage":"ru-RU"}]}},"_links":{"self":[{"href":"https:\/\/akolglobal.com\/ru\/wp-json\/wp\/v2\/pages\/523","targetHints":{"allow":["GET"]}}],"collection":[{"href":"https:\/\/akolglobal.com\/ru\/wp-json\/wp\/v2\/pages"}],"about":[{"href":"https:\/\/akolglobal.com\/ru\/wp-json\/wp\/v2\/types\/page"}],"author":[{"embeddable":true,"href":"https:\/\/akolglobal.com\/ru\/wp-json\/wp\/v2\/users\/1"}],"replies":[{"embeddable":true,"href":"https:\/\/akolglobal.com\/ru\/wp-json\/wp\/v2\/comments?post=523"}],"version-history":[{"count":22,"href":"https:\/\/akolglobal.com\/ru\/wp-json\/wp\/v2\/pages\/523\/revisions"}],"predecessor-version":[{"id":3390,"href":"https:\/\/akolglobal.com\/ru\/wp-json\/wp\/v2\/pages\/523\/revisions\/3390"}],"wp:attachment":[{"href":"https:\/\/akolglobal.com\/ru\/wp-json\/wp\/v2\/media?parent=523"}],"curies":[{"name":"wp","href":"https:\/\/api.w.org\/{rel}","templated":true}]}}