{"id":17268,"date":"2024-07-27T09:38:53","date_gmt":"2024-07-27T06:38:53","guid":{"rendered":"https:\/\/akolglobal.com\/?page_id=17268"},"modified":"2024-07-27T09:41:48","modified_gmt":"2024-07-27T06:41:48","slug":"kktc-tasinmaz-mal-yasasi","status":"publish","type":"page","link":"https:\/\/akolglobal.com\/tr\/kktc-tasinmaz-mal-yasasi\/","title":{"rendered":"KKTC Ta\u015f\u0131nmaz Mal Yasas\u0131"},"content":{"rendered":"\n<h2 class=\"wp-block-heading\" id=\"h-yururluge-giris-tarihi-21-mayis-2024\"><strong>Y\u00fcr\u00fcrl\u00fc\u011fe Giri\u015f Tarihi: 21 May\u0131s 2024<\/strong><\/h2>\n\n\n\n<h2 class=\"wp-block-heading\" id=\"h-madde-1-amac-ve-kapsam\"><strong>Madde 1: Ama\u00e7 ve Kapsam<\/strong> <\/h2>\n\n\n\n<p>Bu yasa, yabanc\u0131lar\u0131n KKTC s\u0131n\u0131rlar\u0131 i\u00e7inde ta\u015f\u0131nmaz mal edinme ve uzun vadeli kiralama haklar\u0131n\u0131 d\u00fczenler. Yasa, yabanc\u0131 ger\u00e7ek ve t\u00fczel ki\u015filerin ta\u015f\u0131nmaz mal edinme ve uzun vadeli kiralama i\u015flemlerinde uyacaklar\u0131 kurallar\u0131 belirler.<\/p>\n\n\n\n<h2 class=\"wp-block-heading\" id=\"h-madde-2-tanimlar\"><strong>Madde 2: Tan\u0131mlar<\/strong><\/h2>\n\n\n\n<p> Bu yasada ge\u00e7en terimler a\u015fa\u011f\u0131daki anlamlara gelir:<\/p>\n\n\n\n<ul class=\"wp-block-list\">\n<li><strong>Yabanc\u0131:<\/strong> KKTC vatanda\u015f\u0131 olmayan ger\u00e7ek ve t\u00fczel ki\u015filer.<\/li>\n\n\n\n<li><strong>Ta\u015f\u0131nmaz Mal:<\/strong> Arazi, arsa, bina ve benzeri gayrimenkuller.<\/li>\n\n\n\n<li><strong>Uzun Vadeli Kiralama:<\/strong> On y\u0131ldan fazla s\u00fcreli kira s\u00f6zle\u015fmeleri.<\/li>\n<\/ul>\n\n\n\n<h2 class=\"wp-block-heading\" id=\"h-madde-3-yabancilarin-tasinmaz-mal-edinme-sinirlamalari\"><strong>Madde 3: Yabanc\u0131lar\u0131n Ta\u015f\u0131nmaz Mal Edinme S\u0131n\u0131rlamalar\u0131<\/strong> <\/h2>\n\n\n\n<p>Yabanc\u0131lar, KKTC s\u0131n\u0131rlar\u0131 i\u00e7inde belirli s\u0131n\u0131rlamalar dahilinde ta\u015f\u0131nmaz mal edinebilirler. Bu s\u0131n\u0131rlamalar \u015funlard\u0131r:<\/p>\n\n\n\n<ul class=\"wp-block-list\">\n<li>Yabanc\u0131lar, en fazla bir konut ve bir i\u015fyeri edinebilirler.<\/li>\n\n\n\n<li>Edinilen ta\u015f\u0131nmaz\u0131n toplam alan\u0131 5 d\u00f6n\u00fcm\u00fc ge\u00e7emez.<\/li>\n\n\n\n<li>Tar\u0131m arazisi edinimi yasakt\u0131r.<\/li>\n<\/ul>\n\n\n\n<h2 class=\"wp-block-heading\" id=\"h-madde-4-uzun-vadeli-kiralama-sartlari\"><strong>Madde 4: Uzun Vadeli Kiralama \u015eartlar\u0131<\/strong> <\/h2>\n\n\n\n<p>Yabanc\u0131lar, KKTC s\u0131n\u0131rlar\u0131 i\u00e7inde a\u015fa\u011f\u0131daki \u015fartlar dahilinde uzun vadeli kiralama yapabilirler:<\/p>\n\n\n\n<ul class=\"wp-block-list\">\n<li>Kiralama s\u00fcresi 10 y\u0131ldan fazla olamaz.<\/li>\n\n\n\n<li>Kiralama s\u00f6zle\u015fmeleri, ilgili Bakanl\u0131\u011f\u0131n onay\u0131na tabidir.<\/li>\n\n\n\n<li>Kiralanacak ta\u015f\u0131nmaz\u0131n, yasa ve y\u00f6netmeliklere uygun olmas\u0131 gereklidir.<\/li>\n<\/ul>\n\n\n\n<h2 class=\"wp-block-heading\" id=\"h-madde-5-istisnalar\"><strong>Madde 5: \u0130stisnalar<\/strong> <\/h2>\n\n\n\n<p>A\u015fa\u011f\u0131daki durumlarda yabanc\u0131lara daha geni\u015f haklar tan\u0131nabilir:<\/p>\n\n\n\n<ul class=\"wp-block-list\">\n<li>Yabanc\u0131 devletlerin KKTC&#8217;deki diplomatik temsilcilikleri ve konsolosluklar\u0131.<\/li>\n\n\n\n<li>Uluslararas\u0131 kurulu\u015flar\u0131n KKTC&#8217;deki temsilcilikleri.<\/li>\n\n\n\n<li>KKTC H\u00fck\u00fcmeti taraf\u0131ndan onaylanan yat\u0131r\u0131m projeleri kapsam\u0131nda ta\u015f\u0131nmaz mal edinen yabanc\u0131lar.<\/li>\n<\/ul>\n\n\n\n<h2 class=\"wp-block-heading\" id=\"h-madde-6-denetim-ve-yaptirimlar\"><strong>Madde 6: Denetim ve Yapt\u0131r\u0131mlar<\/strong> <\/h2>\n\n\n\n<p>Yasan\u0131n ihlali durumunda, yabanc\u0131lara uygulanan cezai yapt\u0131r\u0131mlar \u015funlard\u0131r:<\/p>\n\n\n\n<ul class=\"wp-block-list\">\n<li>Yasad\u0131\u015f\u0131 ta\u015f\u0131nmaz mal edinimi veya kiralama tespit edilirse, ta\u015f\u0131nmaz\u0131n m\u00fclkiyeti devlete ge\u00e7er.<\/li>\n\n\n\n<li>Yabanc\u0131ya idari para cezas\u0131 uygulan\u0131r.<\/li>\n<\/ul>\n\n\n\n<h2 class=\"wp-block-heading\" id=\"h-madde-7-yururluk\"><strong>Madde 7: Y\u00fcr\u00fcrl\u00fck<\/strong> <\/h2>\n\n\n\n<p>Bu yasa, 21 May\u0131s 2024 tarihinde y\u00fcr\u00fcrl\u00fc\u011fe girer.<\/p>\n\n\n\n<p><strong>Resmi Belge:<\/strong> <a href=\"https:\/\/akolglobal.com\/wp-content\/uploads\/2024\/07\/51.pdf\">[Yasan\u0131n tam metnini PDF olarak indir]<\/a><\/p>\n\n\n\n<p><\/p>\n","protected":false},"excerpt":{"rendered":"<p>Y\u00fcr\u00fcrl\u00fc\u011fe Giri\u015f Tarihi: 21 May\u0131s 2024 Madde 1: Ama\u00e7 ve Kapsam Bu yasa, yabanc\u0131lar\u0131n KKTC s\u0131n\u0131rlar\u0131 i\u00e7inde ta\u015f\u0131nmaz mal edinme [&hellip;]<\/p>\n","protected":false},"author":6,"featured_media":0,"parent":0,"menu_order":0,"comment_status":"closed","ping_status":"closed","template":"","meta":{"footnotes":""},"class_list":["post-17268","page","type-page","status-publish","hentry"],"yoast_head":"<!-- This site is optimized with the Yoast SEO Premium plugin v25.6 (Yoast SEO v27.4) - https:\/\/yoast.com\/product\/yoast-seo-premium-wordpress\/ -->\n<title>KKTC Ta\u015f\u0131nmaz Mal Yasas\u0131 - Akol Global | Kuzey K\u0131br\u0131s\u2019\u0131n G\u00fcvenilir \u0130n\u015faat ve Gayrimenkul \u015eirketi<\/title>\n<meta name=\"robots\" content=\"index, follow, max-snippet:-1, max-image-preview:large, max-video-preview:-1\" \/>\n<link rel=\"canonical\" href=\"https:\/\/akolglobal.com\/tr\/kktc-tasinmaz-mal-yasasi\/\" \/>\n<meta property=\"og:locale\" content=\"tr_TR\" \/>\n<meta property=\"og:type\" content=\"article\" \/>\n<meta property=\"og:title\" content=\"KKTC Ta\u015f\u0131nmaz Mal Yasas\u0131\" \/>\n<meta property=\"og:description\" content=\"Y\u00fcr\u00fcrl\u00fc\u011fe Giri\u015f Tarihi: 21 May\u0131s 2024 Madde 1: Ama\u00e7 ve Kapsam Bu yasa, yabanc\u0131lar\u0131n KKTC s\u0131n\u0131rlar\u0131 i\u00e7inde ta\u015f\u0131nmaz mal edinme [&hellip;]\" \/>\n<meta property=\"og:url\" content=\"https:\/\/akolglobal.com\/tr\/kktc-tasinmaz-mal-yasasi\/\" \/>\n<meta property=\"og:site_name\" content=\"Akol Global | Kuzey K\u0131br\u0131s\u2019\u0131n G\u00fcvenilir \u0130n\u015faat ve Gayrimenkul \u015eirketi\" \/>\n<meta property=\"article:publisher\" content=\"https:\/\/www.facebook.com\/akolglobal\/\" \/>\n<meta property=\"article:modified_time\" content=\"2024-07-27T06:41:48+00:00\" \/>\n<meta property=\"og:image\" content=\"https:\/\/akolglobal.com\/wp-content\/uploads\/2025\/10\/akolglobalherobanner.png\" \/>\n\t<meta property=\"og:image:width\" content=\"1920\" \/>\n\t<meta property=\"og:image:height\" content=\"1080\" \/>\n\t<meta property=\"og:image:type\" content=\"image\/png\" \/>\n<meta name=\"twitter:card\" content=\"summary_large_image\" \/>\n<meta name=\"twitter:site\" content=\"@AkolGlobal\" \/>\n<meta name=\"twitter:label1\" content=\"Tahmini okuma s\u00fcresi\" \/>\n\t<meta name=\"twitter:data1\" content=\"2 dakika\" \/>\n<script type=\"application\/ld+json\" class=\"yoast-schema-graph\">{\"@context\":\"https:\\\/\\\/schema.org\",\"@graph\":[{\"@type\":\"WebPage\",\"@id\":\"https:\\\/\\\/akolglobal.com\\\/kktc-tasinmaz-mal-yasasi\\\/\",\"url\":\"https:\\\/\\\/akolglobal.com\\\/kktc-tasinmaz-mal-yasasi\\\/\",\"name\":\"KKTC Ta\u015f\u0131nmaz Mal Yasas\u0131 - Akol Global | Kuzey K\u0131br\u0131s\u2019\u0131n G\u00fcvenilir \u0130n\u015faat ve Gayrimenkul \u015eirketi\",\"isPartOf\":{\"@id\":\"https:\\\/\\\/akolglobal.com\\\/#website\"},\"datePublished\":\"2024-07-27T06:38:53+00:00\",\"dateModified\":\"2024-07-27T06:41:48+00:00\",\"breadcrumb\":{\"@id\":\"https:\\\/\\\/akolglobal.com\\\/kktc-tasinmaz-mal-yasasi\\\/#breadcrumb\"},\"inLanguage\":\"tr\",\"potentialAction\":[{\"@type\":\"ReadAction\",\"target\":[\"https:\\\/\\\/akolglobal.com\\\/kktc-tasinmaz-mal-yasasi\\\/\"]}]},{\"@type\":\"BreadcrumbList\",\"@id\":\"https:\\\/\\\/akolglobal.com\\\/kktc-tasinmaz-mal-yasasi\\\/#breadcrumb\",\"itemListElement\":[{\"@type\":\"ListItem\",\"position\":1,\"name\":\"Anasayfa\",\"item\":\"https:\\\/\\\/akolglobal.com\\\/tr\\\/\"},{\"@type\":\"ListItem\",\"position\":2,\"name\":\"KKTC Ta\u015f\u0131nmaz Mal Yasas\u0131\"}]},{\"@type\":\"WebSite\",\"@id\":\"https:\\\/\\\/akolglobal.com\\\/#website\",\"url\":\"https:\\\/\\\/akolglobal.com\\\/\",\"name\":\"Akol Global | Kuzey K\u0131br\u0131s\u2019\u0131n G\u00fcvenilir \u0130n\u015faat ve Gayrimenkul \u015eirketi\",\"description\":\"Kuzey K\u0131br\u0131s\u2019\u0131n k\u00f6kl\u00fc in\u015faat \u015firketi Akol Global, Akdeniz\u2019in en se\u00e7kin b\u00f6lgelerinde l\u00fcks konut projeleri, y\u00fcksek kazan\u00e7l\u0131 yat\u0131r\u0131m f\u0131rsatlar\u0131 ve modern ya\u015fam alanlar\u0131 sunar.\",\"potentialAction\":[{\"@type\":\"SearchAction\",\"target\":{\"@type\":\"EntryPoint\",\"urlTemplate\":\"https:\\\/\\\/akolglobal.com\\\/?s={search_term_string}\"},\"query-input\":{\"@type\":\"PropertyValueSpecification\",\"valueRequired\":true,\"valueName\":\"search_term_string\"}}],\"inLanguage\":\"tr\"}]}<\/script>\n<!-- \/ Yoast SEO Premium plugin. -->","yoast_head_json":{"title":"KKTC Ta\u015f\u0131nmaz Mal Yasas\u0131 - Akol Global | Kuzey K\u0131br\u0131s\u2019\u0131n G\u00fcvenilir \u0130n\u015faat ve Gayrimenkul \u015eirketi","robots":{"index":"index","follow":"follow","max-snippet":"max-snippet:-1","max-image-preview":"max-image-preview:large","max-video-preview":"max-video-preview:-1"},"canonical":"https:\/\/akolglobal.com\/tr\/kktc-tasinmaz-mal-yasasi\/","og_locale":"tr_TR","og_type":"article","og_title":"KKTC Ta\u015f\u0131nmaz Mal Yasas\u0131","og_description":"Y\u00fcr\u00fcrl\u00fc\u011fe Giri\u015f Tarihi: 21 May\u0131s 2024 Madde 1: Ama\u00e7 ve Kapsam Bu yasa, yabanc\u0131lar\u0131n KKTC s\u0131n\u0131rlar\u0131 i\u00e7inde ta\u015f\u0131nmaz mal edinme [&hellip;]","og_url":"https:\/\/akolglobal.com\/tr\/kktc-tasinmaz-mal-yasasi\/","og_site_name":"Akol Global | Kuzey K\u0131br\u0131s\u2019\u0131n G\u00fcvenilir \u0130n\u015faat ve Gayrimenkul \u015eirketi","article_publisher":"https:\/\/www.facebook.com\/akolglobal\/","article_modified_time":"2024-07-27T06:41:48+00:00","og_image":[{"width":1920,"height":1080,"url":"https:\/\/akolglobal.com\/wp-content\/uploads\/2025\/10\/akolglobalherobanner.png","type":"image\/png"}],"twitter_card":"summary_large_image","twitter_site":"@AkolGlobal","twitter_misc":{"Tahmini okuma s\u00fcresi":"2 dakika"},"schema":{"@context":"https:\/\/schema.org","@graph":[{"@type":"WebPage","@id":"https:\/\/akolglobal.com\/kktc-tasinmaz-mal-yasasi\/","url":"https:\/\/akolglobal.com\/kktc-tasinmaz-mal-yasasi\/","name":"KKTC Ta\u015f\u0131nmaz Mal Yasas\u0131 - Akol Global | Kuzey K\u0131br\u0131s\u2019\u0131n G\u00fcvenilir \u0130n\u015faat ve Gayrimenkul \u015eirketi","isPartOf":{"@id":"https:\/\/akolglobal.com\/#website"},"datePublished":"2024-07-27T06:38:53+00:00","dateModified":"2024-07-27T06:41:48+00:00","breadcrumb":{"@id":"https:\/\/akolglobal.com\/kktc-tasinmaz-mal-yasasi\/#breadcrumb"},"inLanguage":"tr","potentialAction":[{"@type":"ReadAction","target":["https:\/\/akolglobal.com\/kktc-tasinmaz-mal-yasasi\/"]}]},{"@type":"BreadcrumbList","@id":"https:\/\/akolglobal.com\/kktc-tasinmaz-mal-yasasi\/#breadcrumb","itemListElement":[{"@type":"ListItem","position":1,"name":"Anasayfa","item":"https:\/\/akolglobal.com\/tr\/"},{"@type":"ListItem","position":2,"name":"KKTC Ta\u015f\u0131nmaz Mal Yasas\u0131"}]},{"@type":"WebSite","@id":"https:\/\/akolglobal.com\/#website","url":"https:\/\/akolglobal.com\/","name":"Akol Global | Kuzey K\u0131br\u0131s\u2019\u0131n G\u00fcvenilir \u0130n\u015faat ve Gayrimenkul \u015eirketi","description":"Kuzey K\u0131br\u0131s\u2019\u0131n k\u00f6kl\u00fc in\u015faat \u015firketi Akol Global, Akdeniz\u2019in en se\u00e7kin b\u00f6lgelerinde l\u00fcks konut projeleri, y\u00fcksek kazan\u00e7l\u0131 yat\u0131r\u0131m f\u0131rsatlar\u0131 ve modern ya\u015fam alanlar\u0131 sunar.","potentialAction":[{"@type":"SearchAction","target":{"@type":"EntryPoint","urlTemplate":"https:\/\/akolglobal.com\/?s={search_term_string}"},"query-input":{"@type":"PropertyValueSpecification","valueRequired":true,"valueName":"search_term_string"}}],"inLanguage":"tr"}]}},"_links":{"self":[{"href":"https:\/\/akolglobal.com\/tr\/wp-json\/wp\/v2\/pages\/17268","targetHints":{"allow":["GET"]}}],"collection":[{"href":"https:\/\/akolglobal.com\/tr\/wp-json\/wp\/v2\/pages"}],"about":[{"href":"https:\/\/akolglobal.com\/tr\/wp-json\/wp\/v2\/types\/page"}],"author":[{"embeddable":true,"href":"https:\/\/akolglobal.com\/tr\/wp-json\/wp\/v2\/users\/6"}],"replies":[{"embeddable":true,"href":"https:\/\/akolglobal.com\/tr\/wp-json\/wp\/v2\/comments?post=17268"}],"version-history":[{"count":3,"href":"https:\/\/akolglobal.com\/tr\/wp-json\/wp\/v2\/pages\/17268\/revisions"}],"predecessor-version":[{"id":17274,"href":"https:\/\/akolglobal.com\/tr\/wp-json\/wp\/v2\/pages\/17268\/revisions\/17274"}],"wp:attachment":[{"href":"https:\/\/akolglobal.com\/tr\/wp-json\/wp\/v2\/media?parent=17268"}],"curies":[{"name":"wp","href":"https:\/\/api.w.org\/{rel}","templated":true}]}}