{"id":2709,"date":"2023-11-14T06:26:12","date_gmt":"2023-11-14T06:26:12","guid":{"rendered":"https:\/\/akolglobal.com\/?page_id=2709"},"modified":"2024-06-25T17:19:26","modified_gmt":"2024-06-25T14:19:26","slug":"kktc-kiralik-evler","status":"publish","type":"page","link":"https:\/\/akolglobal.com\/tr\/kktc-kiralik-evler\/","title":{"rendered":"Kiral\u0131k Emlaklar"},"content":{"rendered":"\t\t<div data-elementor-type=\"wp-page\" data-elementor-id=\"2709\" class=\"elementor elementor-2709\" data-elementor-settings=\"{&quot;element_pack_global_tooltip_width&quot;:{&quot;unit&quot;:&quot;px&quot;,&quot;size&quot;:&quot;&quot;,&quot;sizes&quot;:[]},&quot;element_pack_global_tooltip_width_tablet&quot;:{&quot;unit&quot;:&quot;px&quot;,&quot;size&quot;:&quot;&quot;,&quot;sizes&quot;:[]},&quot;element_pack_global_tooltip_width_mobile&quot;:{&quot;unit&quot;:&quot;px&quot;,&quot;size&quot;:&quot;&quot;,&quot;sizes&quot;:[]},&quot;element_pack_global_tooltip_padding&quot;:{&quot;unit&quot;:&quot;px&quot;,&quot;top&quot;:&quot;&quot;,&quot;right&quot;:&quot;&quot;,&quot;bottom&quot;:&quot;&quot;,&quot;left&quot;:&quot;&quot;,&quot;isLinked&quot;:true},&quot;element_pack_global_tooltip_padding_tablet&quot;:{&quot;unit&quot;:&quot;px&quot;,&quot;top&quot;:&quot;&quot;,&quot;right&quot;:&quot;&quot;,&quot;bottom&quot;:&quot;&quot;,&quot;left&quot;:&quot;&quot;,&quot;isLinked&quot;:true},&quot;element_pack_global_tooltip_padding_mobile&quot;:{&quot;unit&quot;:&quot;px&quot;,&quot;top&quot;:&quot;&quot;,&quot;right&quot;:&quot;&quot;,&quot;bottom&quot;:&quot;&quot;,&quot;left&quot;:&quot;&quot;,&quot;isLinked&quot;:true},&quot;element_pack_global_tooltip_border_radius&quot;:{&quot;unit&quot;:&quot;px&quot;,&quot;top&quot;:&quot;&quot;,&quot;right&quot;:&quot;&quot;,&quot;bottom&quot;:&quot;&quot;,&quot;left&quot;:&quot;&quot;,&quot;isLinked&quot;:true},&quot;element_pack_global_tooltip_border_radius_tablet&quot;:{&quot;unit&quot;:&quot;px&quot;,&quot;top&quot;:&quot;&quot;,&quot;right&quot;:&quot;&quot;,&quot;bottom&quot;:&quot;&quot;,&quot;left&quot;:&quot;&quot;,&quot;isLinked&quot;:true},&quot;element_pack_global_tooltip_border_radius_mobile&quot;:{&quot;unit&quot;:&quot;px&quot;,&quot;top&quot;:&quot;&quot;,&quot;right&quot;:&quot;&quot;,&quot;bottom&quot;:&quot;&quot;,&quot;left&quot;:&quot;&quot;,&quot;isLinked&quot;:true}}\" data-elementor-post-type=\"page\">\n\t\t\t\t<div class=\"elementor-element elementor-element-49294e0 e-flex e-con-boxed e-con e-parent\" data-id=\"49294e0\" data-element_type=\"container\" data-e-type=\"container\">\n\t\t\t\t\t<div class=\"e-con-inner\">\n\t\t\t\t<div class=\"elementor-element elementor-element-57ee675 elementor-widget elementor-widget-text-editor\" data-id=\"57ee675\" data-element_type=\"widget\" data-e-type=\"widget\" data-widget_type=\"text-editor.default\">\n\t\t\t\t<div class=\"elementor-widget-container\">\n\t\t\t\t\t\t\t\t\t<p>Yerli ve yabanc\u0131 yat\u0131r\u0131mc\u0131lar i\u00e7in en ya\u015fanabilir ve yat\u0131r\u0131m de\u011feri y\u00fcksek projeler tasarlayan Akol Global sat\u0131l\u0131k emlak projelerinin yan\u0131 s\u0131ra kiral\u0131k gayrimenkuller de sunuyor. 2003 y\u0131l\u0131ndan bug\u00fcne hizmetlerini b\u00fcy\u00fcyerek s\u00fcrd\u00fcren Akol Global, faaliyet alanlar\u0131 aras\u0131nda yer alan GYO hizmeti ile birlikte emlak yat\u0131r\u0131mc\u0131lar\u0131na ait olan gayrimenkullerin kiralama s\u00fcrecini y\u00fcr\u00fct\u00fcyor.<\/p><p>Akol Global kiral\u0131k gayrimenkuller aras\u0131nda aras\u0131nda 3+1, 2+1, 1+1 daire se\u00e7eneklerinin yan\u0131 s\u0131ra penthouse veya rezidans dairesi, ticari d\u00fckkanlar ve ma\u011faza gibi se\u00e7enekler de yer al\u0131yor. Kuzey K\u0131br\u0131s\u2019ta ya\u015fanabilir ev veya kazan\u00e7 sa\u011flayan ticari alan kiralama talebiniz varsa Akol Global\u2019in kiralama y\u00f6netimi yapt\u0131\u011f\u0131 kiral\u0131k emlaklar aras\u0131nda hayallerinize uygun bir yer bulabilirsiniz.<\/p><p>Daha fazla detayl\u0131 bilgi almak i\u00e7in emlak dan\u0131\u015fman\u0131m\u0131z ile ileti\u015fime ge\u00e7ebilirsiniz:<\/p>\t\t\t\t\t\t\t\t<\/div>\n\t\t\t\t<\/div>\n\t\t\t\t\t<\/div>\n\t\t\t\t<\/div>\n\t\t\t\t<div class=\"elementor-section elementor-top-section elementor-element elementor-element-847b857 elementor-section-boxed elementor-section-height-default elementor-section-height-default\" data-id=\"847b857\" data-element_type=\"section\" data-e-type=\"section\" data-settings=\"{&quot;background_background&quot;:&quot;classic&quot;}\">\n\t\t\t\t\t\t<div class=\"elementor-container elementor-column-gap-no\">\n\t\t\t\t\t<div class=\"elementor-column elementor-col-50 elementor-top-column elementor-element elementor-element-68795fe4\" data-id=\"68795fe4\" data-element_type=\"column\" data-e-type=\"column\">\n\t\t\t<div class=\"elementor-widget-wrap elementor-element-populated\">\n\t\t\t\t\t\t<div class=\"elementor-element elementor-element-54e257bb bdt-title-link-yes bdt-icon-type-icon elementor-position-top bdt-icon-effect-none elementor-widget elementor-widget-bdt-advanced-icon-box\" data-id=\"54e257bb\" data-element_type=\"widget\" data-e-type=\"widget\" data-widget_type=\"bdt-advanced-icon-box.default\">\n\t\t\t\t<div class=\"elementor-widget-container\">\n\t\t\t\t\t\t\t<div class=\"bdt-ep-advanced-icon-box\">\n\n\t\t\t\t\t\t\t\n\t\t\t\t\t<div class=\"bdt-ep-advanced-icon-box-icon\">\n\t\t\t\t<span class=\"bdt-ep-advanced-icon-box-icon-wrap\">\n\n\n\t\t\t\t\t\n\t\t\t\t\t\t<i aria-hidden=\"true\" class=\"ti ti-headphone-alt\"><\/i>\n\n\t\t\t\t\t\t\t\t\t<\/span>\n\t\t\t<\/div>\n\t\t\n\t\t\t\t\n\t\t\t<div class=\"bdt-ep-advanced-icon-box-content\">\n\n\t\t\t\t\t\t\t\t\t\n\t\t\t\t\t<h4 class=\"bdt-ep-advanced-icon-box-title ep-title-\" onclick=\"window.open(&#039;tel:+905488125444&#039;, &#039;_self&#039;)\">\n\t\t\t\t<span >\n\t\t\t\t\tFarzin Jabbari\t\t\t\t<\/span>\n\t\t\t<\/h4>\n\t\t\n\n\t\t\n\t\t\t\t\t\n\t\t\t\t\n\t\t\t\t\t\t\t\t\t<div class=\"bdt-ep-advanced-icon-box-description\">\n\t\t\t\t\t\t<a href=\"tel:+905488125444\">+90 548 812 54 44<\/a>\t\t\t\t\t<\/div>\n\t\t\t\t\n\t\t\t\t\t\t\t<\/div>\n\t\t<\/div>\n\n\t\t\n\t\t\n\t\t\t\t<\/div>\n\t\t\t\t<\/div>\n\t\t\t\t\t<\/div>\n\t\t<\/div>\n\t\t\t\t<div class=\"elementor-column elementor-col-50 elementor-top-column elementor-element elementor-element-36f71e74\" data-id=\"36f71e74\" data-element_type=\"column\" data-e-type=\"column\">\n\t\t\t<div class=\"elementor-widget-wrap\">\n\t\t\t\t\t\t\t<\/div>\n\t\t<\/div>\n\t\t\t\t\t<\/div>\n\t\t<\/div>\n\t\t\t\t<\/div>\n\t\t","protected":false},"excerpt":{"rendered":"<p>Yerli ve yabanc\u0131 yat\u0131r\u0131mc\u0131lar i\u00e7in en ya\u015fanabilir ve yat\u0131r\u0131m de\u011feri y\u00fcksek projeler tasarlayan Akol Group of Companies sat\u0131l\u0131k emlak projelerinin [&hellip;]<\/p>\n","protected":false},"author":1,"featured_media":0,"parent":0,"menu_order":0,"comment_status":"closed","ping_status":"closed","template":"","meta":{"footnotes":""},"class_list":["post-2709","page","type-page","status-publish","hentry"],"yoast_head":"<!-- This site is optimized with the Yoast SEO Premium plugin v25.6 (Yoast SEO v27.4) - https:\/\/yoast.com\/product\/yoast-seo-premium-wordpress\/ -->\n<title>Kiral\u0131k Emlaklar - Akol Global | Kuzey K\u0131br\u0131s\u2019\u0131n G\u00fcvenilir \u0130n\u015faat ve Gayrimenkul \u015eirketi<\/title>\n<meta name=\"robots\" content=\"index, follow, max-snippet:-1, max-image-preview:large, max-video-preview:-1\" \/>\n<link rel=\"canonical\" href=\"https:\/\/akolglobal.com\/tr\/kktc-kiralik-evler\/\" \/>\n<meta property=\"og:locale\" content=\"tr_TR\" \/>\n<meta property=\"og:type\" content=\"article\" \/>\n<meta property=\"og:title\" content=\"Kiral\u0131k Emlaklar\" \/>\n<meta property=\"og:description\" content=\"Yerli ve yabanc\u0131 yat\u0131r\u0131mc\u0131lar i\u00e7in en ya\u015fanabilir ve yat\u0131r\u0131m de\u011feri y\u00fcksek projeler tasarlayan Akol Group of Companies sat\u0131l\u0131k emlak projelerinin [&hellip;]\" \/>\n<meta property=\"og:url\" content=\"https:\/\/akolglobal.com\/tr\/kktc-kiralik-evler\/\" \/>\n<meta property=\"og:site_name\" content=\"Akol Global | Kuzey K\u0131br\u0131s\u2019\u0131n G\u00fcvenilir \u0130n\u015faat ve Gayrimenkul \u015eirketi\" \/>\n<meta property=\"article:publisher\" content=\"https:\/\/www.facebook.com\/akolglobal\/\" \/>\n<meta property=\"article:modified_time\" content=\"2024-06-25T14:19:26+00:00\" \/>\n<meta property=\"og:image\" content=\"https:\/\/akolglobal.com\/wp-content\/uploads\/2025\/10\/akolglobalherobanner.png\" \/>\n\t<meta property=\"og:image:width\" content=\"1920\" \/>\n\t<meta property=\"og:image:height\" content=\"1080\" \/>\n\t<meta property=\"og:image:type\" content=\"image\/png\" \/>\n<meta name=\"twitter:card\" content=\"summary_large_image\" \/>\n<meta name=\"twitter:site\" content=\"@AkolGlobal\" \/>\n<meta name=\"twitter:label1\" content=\"Tahmini okuma s\u00fcresi\" \/>\n\t<meta name=\"twitter:data1\" content=\"1 dakika\" \/>\n<script type=\"application\/ld+json\" class=\"yoast-schema-graph\">{\"@context\":\"https:\\\/\\\/schema.org\",\"@graph\":[{\"@type\":\"WebPage\",\"@id\":\"https:\\\/\\\/akolglobal.com\\\/kktc-kiralik-evler\\\/\",\"url\":\"https:\\\/\\\/akolglobal.com\\\/kktc-kiralik-evler\\\/\",\"name\":\"Kiral\u0131k Emlaklar - Akol Global | Kuzey K\u0131br\u0131s\u2019\u0131n G\u00fcvenilir \u0130n\u015faat ve Gayrimenkul \u015eirketi\",\"isPartOf\":{\"@id\":\"https:\\\/\\\/akolglobal.com\\\/#website\"},\"datePublished\":\"2023-11-14T06:26:12+00:00\",\"dateModified\":\"2024-06-25T14:19:26+00:00\",\"breadcrumb\":{\"@id\":\"https:\\\/\\\/akolglobal.com\\\/kktc-kiralik-evler\\\/#breadcrumb\"},\"inLanguage\":\"tr\",\"potentialAction\":[{\"@type\":\"ReadAction\",\"target\":[\"https:\\\/\\\/akolglobal.com\\\/kktc-kiralik-evler\\\/\"]}]},{\"@type\":\"BreadcrumbList\",\"@id\":\"https:\\\/\\\/akolglobal.com\\\/kktc-kiralik-evler\\\/#breadcrumb\",\"itemListElement\":[{\"@type\":\"ListItem\",\"position\":1,\"name\":\"Anasayfa\",\"item\":\"https:\\\/\\\/akolglobal.com\\\/tr\\\/\"},{\"@type\":\"ListItem\",\"position\":2,\"name\":\"Kiral\u0131k Emlaklar\"}]},{\"@type\":\"WebSite\",\"@id\":\"https:\\\/\\\/akolglobal.com\\\/#website\",\"url\":\"https:\\\/\\\/akolglobal.com\\\/\",\"name\":\"Akol Global | Kuzey K\u0131br\u0131s\u2019\u0131n G\u00fcvenilir \u0130n\u015faat ve Gayrimenkul \u015eirketi\",\"description\":\"Kuzey K\u0131br\u0131s\u2019\u0131n k\u00f6kl\u00fc in\u015faat \u015firketi Akol Global, Akdeniz\u2019in en se\u00e7kin b\u00f6lgelerinde l\u00fcks konut projeleri, y\u00fcksek kazan\u00e7l\u0131 yat\u0131r\u0131m f\u0131rsatlar\u0131 ve modern ya\u015fam alanlar\u0131 sunar.\",\"potentialAction\":[{\"@type\":\"SearchAction\",\"target\":{\"@type\":\"EntryPoint\",\"urlTemplate\":\"https:\\\/\\\/akolglobal.com\\\/?s={search_term_string}\"},\"query-input\":{\"@type\":\"PropertyValueSpecification\",\"valueRequired\":true,\"valueName\":\"search_term_string\"}}],\"inLanguage\":\"tr\"}]}<\/script>\n<!-- \/ Yoast SEO Premium plugin. -->","yoast_head_json":{"title":"Kiral\u0131k Emlaklar - Akol Global | Kuzey K\u0131br\u0131s\u2019\u0131n G\u00fcvenilir \u0130n\u015faat ve Gayrimenkul \u015eirketi","robots":{"index":"index","follow":"follow","max-snippet":"max-snippet:-1","max-image-preview":"max-image-preview:large","max-video-preview":"max-video-preview:-1"},"canonical":"https:\/\/akolglobal.com\/tr\/kktc-kiralik-evler\/","og_locale":"tr_TR","og_type":"article","og_title":"Kiral\u0131k Emlaklar","og_description":"Yerli ve yabanc\u0131 yat\u0131r\u0131mc\u0131lar i\u00e7in en ya\u015fanabilir ve yat\u0131r\u0131m de\u011feri y\u00fcksek projeler tasarlayan Akol Group of Companies sat\u0131l\u0131k emlak projelerinin [&hellip;]","og_url":"https:\/\/akolglobal.com\/tr\/kktc-kiralik-evler\/","og_site_name":"Akol Global | Kuzey K\u0131br\u0131s\u2019\u0131n G\u00fcvenilir \u0130n\u015faat ve Gayrimenkul \u015eirketi","article_publisher":"https:\/\/www.facebook.com\/akolglobal\/","article_modified_time":"2024-06-25T14:19:26+00:00","og_image":[{"width":1920,"height":1080,"url":"https:\/\/akolglobal.com\/wp-content\/uploads\/2025\/10\/akolglobalherobanner.png","type":"image\/png"}],"twitter_card":"summary_large_image","twitter_site":"@AkolGlobal","twitter_misc":{"Tahmini okuma s\u00fcresi":"1 dakika"},"schema":{"@context":"https:\/\/schema.org","@graph":[{"@type":"WebPage","@id":"https:\/\/akolglobal.com\/kktc-kiralik-evler\/","url":"https:\/\/akolglobal.com\/kktc-kiralik-evler\/","name":"Kiral\u0131k Emlaklar - Akol Global | Kuzey K\u0131br\u0131s\u2019\u0131n G\u00fcvenilir \u0130n\u015faat ve Gayrimenkul \u015eirketi","isPartOf":{"@id":"https:\/\/akolglobal.com\/#website"},"datePublished":"2023-11-14T06:26:12+00:00","dateModified":"2024-06-25T14:19:26+00:00","breadcrumb":{"@id":"https:\/\/akolglobal.com\/kktc-kiralik-evler\/#breadcrumb"},"inLanguage":"tr","potentialAction":[{"@type":"ReadAction","target":["https:\/\/akolglobal.com\/kktc-kiralik-evler\/"]}]},{"@type":"BreadcrumbList","@id":"https:\/\/akolglobal.com\/kktc-kiralik-evler\/#breadcrumb","itemListElement":[{"@type":"ListItem","position":1,"name":"Anasayfa","item":"https:\/\/akolglobal.com\/tr\/"},{"@type":"ListItem","position":2,"name":"Kiral\u0131k Emlaklar"}]},{"@type":"WebSite","@id":"https:\/\/akolglobal.com\/#website","url":"https:\/\/akolglobal.com\/","name":"Akol Global | Kuzey K\u0131br\u0131s\u2019\u0131n G\u00fcvenilir \u0130n\u015faat ve Gayrimenkul \u015eirketi","description":"Kuzey K\u0131br\u0131s\u2019\u0131n k\u00f6kl\u00fc in\u015faat \u015firketi Akol Global, Akdeniz\u2019in en se\u00e7kin b\u00f6lgelerinde l\u00fcks konut projeleri, y\u00fcksek kazan\u00e7l\u0131 yat\u0131r\u0131m f\u0131rsatlar\u0131 ve modern ya\u015fam alanlar\u0131 sunar.","potentialAction":[{"@type":"SearchAction","target":{"@type":"EntryPoint","urlTemplate":"https:\/\/akolglobal.com\/?s={search_term_string}"},"query-input":{"@type":"PropertyValueSpecification","valueRequired":true,"valueName":"search_term_string"}}],"inLanguage":"tr"}]}},"_links":{"self":[{"href":"https:\/\/akolglobal.com\/tr\/wp-json\/wp\/v2\/pages\/2709","targetHints":{"allow":["GET"]}}],"collection":[{"href":"https:\/\/akolglobal.com\/tr\/wp-json\/wp\/v2\/pages"}],"about":[{"href":"https:\/\/akolglobal.com\/tr\/wp-json\/wp\/v2\/types\/page"}],"author":[{"embeddable":true,"href":"https:\/\/akolglobal.com\/tr\/wp-json\/wp\/v2\/users\/1"}],"replies":[{"embeddable":true,"href":"https:\/\/akolglobal.com\/tr\/wp-json\/wp\/v2\/comments?post=2709"}],"version-history":[{"count":11,"href":"https:\/\/akolglobal.com\/tr\/wp-json\/wp\/v2\/pages\/2709\/revisions"}],"predecessor-version":[{"id":3387,"href":"https:\/\/akolglobal.com\/tr\/wp-json\/wp\/v2\/pages\/2709\/revisions\/3387"}],"wp:attachment":[{"href":"https:\/\/akolglobal.com\/tr\/wp-json\/wp\/v2\/media?parent=2709"}],"curies":[{"name":"wp","href":"https:\/\/api.w.org\/{rel}","templated":true}]}}