{"id":2973,"date":"2023-11-16T00:53:58","date_gmt":"2023-11-16T00:53:58","guid":{"rendered":"https:\/\/akolglobal.com\/?page_id=2973"},"modified":"2023-11-27T04:53:54","modified_gmt":"2023-11-27T04:53:54","slug":"gelecek-projeler","status":"publish","type":"page","link":"https:\/\/akolglobal.com\/tr\/gelecek-projeler\/","title":{"rendered":"Gelecek Projeler"},"content":{"rendered":"\t\t<div data-elementor-type=\"wp-page\" data-elementor-id=\"2973\" class=\"elementor elementor-2973\" data-elementor-settings=\"{&quot;element_pack_global_tooltip_width&quot;:{&quot;unit&quot;:&quot;px&quot;,&quot;size&quot;:&quot;&quot;,&quot;sizes&quot;:[]},&quot;element_pack_global_tooltip_width_tablet&quot;:{&quot;unit&quot;:&quot;px&quot;,&quot;size&quot;:&quot;&quot;,&quot;sizes&quot;:[]},&quot;element_pack_global_tooltip_width_mobile&quot;:{&quot;unit&quot;:&quot;px&quot;,&quot;size&quot;:&quot;&quot;,&quot;sizes&quot;:[]},&quot;element_pack_global_tooltip_padding&quot;:{&quot;unit&quot;:&quot;px&quot;,&quot;top&quot;:&quot;&quot;,&quot;right&quot;:&quot;&quot;,&quot;bottom&quot;:&quot;&quot;,&quot;left&quot;:&quot;&quot;,&quot;isLinked&quot;:true},&quot;element_pack_global_tooltip_padding_tablet&quot;:{&quot;unit&quot;:&quot;px&quot;,&quot;top&quot;:&quot;&quot;,&quot;right&quot;:&quot;&quot;,&quot;bottom&quot;:&quot;&quot;,&quot;left&quot;:&quot;&quot;,&quot;isLinked&quot;:true},&quot;element_pack_global_tooltip_padding_mobile&quot;:{&quot;unit&quot;:&quot;px&quot;,&quot;top&quot;:&quot;&quot;,&quot;right&quot;:&quot;&quot;,&quot;bottom&quot;:&quot;&quot;,&quot;left&quot;:&quot;&quot;,&quot;isLinked&quot;:true},&quot;element_pack_global_tooltip_border_radius&quot;:{&quot;unit&quot;:&quot;px&quot;,&quot;top&quot;:&quot;&quot;,&quot;right&quot;:&quot;&quot;,&quot;bottom&quot;:&quot;&quot;,&quot;left&quot;:&quot;&quot;,&quot;isLinked&quot;:true},&quot;element_pack_global_tooltip_border_radius_tablet&quot;:{&quot;unit&quot;:&quot;px&quot;,&quot;top&quot;:&quot;&quot;,&quot;right&quot;:&quot;&quot;,&quot;bottom&quot;:&quot;&quot;,&quot;left&quot;:&quot;&quot;,&quot;isLinked&quot;:true},&quot;element_pack_global_tooltip_border_radius_mobile&quot;:{&quot;unit&quot;:&quot;px&quot;,&quot;top&quot;:&quot;&quot;,&quot;right&quot;:&quot;&quot;,&quot;bottom&quot;:&quot;&quot;,&quot;left&quot;:&quot;&quot;,&quot;isLinked&quot;:true}}\" data-elementor-post-type=\"page\">\n\t\t\t\t\t\t<div class=\"elementor-section elementor-top-section elementor-element elementor-element-847b857 elementor-section-boxed elementor-section-height-default elementor-section-height-default\" data-id=\"847b857\" data-element_type=\"section\" data-e-type=\"section\">\n\t\t\t\t\t\t<div class=\"elementor-container elementor-column-gap-no\">\n\t\t\t\t\t<div class=\"elementor-column elementor-col-100 elementor-top-column elementor-element elementor-element-36f71e74\" data-id=\"36f71e74\" data-element_type=\"column\" data-e-type=\"column\">\n\t\t\t<div class=\"elementor-widget-wrap elementor-element-populated\">\n\t\t\t\t\t\t<section class=\"elementor-section elementor-inner-section elementor-element elementor-element-2093523 elementor-section-boxed elementor-section-height-default elementor-section-height-default\" data-id=\"2093523\" data-element_type=\"section\" data-e-type=\"section\">\n\t\t\t\t\t\t<div class=\"elementor-container elementor-column-gap-default\">\n\t\t\t\t\t<div class=\"elementor-column elementor-col-50 elementor-inner-column elementor-element elementor-element-68795fe4\" data-id=\"68795fe4\" data-element_type=\"column\" data-e-type=\"column\">\n\t\t\t<div class=\"elementor-widget-wrap elementor-element-populated\">\n\t\t\t\t\t\t<div class=\"elementor-element elementor-element-54e257bb bdt-icon-type-image elementor-position-top bdt-icon-effect-none elementor-widget elementor-widget-bdt-advanced-icon-box\" data-id=\"54e257bb\" data-element_type=\"widget\" data-e-type=\"widget\" data-widget_type=\"bdt-advanced-icon-box.default\">\n\t\t\t\t<div class=\"elementor-widget-container\">\n\t\t\t\t\t\t\t<div class=\"bdt-ep-advanced-icon-box\">\n\n\t\t\t\t\t\t\t\n\t\t\t\t\t<div class=\"bdt-ep-advanced-icon-box-icon\">\n\t\t\t\t<span class=\"bdt-ep-advanced-icon-box-icon-wrap\">\n\n\n\t\t\t\t\t<img fetchpriority=\"high\" decoding=\"async\" width=\"1210\" height=\"968\" src=\"https:\/\/akolglobal.com\/wp-content\/uploads\/2023\/11\/1210x968-13.jpg\" class=\"attachment-full size-full\" alt=\"New Age Residence Long Beach - \u0130skele\" srcset=\"https:\/\/akolglobal.com\/wp-content\/uploads\/2023\/11\/1210x968-13.jpg 1210w, https:\/\/akolglobal.com\/wp-content\/uploads\/2023\/11\/1210x968-13-300x240.jpg 300w, https:\/\/akolglobal.com\/wp-content\/uploads\/2023\/11\/1210x968-13-1024x819.jpg 1024w, https:\/\/akolglobal.com\/wp-content\/uploads\/2023\/11\/1210x968-13-768x614.jpg 768w, https:\/\/akolglobal.com\/wp-content\/uploads\/2023\/11\/1210x968-13-15x12.jpg 15w, https:\/\/akolglobal.com\/wp-content\/uploads\/2023\/11\/1210x968-13-650x520.jpg 650w\" sizes=\"(max-width: 1210px) 100vw, 1210px\" \/>\t\t\t\t<\/span>\n\t\t\t<\/div>\n\t\t\n\t\t\t\t\n\t\t\t<div class=\"bdt-ep-advanced-icon-box-content\">\n\n\t\t\t\t\t\t\t\t\t\n\t\t\t\t\t<h4 class=\"bdt-ep-advanced-icon-box-title ep-title-\">\n\t\t\t\t<span >\n\t\t\t\t\tNew Age Residence Long Beach - \u0130skele\t\t\t\t<\/span>\n\t\t\t<\/h4>\n\t\t\n\n\t\t\n\t\t\t\t\t\n\t\t\t\t\n\t\t\t\t\n\t\t\t\t\t\t\t<\/div>\n\t\t<\/div>\n\n\t\t\n\t\t\t\t\t<div class=\"bdt-ep-advanced-icon-box-badge bdt-position-top-left\">\n\t\t\t\t<span class=\"bdt-badge bdt-padding-small\">Pek Yak\u0131nda<\/span>\n\t\t\t<\/div>\n\t\t\n\t\t\t\t<\/div>\n\t\t\t\t<\/div>\n\t\t\t\t\t<\/div>\n\t\t<\/div>\n\t\t\t\t<div class=\"elementor-column elementor-col-50 elementor-inner-column elementor-element elementor-element-7ec8347d\" data-id=\"7ec8347d\" data-element_type=\"column\" data-e-type=\"column\">\n\t\t\t<div class=\"elementor-widget-wrap elementor-element-populated\">\n\t\t\t\t\t\t<div class=\"elementor-element elementor-element-89ba357 bdt-icon-type-image elementor-position-top bdt-icon-effect-none elementor-widget elementor-widget-bdt-advanced-icon-box\" data-id=\"89ba357\" data-element_type=\"widget\" data-e-type=\"widget\" data-widget_type=\"bdt-advanced-icon-box.default\">\n\t\t\t\t<div class=\"elementor-widget-container\">\n\t\t\t\t\t\t\t<div class=\"bdt-ep-advanced-icon-box\">\n\n\t\t\t\t\t\t\t\n\t\t\t\t\t<div class=\"bdt-ep-advanced-icon-box-icon\">\n\t\t\t\t<span class=\"bdt-ep-advanced-icon-box-icon-wrap\">\n\n\n\t\t\t\t\t<img decoding=\"async\" width=\"1210\" height=\"968\" src=\"https:\/\/akolglobal.com\/wp-content\/uploads\/2023\/11\/1210x968-15.jpg\" class=\"attachment-full size-full\" alt=\"Bafra Panaroma - \u0130skele Bafra\" srcset=\"https:\/\/akolglobal.com\/wp-content\/uploads\/2023\/11\/1210x968-15.jpg 1210w, https:\/\/akolglobal.com\/wp-content\/uploads\/2023\/11\/1210x968-15-300x240.jpg 300w, https:\/\/akolglobal.com\/wp-content\/uploads\/2023\/11\/1210x968-15-1024x819.jpg 1024w, https:\/\/akolglobal.com\/wp-content\/uploads\/2023\/11\/1210x968-15-768x614.jpg 768w, https:\/\/akolglobal.com\/wp-content\/uploads\/2023\/11\/1210x968-15-15x12.jpg 15w, https:\/\/akolglobal.com\/wp-content\/uploads\/2023\/11\/1210x968-15-650x520.jpg 650w\" sizes=\"(max-width: 1210px) 100vw, 1210px\" \/>\t\t\t\t<\/span>\n\t\t\t<\/div>\n\t\t\n\t\t\t\t\n\t\t\t<div class=\"bdt-ep-advanced-icon-box-content\">\n\n\t\t\t\t\t\t\t\t\t\n\t\t\t\t\t<h4 class=\"bdt-ep-advanced-icon-box-title ep-title-\">\n\t\t\t\t<span >\n\t\t\t\t\tBafra Panaroma - \u0130skele Bafra\t\t\t\t<\/span>\n\t\t\t<\/h4>\n\t\t\n\n\t\t\n\t\t\t\t\t\n\t\t\t\t\n\t\t\t\t\n\t\t\t\t\t\t\t<\/div>\n\t\t<\/div>\n\n\t\t\n\t\t\t\t\t<div class=\"bdt-ep-advanced-icon-box-badge bdt-position-top-left\">\n\t\t\t\t<span class=\"bdt-badge bdt-padding-small\">Pek Yak\u0131nda<\/span>\n\t\t\t<\/div>\n\t\t\n\t\t\t\t<\/div>\n\t\t\t\t<\/div>\n\t\t\t\t\t<\/div>\n\t\t<\/div>\n\t\t\t\t\t<\/div>\n\t\t<\/section>\n\t\t\t\t<section class=\"elementor-section elementor-inner-section elementor-element elementor-element-1bab77e elementor-section-boxed elementor-section-height-default elementor-section-height-default\" data-id=\"1bab77e\" data-element_type=\"section\" data-e-type=\"section\">\n\t\t\t\t\t\t<div class=\"elementor-container elementor-column-gap-default\">\n\t\t\t\t\t<div class=\"elementor-column elementor-col-50 elementor-inner-column elementor-element elementor-element-fdf9f41\" data-id=\"fdf9f41\" data-element_type=\"column\" data-e-type=\"column\">\n\t\t\t<div class=\"elementor-widget-wrap elementor-element-populated\">\n\t\t\t\t\t\t<div class=\"elementor-element elementor-element-d24bd86 bdt-icon-type-image elementor-position-top bdt-icon-effect-none elementor-widget elementor-widget-bdt-advanced-icon-box\" data-id=\"d24bd86\" data-element_type=\"widget\" data-e-type=\"widget\" data-widget_type=\"bdt-advanced-icon-box.default\">\n\t\t\t\t<div class=\"elementor-widget-container\">\n\t\t\t\t\t\t\t<div class=\"bdt-ep-advanced-icon-box\">\n\n\t\t\t\t\t\t\t\n\t\t\t\t\t<div class=\"bdt-ep-advanced-icon-box-icon\">\n\t\t\t\t<span class=\"bdt-ep-advanced-icon-box-icon-wrap\">\n\n\n\t\t\t\t\t<img decoding=\"async\" width=\"1210\" height=\"968\" src=\"https:\/\/akolglobal.com\/wp-content\/uploads\/2023\/11\/1210x968-14.jpg\" class=\"attachment-full size-full\" alt=\"Necat court - \u0130skele Bafra\" srcset=\"https:\/\/akolglobal.com\/wp-content\/uploads\/2023\/11\/1210x968-14.jpg 1210w, https:\/\/akolglobal.com\/wp-content\/uploads\/2023\/11\/1210x968-14-300x240.jpg 300w, https:\/\/akolglobal.com\/wp-content\/uploads\/2023\/11\/1210x968-14-1024x819.jpg 1024w, https:\/\/akolglobal.com\/wp-content\/uploads\/2023\/11\/1210x968-14-768x614.jpg 768w, https:\/\/akolglobal.com\/wp-content\/uploads\/2023\/11\/1210x968-14-15x12.jpg 15w, https:\/\/akolglobal.com\/wp-content\/uploads\/2023\/11\/1210x968-14-650x520.jpg 650w\" sizes=\"(max-width: 1210px) 100vw, 1210px\" \/>\t\t\t\t<\/span>\n\t\t\t<\/div>\n\t\t\n\t\t\t\t\n\t\t\t<div class=\"bdt-ep-advanced-icon-box-content\">\n\n\t\t\t\t\t\t\t\t\t\n\t\t\t\t\t<h4 class=\"bdt-ep-advanced-icon-box-title ep-title-\">\n\t\t\t\t<span >\n\t\t\t\t\tNecat court - \u0130skele Bafra\t\t\t\t<\/span>\n\t\t\t<\/h4>\n\t\t\n\n\t\t\n\t\t\t\t\t\n\t\t\t\t\n\t\t\t\t\n\t\t\t\t\t\t\t<\/div>\n\t\t<\/div>\n\n\t\t\n\t\t\t\t\t<div class=\"bdt-ep-advanced-icon-box-badge bdt-position-top-left\">\n\t\t\t\t<span class=\"bdt-badge bdt-padding-small\">Pek Yak\u0131nda<\/span>\n\t\t\t<\/div>\n\t\t\n\t\t\t\t<\/div>\n\t\t\t\t<\/div>\n\t\t\t\t\t<\/div>\n\t\t<\/div>\n\t\t\t\t<div class=\"elementor-column elementor-col-50 elementor-inner-column elementor-element elementor-element-d54ed9f\" data-id=\"d54ed9f\" data-element_type=\"column\" data-e-type=\"column\">\n\t\t\t<div class=\"elementor-widget-wrap elementor-element-populated\">\n\t\t\t\t\t\t<div class=\"elementor-element elementor-element-bb87997 bdt-icon-type-image elementor-position-top bdt-icon-effect-none elementor-widget elementor-widget-bdt-advanced-icon-box\" data-id=\"bb87997\" data-element_type=\"widget\" data-e-type=\"widget\" data-widget_type=\"bdt-advanced-icon-box.default\">\n\t\t\t\t<div class=\"elementor-widget-container\">\n\t\t\t\t\t\t\t<div class=\"bdt-ep-advanced-icon-box\">\n\n\t\t\t\t\t\t\t\n\t\t\t\t\t<div class=\"bdt-ep-advanced-icon-box-icon\">\n\t\t\t\t<span class=\"bdt-ep-advanced-icon-box-icon-wrap\">\n\n\n\t\t\t\t\t<img loading=\"lazy\" decoding=\"async\" width=\"1210\" height=\"968\" src=\"https:\/\/akolglobal.com\/wp-content\/uploads\/2023\/11\/1210x968-16.jpg\" class=\"attachment-full size-full\" alt=\"Mackenzie Sky City Long Beach - \u0130skele\" srcset=\"https:\/\/akolglobal.com\/wp-content\/uploads\/2023\/11\/1210x968-16.jpg 1210w, https:\/\/akolglobal.com\/wp-content\/uploads\/2023\/11\/1210x968-16-300x240.jpg 300w, https:\/\/akolglobal.com\/wp-content\/uploads\/2023\/11\/1210x968-16-1024x819.jpg 1024w, https:\/\/akolglobal.com\/wp-content\/uploads\/2023\/11\/1210x968-16-768x614.jpg 768w, https:\/\/akolglobal.com\/wp-content\/uploads\/2023\/11\/1210x968-16-15x12.jpg 15w, https:\/\/akolglobal.com\/wp-content\/uploads\/2023\/11\/1210x968-16-650x520.jpg 650w\" sizes=\"(max-width: 1210px) 100vw, 1210px\" \/>\t\t\t\t<\/span>\n\t\t\t<\/div>\n\t\t\n\t\t\t\t\n\t\t\t<div class=\"bdt-ep-advanced-icon-box-content\">\n\n\t\t\t\t\t\t\t\t\t\n\t\t\t\t\t<h4 class=\"bdt-ep-advanced-icon-box-title ep-title-\">\n\t\t\t\t<span >\n\t\t\t\t\tMackenzie Sky City Long Beach - \u0130skele\t\t\t\t<\/span>\n\t\t\t<\/h4>\n\t\t\n\n\t\t\n\t\t\t\t\t\n\t\t\t\t\n\t\t\t\t\n\t\t\t\t\t\t\t<\/div>\n\t\t<\/div>\n\n\t\t\n\t\t\t\t\t<div class=\"bdt-ep-advanced-icon-box-badge bdt-position-top-left\">\n\t\t\t\t<span class=\"bdt-badge bdt-padding-small\">Pek Yak\u0131nda<\/span>\n\t\t\t<\/div>\n\t\t\n\t\t\t\t<\/div>\n\t\t\t\t<\/div>\n\t\t\t\t\t<\/div>\n\t\t<\/div>\n\t\t\t\t\t<\/div>\n\t\t<\/section>\n\t\t\t\t<section class=\"elementor-section elementor-inner-section elementor-element elementor-element-385f5b3 elementor-section-boxed elementor-section-height-default elementor-section-height-default\" data-id=\"385f5b3\" data-element_type=\"section\" data-e-type=\"section\">\n\t\t\t\t\t\t<div class=\"elementor-container elementor-column-gap-default\">\n\t\t\t\t\t<div class=\"elementor-column elementor-col-50 elementor-inner-column elementor-element elementor-element-7ff2624\" data-id=\"7ff2624\" data-element_type=\"column\" data-e-type=\"column\">\n\t\t\t<div class=\"elementor-widget-wrap elementor-element-populated\">\n\t\t\t\t\t\t<div class=\"elementor-element elementor-element-76ba306 bdt-icon-type-image elementor-position-top bdt-icon-effect-none elementor-widget elementor-widget-bdt-advanced-icon-box\" data-id=\"76ba306\" data-element_type=\"widget\" data-e-type=\"widget\" data-widget_type=\"bdt-advanced-icon-box.default\">\n\t\t\t\t<div class=\"elementor-widget-container\">\n\t\t\t\t\t\t\t<div class=\"bdt-ep-advanced-icon-box\">\n\n\t\t\t\t\t\t\t\n\t\t\t\t\t<div class=\"bdt-ep-advanced-icon-box-icon\">\n\t\t\t\t<span class=\"bdt-ep-advanced-icon-box-icon-wrap\">\n\n\n\t\t\t\t\t<img loading=\"lazy\" decoding=\"async\" width=\"1210\" height=\"968\" src=\"https:\/\/akolglobal.com\/wp-content\/uploads\/2023\/11\/1210x968-17.jpg\" class=\"attachment-full size-full\" alt=\"Bafra Country Villas\" srcset=\"https:\/\/akolglobal.com\/wp-content\/uploads\/2023\/11\/1210x968-17.jpg 1210w, https:\/\/akolglobal.com\/wp-content\/uploads\/2023\/11\/1210x968-17-300x240.jpg 300w, https:\/\/akolglobal.com\/wp-content\/uploads\/2023\/11\/1210x968-17-1024x819.jpg 1024w, https:\/\/akolglobal.com\/wp-content\/uploads\/2023\/11\/1210x968-17-768x614.jpg 768w, https:\/\/akolglobal.com\/wp-content\/uploads\/2023\/11\/1210x968-17-15x12.jpg 15w, https:\/\/akolglobal.com\/wp-content\/uploads\/2023\/11\/1210x968-17-650x520.jpg 650w\" sizes=\"(max-width: 1210px) 100vw, 1210px\" \/>\t\t\t\t<\/span>\n\t\t\t<\/div>\n\t\t\n\t\t\t\t\n\t\t\t<div class=\"bdt-ep-advanced-icon-box-content\">\n\n\t\t\t\t\t\t\t\t\t\n\t\t\t\t\t<h4 class=\"bdt-ep-advanced-icon-box-title ep-title-\">\n\t\t\t\t<span >\n\t\t\t\t\tBafra Country Villas\t\t\t\t<\/span>\n\t\t\t<\/h4>\n\t\t\n\n\t\t\n\t\t\t\t\t\n\t\t\t\t\n\t\t\t\t\n\t\t\t\t\t\t\t<\/div>\n\t\t<\/div>\n\n\t\t\n\t\t\t\t\t<div class=\"bdt-ep-advanced-icon-box-badge bdt-position-top-left\">\n\t\t\t\t<span class=\"bdt-badge bdt-padding-small\">Pek Yak\u0131nda<\/span>\n\t\t\t<\/div>\n\t\t\n\t\t\t\t<\/div>\n\t\t\t\t<\/div>\n\t\t\t\t\t<\/div>\n\t\t<\/div>\n\t\t\t\t<div class=\"elementor-column elementor-col-50 elementor-inner-column elementor-element elementor-element-34f597f\" data-id=\"34f597f\" data-element_type=\"column\" data-e-type=\"column\">\n\t\t\t<div class=\"elementor-widget-wrap\">\n\t\t\t\t\t\t\t<\/div>\n\t\t<\/div>\n\t\t\t\t\t<\/div>\n\t\t<\/section>\n\t\t\t\t\t<\/div>\n\t\t<\/div>\n\t\t\t\t\t<\/div>\n\t\t<\/div>\n\t\t\t\t<\/div>\n\t\t","protected":false},"excerpt":{"rendered":"<p>New Age Residence Long Beach &#8211; \u0130skele Pek Yak\u0131nda Bafra Panaroma &#8211; \u0130skele Bafra Pek Yak\u0131nda Necat court &#8211; \u0130skele [&hellip;]<\/p>\n","protected":false},"author":3,"featured_media":0,"parent":0,"menu_order":0,"comment_status":"closed","ping_status":"closed","template":"","meta":{"footnotes":""},"class_list":["post-2973","page","type-page","status-publish","hentry"],"yoast_head":"<!-- This site is optimized with the Yoast SEO Premium plugin v25.6 (Yoast SEO v27.4) - https:\/\/yoast.com\/product\/yoast-seo-premium-wordpress\/ -->\n<title>Gelecek Projeler - Akol Global | Kuzey K\u0131br\u0131s\u2019\u0131n G\u00fcvenilir \u0130n\u015faat ve Gayrimenkul \u015eirketi<\/title>\n<meta name=\"robots\" content=\"index, follow, max-snippet:-1, max-image-preview:large, max-video-preview:-1\" \/>\n<link rel=\"canonical\" href=\"https:\/\/akolglobal.com\/tr\/gelecek-projeler\/\" \/>\n<meta property=\"og:locale\" content=\"tr_TR\" \/>\n<meta property=\"og:type\" content=\"article\" \/>\n<meta property=\"og:title\" content=\"Gelecek Projeler\" \/>\n<meta property=\"og:description\" content=\"New Age Residence Long Beach &#8211; \u0130skele Pek Yak\u0131nda Bafra Panaroma &#8211; \u0130skele Bafra Pek Yak\u0131nda Necat court &#8211; \u0130skele [&hellip;]\" \/>\n<meta property=\"og:url\" content=\"https:\/\/akolglobal.com\/tr\/gelecek-projeler\/\" \/>\n<meta property=\"og:site_name\" content=\"Akol Global | Kuzey K\u0131br\u0131s\u2019\u0131n G\u00fcvenilir \u0130n\u015faat ve Gayrimenkul \u015eirketi\" \/>\n<meta property=\"article:publisher\" content=\"https:\/\/www.facebook.com\/akolglobal\/\" \/>\n<meta property=\"article:modified_time\" content=\"2023-11-27T04:53:54+00:00\" \/>\n<meta property=\"og:image\" content=\"https:\/\/akolglobal.com\/wp-content\/uploads\/2023\/11\/1210x968-13.jpg\" \/>\n<meta name=\"twitter:card\" content=\"summary_large_image\" \/>\n<meta name=\"twitter:site\" content=\"@AkolGlobal\" \/>\n<meta name=\"twitter:label1\" content=\"Tahmini okuma s\u00fcresi\" \/>\n\t<meta name=\"twitter:data1\" content=\"2 dakika\" \/>\n<script type=\"application\/ld+json\" class=\"yoast-schema-graph\">{\"@context\":\"https:\\\/\\\/schema.org\",\"@graph\":[{\"@type\":\"WebPage\",\"@id\":\"https:\\\/\\\/akolglobal.com\\\/gelecek-projeler\\\/\",\"url\":\"https:\\\/\\\/akolglobal.com\\\/gelecek-projeler\\\/\",\"name\":\"Gelecek Projeler - Akol Global | Kuzey K\u0131br\u0131s\u2019\u0131n G\u00fcvenilir \u0130n\u015faat ve Gayrimenkul \u015eirketi\",\"isPartOf\":{\"@id\":\"https:\\\/\\\/akolglobal.com\\\/#website\"},\"primaryImageOfPage\":{\"@id\":\"https:\\\/\\\/akolglobal.com\\\/gelecek-projeler\\\/#primaryimage\"},\"image\":{\"@id\":\"https:\\\/\\\/akolglobal.com\\\/gelecek-projeler\\\/#primaryimage\"},\"thumbnailUrl\":\"https:\\\/\\\/akolglobal.com\\\/wp-content\\\/uploads\\\/2023\\\/11\\\/1210x968-13.jpg\",\"datePublished\":\"2023-11-16T00:53:58+00:00\",\"dateModified\":\"2023-11-27T04:53:54+00:00\",\"breadcrumb\":{\"@id\":\"https:\\\/\\\/akolglobal.com\\\/gelecek-projeler\\\/#breadcrumb\"},\"inLanguage\":\"tr\",\"potentialAction\":[{\"@type\":\"ReadAction\",\"target\":[\"https:\\\/\\\/akolglobal.com\\\/gelecek-projeler\\\/\"]}]},{\"@type\":\"ImageObject\",\"inLanguage\":\"tr\",\"@id\":\"https:\\\/\\\/akolglobal.com\\\/gelecek-projeler\\\/#primaryimage\",\"url\":\"https:\\\/\\\/akolglobal.com\\\/wp-content\\\/uploads\\\/2023\\\/11\\\/1210x968-13.jpg\",\"contentUrl\":\"https:\\\/\\\/akolglobal.com\\\/wp-content\\\/uploads\\\/2023\\\/11\\\/1210x968-13.jpg\"},{\"@type\":\"BreadcrumbList\",\"@id\":\"https:\\\/\\\/akolglobal.com\\\/gelecek-projeler\\\/#breadcrumb\",\"itemListElement\":[{\"@type\":\"ListItem\",\"position\":1,\"name\":\"Anasayfa\",\"item\":\"https:\\\/\\\/akolglobal.com\\\/tr\\\/\"},{\"@type\":\"ListItem\",\"position\":2,\"name\":\"Gelecek Projeler\"}]},{\"@type\":\"WebSite\",\"@id\":\"https:\\\/\\\/akolglobal.com\\\/#website\",\"url\":\"https:\\\/\\\/akolglobal.com\\\/\",\"name\":\"Akol Global | Kuzey K\u0131br\u0131s\u2019\u0131n G\u00fcvenilir \u0130n\u015faat ve Gayrimenkul \u015eirketi\",\"description\":\"Kuzey K\u0131br\u0131s\u2019\u0131n k\u00f6kl\u00fc in\u015faat \u015firketi Akol Global, Akdeniz\u2019in en se\u00e7kin b\u00f6lgelerinde l\u00fcks konut projeleri, y\u00fcksek kazan\u00e7l\u0131 yat\u0131r\u0131m f\u0131rsatlar\u0131 ve modern ya\u015fam alanlar\u0131 sunar.\",\"potentialAction\":[{\"@type\":\"SearchAction\",\"target\":{\"@type\":\"EntryPoint\",\"urlTemplate\":\"https:\\\/\\\/akolglobal.com\\\/?s={search_term_string}\"},\"query-input\":{\"@type\":\"PropertyValueSpecification\",\"valueRequired\":true,\"valueName\":\"search_term_string\"}}],\"inLanguage\":\"tr\"}]}<\/script>\n<!-- \/ Yoast SEO Premium plugin. -->","yoast_head_json":{"title":"Gelecek Projeler - Akol Global | Kuzey K\u0131br\u0131s\u2019\u0131n G\u00fcvenilir \u0130n\u015faat ve Gayrimenkul \u015eirketi","robots":{"index":"index","follow":"follow","max-snippet":"max-snippet:-1","max-image-preview":"max-image-preview:large","max-video-preview":"max-video-preview:-1"},"canonical":"https:\/\/akolglobal.com\/tr\/gelecek-projeler\/","og_locale":"tr_TR","og_type":"article","og_title":"Gelecek Projeler","og_description":"New Age Residence Long Beach &#8211; \u0130skele Pek Yak\u0131nda Bafra Panaroma &#8211; \u0130skele Bafra Pek Yak\u0131nda Necat court &#8211; \u0130skele [&hellip;]","og_url":"https:\/\/akolglobal.com\/tr\/gelecek-projeler\/","og_site_name":"Akol Global | Kuzey K\u0131br\u0131s\u2019\u0131n G\u00fcvenilir \u0130n\u015faat ve Gayrimenkul \u015eirketi","article_publisher":"https:\/\/www.facebook.com\/akolglobal\/","article_modified_time":"2023-11-27T04:53:54+00:00","og_image":[{"url":"https:\/\/akolglobal.com\/wp-content\/uploads\/2023\/11\/1210x968-13.jpg","type":"","width":"","height":""}],"twitter_card":"summary_large_image","twitter_site":"@AkolGlobal","twitter_misc":{"Tahmini okuma s\u00fcresi":"2 dakika"},"schema":{"@context":"https:\/\/schema.org","@graph":[{"@type":"WebPage","@id":"https:\/\/akolglobal.com\/gelecek-projeler\/","url":"https:\/\/akolglobal.com\/gelecek-projeler\/","name":"Gelecek Projeler - Akol Global | Kuzey K\u0131br\u0131s\u2019\u0131n G\u00fcvenilir \u0130n\u015faat ve Gayrimenkul \u015eirketi","isPartOf":{"@id":"https:\/\/akolglobal.com\/#website"},"primaryImageOfPage":{"@id":"https:\/\/akolglobal.com\/gelecek-projeler\/#primaryimage"},"image":{"@id":"https:\/\/akolglobal.com\/gelecek-projeler\/#primaryimage"},"thumbnailUrl":"https:\/\/akolglobal.com\/wp-content\/uploads\/2023\/11\/1210x968-13.jpg","datePublished":"2023-11-16T00:53:58+00:00","dateModified":"2023-11-27T04:53:54+00:00","breadcrumb":{"@id":"https:\/\/akolglobal.com\/gelecek-projeler\/#breadcrumb"},"inLanguage":"tr","potentialAction":[{"@type":"ReadAction","target":["https:\/\/akolglobal.com\/gelecek-projeler\/"]}]},{"@type":"ImageObject","inLanguage":"tr","@id":"https:\/\/akolglobal.com\/gelecek-projeler\/#primaryimage","url":"https:\/\/akolglobal.com\/wp-content\/uploads\/2023\/11\/1210x968-13.jpg","contentUrl":"https:\/\/akolglobal.com\/wp-content\/uploads\/2023\/11\/1210x968-13.jpg"},{"@type":"BreadcrumbList","@id":"https:\/\/akolglobal.com\/gelecek-projeler\/#breadcrumb","itemListElement":[{"@type":"ListItem","position":1,"name":"Anasayfa","item":"https:\/\/akolglobal.com\/tr\/"},{"@type":"ListItem","position":2,"name":"Gelecek Projeler"}]},{"@type":"WebSite","@id":"https:\/\/akolglobal.com\/#website","url":"https:\/\/akolglobal.com\/","name":"Akol Global | Kuzey K\u0131br\u0131s\u2019\u0131n G\u00fcvenilir \u0130n\u015faat ve Gayrimenkul \u015eirketi","description":"Kuzey K\u0131br\u0131s\u2019\u0131n k\u00f6kl\u00fc in\u015faat \u015firketi Akol Global, Akdeniz\u2019in en se\u00e7kin b\u00f6lgelerinde l\u00fcks konut projeleri, y\u00fcksek kazan\u00e7l\u0131 yat\u0131r\u0131m f\u0131rsatlar\u0131 ve modern ya\u015fam alanlar\u0131 sunar.","potentialAction":[{"@type":"SearchAction","target":{"@type":"EntryPoint","urlTemplate":"https:\/\/akolglobal.com\/?s={search_term_string}"},"query-input":{"@type":"PropertyValueSpecification","valueRequired":true,"valueName":"search_term_string"}}],"inLanguage":"tr"}]}},"_links":{"self":[{"href":"https:\/\/akolglobal.com\/tr\/wp-json\/wp\/v2\/pages\/2973","targetHints":{"allow":["GET"]}}],"collection":[{"href":"https:\/\/akolglobal.com\/tr\/wp-json\/wp\/v2\/pages"}],"about":[{"href":"https:\/\/akolglobal.com\/tr\/wp-json\/wp\/v2\/types\/page"}],"author":[{"embeddable":true,"href":"https:\/\/akolglobal.com\/tr\/wp-json\/wp\/v2\/users\/3"}],"replies":[{"embeddable":true,"href":"https:\/\/akolglobal.com\/tr\/wp-json\/wp\/v2\/comments?post=2973"}],"version-history":[{"count":10,"href":"https:\/\/akolglobal.com\/tr\/wp-json\/wp\/v2\/pages\/2973\/revisions"}],"predecessor-version":[{"id":3104,"href":"https:\/\/akolglobal.com\/tr\/wp-json\/wp\/v2\/pages\/2973\/revisions\/3104"}],"wp:attachment":[{"href":"https:\/\/akolglobal.com\/tr\/wp-json\/wp\/v2\/media?parent=2973"}],"curies":[{"name":"wp","href":"https:\/\/api.w.org\/{rel}","templated":true}]}}