{"id":3,"date":"2023-10-19T10:44:16","date_gmt":"2023-10-19T10:44:16","guid":{"rendered":"https:\/\/akolglobal.com\/?page_id=3"},"modified":"2025-03-19T08:37:58","modified_gmt":"2025-03-19T06:37:58","slug":"gizlilik-politikasi","status":"publish","type":"page","link":"https:\/\/akolglobal.com\/tr\/gizlilik-politikasi\/","title":{"rendered":"Gizlilik Politikas\u0131"},"content":{"rendered":"\n<h2 class=\"wp-block-heading\" id=\"h-gizlilik-politikasi\"><strong>Gizlilik Politikas\u0131<\/strong><\/h2>\n\n\n\n<p>Akol Global olarak ki\u015fisel verilerinizin gizlili\u011fine ve korunmas\u0131na b\u00fcy\u00fck \u00f6nem veriyoruz. Bu politika, web sitemiz akolglobal.com \u00fczerinden toplad\u0131\u011f\u0131m\u0131z ki\u015fisel bilgilerin nas\u0131l kullan\u0131ld\u0131\u011f\u0131n\u0131, sakland\u0131\u011f\u0131n\u0131 ve korundu\u011funu a\u00e7\u0131klamaktad\u0131r.<\/p>\n\n\n\n<p><strong>1. Toplanan Veriler<\/strong><\/p>\n\n\n\n<ul class=\"wp-block-list\">\n<li>Ad, soyad, e-posta adresi, telefon numaras\u0131 gibi ileti\u015fim bilgileri<\/li>\n\n\n\n<li>Web sitemizi kullan\u0131m\u0131n\u0131za ili\u015fkin teknik veriler (IP adresi, taray\u0131c\u0131 bilgileri, \u00e7erezler vb.)<\/li>\n<\/ul>\n\n\n\n<p><strong>2. Verilerin Kullan\u0131m Amac\u0131<\/strong><\/p>\n\n\n\n<ul class=\"wp-block-list\">\n<li>Size hizmet sunmak ve taleplerinize yan\u0131t vermek<\/li>\n\n\n\n<li>Sizi projelerimiz hakk\u0131nda bilgilendirmek<\/li>\n\n\n\n<li>Yasal y\u00fck\u00fcml\u00fcl\u00fckleri yerine getirmek<\/li>\n<\/ul>\n\n\n\n<p><strong>3. \u00dc\u00e7\u00fcnc\u00fc Taraflarla Payla\u015f\u0131m<\/strong> Ki\u015fisel verileriniz, kanunen zorunlu haller d\u0131\u015f\u0131nda \u00fc\u00e7\u00fcnc\u00fc taraflarla payla\u015f\u0131lmaz.<\/p>\n\n\n\n<p><strong>4. Verilerin G\u00fcvenli\u011fi<\/strong> Ki\u015fisel verilerinizin g\u00fcvenli\u011fi i\u00e7in gerekli t\u00fcm teknik ve organizasyonel \u00f6nlemleri al\u0131yoruz.<\/p>\n\n\n\n<p><strong>5. Haklar\u0131n\u0131z<\/strong> KVKK ve ilgili mevzuatlar gere\u011fi ki\u015fisel verileriniz \u00fczerinde eri\u015fim, d\u00fczeltme ve silme haklar\u0131na sahipsiniz.<\/p>\n\n\n\n<p><strong>Daha fazla bilgi i\u00e7in bizimle ileti\u015fime ge\u00e7ebilirsiniz.<\/strong><\/p>\n","protected":false},"excerpt":{"rendered":"<p>Gizlilik Politikas\u0131 Akol Global olarak ki\u015fisel verilerinizin gizlili\u011fine ve korunmas\u0131na b\u00fcy\u00fck \u00f6nem veriyoruz. Bu politika, web sitemiz akolglobal.com \u00fczerinden toplad\u0131\u011f\u0131m\u0131z [&hellip;]<\/p>\n","protected":false},"author":1,"featured_media":0,"parent":0,"menu_order":0,"comment_status":"closed","ping_status":"closed","template":"","meta":{"footnotes":""},"class_list":["post-3","page","type-page","status-publish","hentry"],"yoast_head":"<!-- This site is optimized with the Yoast SEO Premium plugin v25.6 (Yoast SEO v27.4) - https:\/\/yoast.com\/product\/yoast-seo-premium-wordpress\/ -->\n<title>Gizlilik Politikas\u0131 - Akol Global | Kuzey K\u0131br\u0131s\u2019\u0131n G\u00fcvenilir \u0130n\u015faat ve Gayrimenkul \u015eirketi<\/title>\n<meta name=\"robots\" content=\"index, follow, max-snippet:-1, max-image-preview:large, max-video-preview:-1\" \/>\n<link rel=\"canonical\" href=\"https:\/\/akolglobal.com\/tr\/gizlilik-politikasi\/\" \/>\n<meta property=\"og:locale\" content=\"tr_TR\" \/>\n<meta property=\"og:type\" content=\"article\" \/>\n<meta property=\"og:title\" content=\"Gizlilik Politikas\u0131\" \/>\n<meta property=\"og:description\" content=\"Gizlilik Politikas\u0131 Akol Global olarak ki\u015fisel verilerinizin gizlili\u011fine ve korunmas\u0131na b\u00fcy\u00fck \u00f6nem veriyoruz. Bu politika, web sitemiz akolglobal.com \u00fczerinden toplad\u0131\u011f\u0131m\u0131z [&hellip;]\" \/>\n<meta property=\"og:url\" content=\"https:\/\/akolglobal.com\/tr\/gizlilik-politikasi\/\" \/>\n<meta property=\"og:site_name\" content=\"Akol Global | Kuzey K\u0131br\u0131s\u2019\u0131n G\u00fcvenilir \u0130n\u015faat ve Gayrimenkul \u015eirketi\" \/>\n<meta property=\"article:publisher\" content=\"https:\/\/www.facebook.com\/akolglobal\/\" \/>\n<meta property=\"article:modified_time\" content=\"2025-03-19T06:37:58+00:00\" \/>\n<meta property=\"og:image\" content=\"https:\/\/akolglobal.com\/wp-content\/uploads\/2025\/10\/akolglobalherobanner.png\" \/>\n\t<meta property=\"og:image:width\" content=\"1920\" \/>\n\t<meta property=\"og:image:height\" content=\"1080\" \/>\n\t<meta property=\"og:image:type\" content=\"image\/png\" \/>\n<meta name=\"twitter:card\" content=\"summary_large_image\" \/>\n<meta name=\"twitter:site\" content=\"@AkolGlobal\" \/>\n<meta name=\"twitter:label1\" content=\"Tahmini okuma s\u00fcresi\" \/>\n\t<meta name=\"twitter:data1\" content=\"1 dakika\" \/>\n<script type=\"application\/ld+json\" class=\"yoast-schema-graph\">{\"@context\":\"https:\\\/\\\/schema.org\",\"@graph\":[{\"@type\":\"WebPage\",\"@id\":\"https:\\\/\\\/akolglobal.com\\\/gizlilik-politikasi\\\/\",\"url\":\"https:\\\/\\\/akolglobal.com\\\/gizlilik-politikasi\\\/\",\"name\":\"Gizlilik Politikas\u0131 - Akol Global | Kuzey K\u0131br\u0131s\u2019\u0131n G\u00fcvenilir \u0130n\u015faat ve Gayrimenkul \u015eirketi\",\"isPartOf\":{\"@id\":\"https:\\\/\\\/akolglobal.com\\\/#website\"},\"datePublished\":\"2023-10-19T10:44:16+00:00\",\"dateModified\":\"2025-03-19T06:37:58+00:00\",\"breadcrumb\":{\"@id\":\"https:\\\/\\\/akolglobal.com\\\/gizlilik-politikasi\\\/#breadcrumb\"},\"inLanguage\":\"tr\",\"potentialAction\":[{\"@type\":\"ReadAction\",\"target\":[\"https:\\\/\\\/akolglobal.com\\\/gizlilik-politikasi\\\/\"]}]},{\"@type\":\"BreadcrumbList\",\"@id\":\"https:\\\/\\\/akolglobal.com\\\/gizlilik-politikasi\\\/#breadcrumb\",\"itemListElement\":[{\"@type\":\"ListItem\",\"position\":1,\"name\":\"Anasayfa\",\"item\":\"https:\\\/\\\/akolglobal.com\\\/tr\\\/\"},{\"@type\":\"ListItem\",\"position\":2,\"name\":\"Gizlilik Politikas\u0131\"}]},{\"@type\":\"WebSite\",\"@id\":\"https:\\\/\\\/akolglobal.com\\\/#website\",\"url\":\"https:\\\/\\\/akolglobal.com\\\/\",\"name\":\"Akol Global | Kuzey K\u0131br\u0131s\u2019\u0131n G\u00fcvenilir \u0130n\u015faat ve Gayrimenkul \u015eirketi\",\"description\":\"Kuzey K\u0131br\u0131s\u2019\u0131n k\u00f6kl\u00fc in\u015faat \u015firketi Akol Global, Akdeniz\u2019in en se\u00e7kin b\u00f6lgelerinde l\u00fcks konut projeleri, y\u00fcksek kazan\u00e7l\u0131 yat\u0131r\u0131m f\u0131rsatlar\u0131 ve modern ya\u015fam alanlar\u0131 sunar.\",\"potentialAction\":[{\"@type\":\"SearchAction\",\"target\":{\"@type\":\"EntryPoint\",\"urlTemplate\":\"https:\\\/\\\/akolglobal.com\\\/?s={search_term_string}\"},\"query-input\":{\"@type\":\"PropertyValueSpecification\",\"valueRequired\":true,\"valueName\":\"search_term_string\"}}],\"inLanguage\":\"tr\"}]}<\/script>\n<!-- \/ Yoast SEO Premium plugin. -->","yoast_head_json":{"title":"Gizlilik Politikas\u0131 - Akol Global | Kuzey K\u0131br\u0131s\u2019\u0131n G\u00fcvenilir \u0130n\u015faat ve Gayrimenkul \u015eirketi","robots":{"index":"index","follow":"follow","max-snippet":"max-snippet:-1","max-image-preview":"max-image-preview:large","max-video-preview":"max-video-preview:-1"},"canonical":"https:\/\/akolglobal.com\/tr\/gizlilik-politikasi\/","og_locale":"tr_TR","og_type":"article","og_title":"Gizlilik Politikas\u0131","og_description":"Gizlilik Politikas\u0131 Akol Global olarak ki\u015fisel verilerinizin gizlili\u011fine ve korunmas\u0131na b\u00fcy\u00fck \u00f6nem veriyoruz. Bu politika, web sitemiz akolglobal.com \u00fczerinden toplad\u0131\u011f\u0131m\u0131z [&hellip;]","og_url":"https:\/\/akolglobal.com\/tr\/gizlilik-politikasi\/","og_site_name":"Akol Global | Kuzey K\u0131br\u0131s\u2019\u0131n G\u00fcvenilir \u0130n\u015faat ve Gayrimenkul \u015eirketi","article_publisher":"https:\/\/www.facebook.com\/akolglobal\/","article_modified_time":"2025-03-19T06:37:58+00:00","og_image":[{"width":1920,"height":1080,"url":"https:\/\/akolglobal.com\/wp-content\/uploads\/2025\/10\/akolglobalherobanner.png","type":"image\/png"}],"twitter_card":"summary_large_image","twitter_site":"@AkolGlobal","twitter_misc":{"Tahmini okuma s\u00fcresi":"1 dakika"},"schema":{"@context":"https:\/\/schema.org","@graph":[{"@type":"WebPage","@id":"https:\/\/akolglobal.com\/gizlilik-politikasi\/","url":"https:\/\/akolglobal.com\/gizlilik-politikasi\/","name":"Gizlilik Politikas\u0131 - Akol Global | Kuzey K\u0131br\u0131s\u2019\u0131n G\u00fcvenilir \u0130n\u015faat ve Gayrimenkul \u015eirketi","isPartOf":{"@id":"https:\/\/akolglobal.com\/#website"},"datePublished":"2023-10-19T10:44:16+00:00","dateModified":"2025-03-19T06:37:58+00:00","breadcrumb":{"@id":"https:\/\/akolglobal.com\/gizlilik-politikasi\/#breadcrumb"},"inLanguage":"tr","potentialAction":[{"@type":"ReadAction","target":["https:\/\/akolglobal.com\/gizlilik-politikasi\/"]}]},{"@type":"BreadcrumbList","@id":"https:\/\/akolglobal.com\/gizlilik-politikasi\/#breadcrumb","itemListElement":[{"@type":"ListItem","position":1,"name":"Anasayfa","item":"https:\/\/akolglobal.com\/tr\/"},{"@type":"ListItem","position":2,"name":"Gizlilik Politikas\u0131"}]},{"@type":"WebSite","@id":"https:\/\/akolglobal.com\/#website","url":"https:\/\/akolglobal.com\/","name":"Akol Global | Kuzey K\u0131br\u0131s\u2019\u0131n G\u00fcvenilir \u0130n\u015faat ve Gayrimenkul \u015eirketi","description":"Kuzey K\u0131br\u0131s\u2019\u0131n k\u00f6kl\u00fc in\u015faat \u015firketi Akol Global, Akdeniz\u2019in en se\u00e7kin b\u00f6lgelerinde l\u00fcks konut projeleri, y\u00fcksek kazan\u00e7l\u0131 yat\u0131r\u0131m f\u0131rsatlar\u0131 ve modern ya\u015fam alanlar\u0131 sunar.","potentialAction":[{"@type":"SearchAction","target":{"@type":"EntryPoint","urlTemplate":"https:\/\/akolglobal.com\/?s={search_term_string}"},"query-input":{"@type":"PropertyValueSpecification","valueRequired":true,"valueName":"search_term_string"}}],"inLanguage":"tr"}]}},"_links":{"self":[{"href":"https:\/\/akolglobal.com\/tr\/wp-json\/wp\/v2\/pages\/3","targetHints":{"allow":["GET"]}}],"collection":[{"href":"https:\/\/akolglobal.com\/tr\/wp-json\/wp\/v2\/pages"}],"about":[{"href":"https:\/\/akolglobal.com\/tr\/wp-json\/wp\/v2\/types\/page"}],"author":[{"embeddable":true,"href":"https:\/\/akolglobal.com\/tr\/wp-json\/wp\/v2\/users\/1"}],"replies":[{"embeddable":true,"href":"https:\/\/akolglobal.com\/tr\/wp-json\/wp\/v2\/comments?post=3"}],"version-history":[{"count":2,"href":"https:\/\/akolglobal.com\/tr\/wp-json\/wp\/v2\/pages\/3\/revisions"}],"predecessor-version":[{"id":18064,"href":"https:\/\/akolglobal.com\/tr\/wp-json\/wp\/v2\/pages\/3\/revisions\/18064"}],"wp:attachment":[{"href":"https:\/\/akolglobal.com\/tr\/wp-json\/wp\/v2\/media?parent=3"}],"curies":[{"name":"wp","href":"https:\/\/api.w.org\/{rel}","templated":true}]}}