{"id":523,"date":"2023-10-30T05:57:45","date_gmt":"2023-10-30T05:57:45","guid":{"rendered":"https:\/\/akolglobal.com\/?page_id=523"},"modified":"2023-11-27T04:53:36","modified_gmt":"2023-11-27T04:53:36","slug":"odeme-ve-tahsilat","status":"publish","type":"page","link":"https:\/\/akolglobal.com\/tr\/odeme-ve-tahsilat\/","title":{"rendered":"\u00d6deme ve Tahsilat"},"content":{"rendered":"\t\t<div data-elementor-type=\"wp-page\" data-elementor-id=\"523\" class=\"elementor elementor-523\" data-elementor-settings=\"{&quot;element_pack_global_tooltip_width&quot;:{&quot;unit&quot;:&quot;px&quot;,&quot;size&quot;:&quot;&quot;,&quot;sizes&quot;:[]},&quot;element_pack_global_tooltip_width_tablet&quot;:{&quot;unit&quot;:&quot;px&quot;,&quot;size&quot;:&quot;&quot;,&quot;sizes&quot;:[]},&quot;element_pack_global_tooltip_width_mobile&quot;:{&quot;unit&quot;:&quot;px&quot;,&quot;size&quot;:&quot;&quot;,&quot;sizes&quot;:[]},&quot;element_pack_global_tooltip_padding&quot;:{&quot;unit&quot;:&quot;px&quot;,&quot;top&quot;:&quot;&quot;,&quot;right&quot;:&quot;&quot;,&quot;bottom&quot;:&quot;&quot;,&quot;left&quot;:&quot;&quot;,&quot;isLinked&quot;:true},&quot;element_pack_global_tooltip_padding_tablet&quot;:{&quot;unit&quot;:&quot;px&quot;,&quot;top&quot;:&quot;&quot;,&quot;right&quot;:&quot;&quot;,&quot;bottom&quot;:&quot;&quot;,&quot;left&quot;:&quot;&quot;,&quot;isLinked&quot;:true},&quot;element_pack_global_tooltip_padding_mobile&quot;:{&quot;unit&quot;:&quot;px&quot;,&quot;top&quot;:&quot;&quot;,&quot;right&quot;:&quot;&quot;,&quot;bottom&quot;:&quot;&quot;,&quot;left&quot;:&quot;&quot;,&quot;isLinked&quot;:true},&quot;element_pack_global_tooltip_border_radius&quot;:{&quot;unit&quot;:&quot;px&quot;,&quot;top&quot;:&quot;&quot;,&quot;right&quot;:&quot;&quot;,&quot;bottom&quot;:&quot;&quot;,&quot;left&quot;:&quot;&quot;,&quot;isLinked&quot;:true},&quot;element_pack_global_tooltip_border_radius_tablet&quot;:{&quot;unit&quot;:&quot;px&quot;,&quot;top&quot;:&quot;&quot;,&quot;right&quot;:&quot;&quot;,&quot;bottom&quot;:&quot;&quot;,&quot;left&quot;:&quot;&quot;,&quot;isLinked&quot;:true},&quot;element_pack_global_tooltip_border_radius_mobile&quot;:{&quot;unit&quot;:&quot;px&quot;,&quot;top&quot;:&quot;&quot;,&quot;right&quot;:&quot;&quot;,&quot;bottom&quot;:&quot;&quot;,&quot;left&quot;:&quot;&quot;,&quot;isLinked&quot;:true}}\" data-elementor-post-type=\"page\">\n\t\t\t\t<div class=\"elementor-element elementor-element-ce8b8fd e-flex e-con-boxed e-con e-parent\" data-id=\"ce8b8fd\" data-element_type=\"container\" data-e-type=\"container\" data-settings=\"{&quot;animation&quot;:&quot;none&quot;}\">\n\t\t\t\t\t<div class=\"e-con-inner\">\n\t\t\t\t<div class=\"elementor-element elementor-element-99c37f7 elementor-widget-tablet__width-initial elementor-widget elementor-widget-text-editor\" data-id=\"99c37f7\" data-element_type=\"widget\" data-e-type=\"widget\" data-widget_type=\"text-editor.default\">\n\t\t\t\t<div class=\"elementor-widget-container\">\n\t\t\t\t\t\t\t\t\t<p>Akol Global olarak sat\u0131n almak istedi\u011finiz gayrimenkul i\u00e7in size \u00f6zel farkl\u0131 \u00f6deme planlar\u0131 sunuyoruz. Finansal planlar\u0131n\u0131za ve b\u00fct\u00e7enize \u00f6zel olarak \u015fekillendirdi\u011fimiz \u00f6deme plan\u0131n\u0131z s\u00fcresince, \u00f6demelerinizi farkl\u0131 se\u00e7enekler ile de ger\u00e7ekle\u015ftirebilirsiniz.<\/p><p>Banka kredilerinin yan\u0131 s\u0131ra orta ve uzun vadeli \u00f6deme planlar\u0131 gibi pek \u00e7ok se\u00e7enek ile \u00f6deme s\u00fcrecinizi kolayla\u015ft\u0131rabilirsiniz. \u00dcstelik kripto para ile tahsilat yapabilme imkan\u0131 da sizi bekliyor!<\/p><p>Size \u00f6zel \u00f6deme plan\u0131n\u0131 belirlemek ve \u00f6deme y\u00f6ntemleri hakk\u0131nda daha detayl\u0131 bilgi almak i\u00e7in bizimle ileti\u015fime ge\u00e7ebilirsiniz.<\/p>\t\t\t\t\t\t\t\t<\/div>\n\t\t\t\t<\/div>\n\t\t\t\t\t<\/div>\n\t\t\t\t<\/div>\n\t\t\t\t<div class=\"elementor-section elementor-top-section elementor-element elementor-element-314b3573 elementor-section-boxed elementor-section-height-default elementor-section-height-default\" data-id=\"314b3573\" data-element_type=\"section\" data-e-type=\"section\" id=\"why-us\">\n\t\t\t\t\t\t<div class=\"elementor-container elementor-column-gap-default\">\n\t\t\t\t\t<div class=\"elementor-column elementor-col-50 elementor-top-column elementor-element elementor-element-300f57cc\" data-id=\"300f57cc\" data-element_type=\"column\" data-e-type=\"column\">\n\t\t\t<div class=\"elementor-widget-wrap elementor-element-populated\">\n\t\t\t\t\t\t<div class=\"elementor-element elementor-element-afe72d3 elementor-widget elementor-widget-heading\" data-id=\"afe72d3\" data-element_type=\"widget\" data-e-type=\"widget\" data-widget_type=\"heading.default\">\n\t\t\t\t<div class=\"elementor-widget-container\">\n\t\t\t\t\t<h2 class=\"elementor-heading-title elementor-size-default\">Size En  Uygun \u00d6deme Y\u00f6ntemlerini Sunuyoruz<\/h2>\t\t\t\t<\/div>\n\t\t\t\t<\/div>\n\t\t\t\t<div class=\"elementor-element elementor-element-7ec2d781 elementor-widget elementor-widget-spacer\" data-id=\"7ec2d781\" data-element_type=\"widget\" data-e-type=\"widget\" data-widget_type=\"spacer.default\">\n\t\t\t\t<div class=\"elementor-widget-container\">\n\t\t\t\t\t\t\t<div class=\"elementor-spacer\">\n\t\t\t<div class=\"elementor-spacer-inner\"><\/div>\n\t\t<\/div>\n\t\t\t\t\t\t<\/div>\n\t\t\t\t<\/div>\n\t\t\t\t<div class=\"elementor-element elementor-element-5d0c931 elementor-widget__width-initial elementor-widget-tablet__width-initial elementor-widget-mobile__width-inherit elementor-widget elementor-widget-text-editor\" data-id=\"5d0c931\" data-element_type=\"widget\" data-e-type=\"widget\" data-widget_type=\"text-editor.default\">\n\t\t\t\t<div class=\"elementor-widget-container\">\n\t\t\t\t\t\t\t\t\t<p>Finansal planlar\u0131n\u0131za ve b\u00fct\u00e7enize \u00f6zel olarak \u015fekillendirdi\u011fimiz \u00f6deme plan\u0131n\u0131z s\u00fcresince, \u00f6demelerinizi farkl\u0131 se\u00e7enekler ile de ger\u00e7ekle\u015ftirebilirsiniz.<\/p>\t\t\t\t\t\t\t\t<\/div>\n\t\t\t\t<\/div>\n\t\t\t\t\t<\/div>\n\t\t<\/div>\n\t\t\t\t<div class=\"elementor-column elementor-col-50 elementor-top-column elementor-element elementor-element-682ad42d\" data-id=\"682ad42d\" data-element_type=\"column\" data-e-type=\"column\" data-settings=\"{&quot;background_background&quot;:&quot;gradient&quot;}\">\n\t\t\t<div class=\"elementor-widget-wrap elementor-element-populated\">\n\t\t\t\t\t\t<section class=\"elementor-section elementor-inner-section elementor-element elementor-element-4c2a5a86 elementor-section-boxed elementor-section-height-default elementor-section-height-default\" data-id=\"4c2a5a86\" data-element_type=\"section\" data-e-type=\"section\">\n\t\t\t\t\t\t<div class=\"elementor-container elementor-column-gap-default\">\n\t\t\t\t\t<div class=\"elementor-column elementor-col-50 elementor-inner-column elementor-element elementor-element-5ca89606\" data-id=\"5ca89606\" data-element_type=\"column\" data-e-type=\"column\">\n\t\t\t<div class=\"elementor-widget-wrap elementor-element-populated\">\n\t\t\t\t\t\t<div class=\"elementor-element elementor-element-448c7f19 bdt-icon-type-image elementor-position-top bdt-icon-effect-none elementor-invisible elementor-widget elementor-widget-bdt-advanced-icon-box\" data-id=\"448c7f19\" data-element_type=\"widget\" data-e-type=\"widget\" data-settings=\"{&quot;_animation&quot;:&quot;fadeInUp&quot;}\" data-widget_type=\"bdt-advanced-icon-box.default\">\n\t\t\t\t<div class=\"elementor-widget-container\">\n\t\t\t\t\t\t\t<div class=\"bdt-ep-advanced-icon-box\">\n\n\t\t\t\t\t\t\t\n\t\t\t\t\t<div class=\"bdt-ep-advanced-icon-box-icon\">\n\t\t\t\t<span class=\"bdt-ep-advanced-icon-box-icon-wrap\">\n\n\n\t\t\t\t\t<img fetchpriority=\"high\" decoding=\"async\" width=\"512\" height=\"512\" src=\"https:\/\/akolglobal.com\/wp-content\/uploads\/2023\/11\/1payment-day.png\" class=\"attachment-full size-full\" alt=\" Vadeli \u00d6deme Planlar\u0131\" srcset=\"https:\/\/akolglobal.com\/wp-content\/uploads\/2023\/11\/1payment-day.png 512w, https:\/\/akolglobal.com\/wp-content\/uploads\/2023\/11\/1payment-day-300x300.png 300w, https:\/\/akolglobal.com\/wp-content\/uploads\/2023\/11\/1payment-day-150x150.png 150w\" sizes=\"(max-width: 512px) 100vw, 512px\" \/>\t\t\t\t<\/span>\n\t\t\t<\/div>\n\t\t\n\t\t\t\t\n\t\t\t<div class=\"bdt-ep-advanced-icon-box-content\">\n\n\t\t\t\t\t\t\t\t\t\n\t\t\t\t\t<h3 class=\"bdt-ep-advanced-icon-box-title ep-title-\">\n\t\t\t\t<span >\n\t\t\t\t\t Vadeli \u00d6deme Planlar\u0131\t\t\t\t<\/span>\n\t\t\t<\/h3>\n\t\t\n\n\t\t\n\t\t\t\t\t\n\t\t\t\t\n\t\t\t\t\n\t\t\t\t\t\t\t<\/div>\n\t\t<\/div>\n\n\t\t\n\t\t\n\t\t\t\t<\/div>\n\t\t\t\t<\/div>\n\t\t\t\t<div class=\"elementor-element elementor-element-709e6169 bdt-icon-type-image elementor-position-top bdt-icon-effect-none elementor-invisible elementor-widget elementor-widget-bdt-advanced-icon-box\" data-id=\"709e6169\" data-element_type=\"widget\" data-e-type=\"widget\" data-settings=\"{&quot;_animation&quot;:&quot;fadeInUp&quot;}\" data-widget_type=\"bdt-advanced-icon-box.default\">\n\t\t\t\t<div class=\"elementor-widget-container\">\n\t\t\t\t\t\t\t<div class=\"bdt-ep-advanced-icon-box\">\n\n\t\t\t\t\t\t\t\n\t\t\t\t\t<div class=\"bdt-ep-advanced-icon-box-icon\">\n\t\t\t\t<span class=\"bdt-ep-advanced-icon-box-icon-wrap\">\n\n\n\t\t\t\t\t<img decoding=\"async\" width=\"512\" height=\"512\" src=\"https:\/\/akolglobal.com\/wp-content\/uploads\/2023\/11\/1mortgage-loan.png\" class=\"attachment-full size-full\" alt=\" E-Banka Kredileri\" srcset=\"https:\/\/akolglobal.com\/wp-content\/uploads\/2023\/11\/1mortgage-loan.png 512w, https:\/\/akolglobal.com\/wp-content\/uploads\/2023\/11\/1mortgage-loan-300x300.png 300w, https:\/\/akolglobal.com\/wp-content\/uploads\/2023\/11\/1mortgage-loan-150x150.png 150w\" sizes=\"(max-width: 512px) 100vw, 512px\" \/>\t\t\t\t<\/span>\n\t\t\t<\/div>\n\t\t\n\t\t\t\t\n\t\t\t<div class=\"bdt-ep-advanced-icon-box-content\">\n\n\t\t\t\t\t\t\t\t\t\n\t\t\t\t\t<h3 class=\"bdt-ep-advanced-icon-box-title ep-title-\">\n\t\t\t\t<span >\n\t\t\t\t\t E-Banka Kredileri\t\t\t\t<\/span>\n\t\t\t<\/h3>\n\t\t\n\n\t\t\n\t\t\t\t\t\n\t\t\t\t\n\t\t\t\t\n\t\t\t\t\t\t\t<\/div>\n\t\t<\/div>\n\n\t\t\n\t\t\n\t\t\t\t<\/div>\n\t\t\t\t<\/div>\n\t\t\t\t\t<\/div>\n\t\t<\/div>\n\t\t\t\t<div class=\"elementor-column elementor-col-50 elementor-inner-column elementor-element elementor-element-326c672\" data-id=\"326c672\" data-element_type=\"column\" data-e-type=\"column\">\n\t\t\t<div class=\"elementor-widget-wrap elementor-element-populated\">\n\t\t\t\t\t\t<div class=\"elementor-element elementor-element-3e9b12b2 bdt-icon-type-image elementor-position-top bdt-icon-effect-none elementor-invisible elementor-widget elementor-widget-bdt-advanced-icon-box\" data-id=\"3e9b12b2\" data-element_type=\"widget\" data-e-type=\"widget\" data-settings=\"{&quot;_animation&quot;:&quot;fadeInUp&quot;}\" data-widget_type=\"bdt-advanced-icon-box.default\">\n\t\t\t\t<div class=\"elementor-widget-container\">\n\t\t\t\t\t\t\t<div class=\"bdt-ep-advanced-icon-box\">\n\n\t\t\t\t\t\t\t\n\t\t\t\t\t<div class=\"bdt-ep-advanced-icon-box-icon\">\n\t\t\t\t<span class=\"bdt-ep-advanced-icon-box-icon-wrap\">\n\n\n\t\t\t\t\t<img decoding=\"async\" width=\"480\" height=\"480\" src=\"https:\/\/akolglobal.com\/wp-content\/uploads\/2023\/11\/1bitcoin.png\" class=\"attachment-full size-full\" alt=\" Kripto Para ile Tahsilat \u0130mkan\u0131\" srcset=\"https:\/\/akolglobal.com\/wp-content\/uploads\/2023\/11\/1bitcoin.png 480w, https:\/\/akolglobal.com\/wp-content\/uploads\/2023\/11\/1bitcoin-300x300.png 300w, https:\/\/akolglobal.com\/wp-content\/uploads\/2023\/11\/1bitcoin-150x150.png 150w\" sizes=\"(max-width: 480px) 100vw, 480px\" \/>\t\t\t\t<\/span>\n\t\t\t<\/div>\n\t\t\n\t\t\t\t\n\t\t\t<div class=\"bdt-ep-advanced-icon-box-content\">\n\n\t\t\t\t\t\t\t\t\t\n\t\t\t\t\t<h3 class=\"bdt-ep-advanced-icon-box-title ep-title-\">\n\t\t\t\t<span >\n\t\t\t\t\t Kripto Para ile Tahsilat \u0130mkan\u0131\t\t\t\t<\/span>\n\t\t\t<\/h3>\n\t\t\n\n\t\t\n\t\t\t\t\t\n\t\t\t\t\n\t\t\t\t\n\t\t\t\t\t\t\t<\/div>\n\t\t<\/div>\n\n\t\t\n\t\t\n\t\t\t\t<\/div>\n\t\t\t\t<\/div>\n\t\t\t\t\t<\/div>\n\t\t<\/div>\n\t\t\t\t\t<\/div>\n\t\t<\/section>\n\t\t\t\t\t<\/div>\n\t\t<\/div>\n\t\t\t\t\t<\/div>\n\t\t<\/div>\n\t\t\t\t<\/div>\n\t\t","protected":false},"excerpt":{"rendered":"<p>Akol Global olarak sat\u0131n almak istedi\u011finiz gayrimenkul i\u00e7in size \u00f6zel farkl\u0131 \u00f6deme planlar\u0131 sunuyoruz. Finansal planlar\u0131n\u0131za ve b\u00fct\u00e7enize \u00f6zel olarak [&hellip;]<\/p>\n","protected":false},"author":1,"featured_media":0,"parent":0,"menu_order":0,"comment_status":"closed","ping_status":"closed","template":"","meta":{"footnotes":""},"class_list":["post-523","page","type-page","status-publish","hentry"],"yoast_head":"<!-- This site is optimized with the Yoast SEO Premium plugin v25.6 (Yoast SEO v27.4) - https:\/\/yoast.com\/product\/yoast-seo-premium-wordpress\/ -->\n<title>\u00d6deme ve Tahsilat - Akol Global | Kuzey K\u0131br\u0131s\u2019\u0131n G\u00fcvenilir \u0130n\u015faat ve Gayrimenkul \u015eirketi<\/title>\n<meta name=\"robots\" content=\"index, follow, max-snippet:-1, max-image-preview:large, max-video-preview:-1\" \/>\n<link rel=\"canonical\" href=\"https:\/\/akolglobal.com\/tr\/odeme-ve-tahsilat\/\" \/>\n<meta property=\"og:locale\" content=\"tr_TR\" \/>\n<meta property=\"og:type\" content=\"article\" \/>\n<meta property=\"og:title\" content=\"\u00d6deme ve Tahsilat\" \/>\n<meta property=\"og:description\" content=\"Akol Global olarak sat\u0131n almak istedi\u011finiz gayrimenkul i\u00e7in size \u00f6zel farkl\u0131 \u00f6deme planlar\u0131 sunuyoruz. Finansal planlar\u0131n\u0131za ve b\u00fct\u00e7enize \u00f6zel olarak [&hellip;]\" \/>\n<meta property=\"og:url\" content=\"https:\/\/akolglobal.com\/tr\/odeme-ve-tahsilat\/\" \/>\n<meta property=\"og:site_name\" content=\"Akol Global | Kuzey K\u0131br\u0131s\u2019\u0131n G\u00fcvenilir \u0130n\u015faat ve Gayrimenkul \u015eirketi\" \/>\n<meta property=\"article:publisher\" content=\"https:\/\/www.facebook.com\/akolglobal\/\" \/>\n<meta property=\"article:modified_time\" content=\"2023-11-27T04:53:36+00:00\" \/>\n<meta property=\"og:image\" content=\"https:\/\/akolglobal.com\/wp-content\/uploads\/2023\/11\/1payment-day.png\" \/>\n<meta name=\"twitter:card\" content=\"summary_large_image\" \/>\n<meta name=\"twitter:site\" content=\"@AkolGlobal\" \/>\n<meta name=\"twitter:label1\" content=\"Tahmini okuma s\u00fcresi\" \/>\n\t<meta name=\"twitter:data1\" content=\"2 dakika\" \/>\n<script type=\"application\/ld+json\" class=\"yoast-schema-graph\">{\"@context\":\"https:\\\/\\\/schema.org\",\"@graph\":[{\"@type\":\"WebPage\",\"@id\":\"https:\\\/\\\/akolglobal.com\\\/odeme-ve-tahsilat\\\/\",\"url\":\"https:\\\/\\\/akolglobal.com\\\/odeme-ve-tahsilat\\\/\",\"name\":\"\u00d6deme ve Tahsilat - Akol Global | Kuzey K\u0131br\u0131s\u2019\u0131n G\u00fcvenilir \u0130n\u015faat ve Gayrimenkul \u015eirketi\",\"isPartOf\":{\"@id\":\"https:\\\/\\\/akolglobal.com\\\/#website\"},\"primaryImageOfPage\":{\"@id\":\"https:\\\/\\\/akolglobal.com\\\/odeme-ve-tahsilat\\\/#primaryimage\"},\"image\":{\"@id\":\"https:\\\/\\\/akolglobal.com\\\/odeme-ve-tahsilat\\\/#primaryimage\"},\"thumbnailUrl\":\"https:\\\/\\\/akolglobal.com\\\/wp-content\\\/uploads\\\/2023\\\/11\\\/1payment-day.png\",\"datePublished\":\"2023-10-30T05:57:45+00:00\",\"dateModified\":\"2023-11-27T04:53:36+00:00\",\"breadcrumb\":{\"@id\":\"https:\\\/\\\/akolglobal.com\\\/odeme-ve-tahsilat\\\/#breadcrumb\"},\"inLanguage\":\"tr\",\"potentialAction\":[{\"@type\":\"ReadAction\",\"target\":[\"https:\\\/\\\/akolglobal.com\\\/odeme-ve-tahsilat\\\/\"]}]},{\"@type\":\"ImageObject\",\"inLanguage\":\"tr\",\"@id\":\"https:\\\/\\\/akolglobal.com\\\/odeme-ve-tahsilat\\\/#primaryimage\",\"url\":\"https:\\\/\\\/akolglobal.com\\\/wp-content\\\/uploads\\\/2023\\\/11\\\/1payment-day.png\",\"contentUrl\":\"https:\\\/\\\/akolglobal.com\\\/wp-content\\\/uploads\\\/2023\\\/11\\\/1payment-day.png\"},{\"@type\":\"BreadcrumbList\",\"@id\":\"https:\\\/\\\/akolglobal.com\\\/odeme-ve-tahsilat\\\/#breadcrumb\",\"itemListElement\":[{\"@type\":\"ListItem\",\"position\":1,\"name\":\"Anasayfa\",\"item\":\"https:\\\/\\\/akolglobal.com\\\/tr\\\/\"},{\"@type\":\"ListItem\",\"position\":2,\"name\":\"\u00d6deme ve Tahsilat\"}]},{\"@type\":\"WebSite\",\"@id\":\"https:\\\/\\\/akolglobal.com\\\/#website\",\"url\":\"https:\\\/\\\/akolglobal.com\\\/\",\"name\":\"Akol Global | Kuzey K\u0131br\u0131s\u2019\u0131n G\u00fcvenilir \u0130n\u015faat ve Gayrimenkul \u015eirketi\",\"description\":\"Kuzey K\u0131br\u0131s\u2019\u0131n k\u00f6kl\u00fc in\u015faat \u015firketi Akol Global, Akdeniz\u2019in en se\u00e7kin b\u00f6lgelerinde l\u00fcks konut projeleri, y\u00fcksek kazan\u00e7l\u0131 yat\u0131r\u0131m f\u0131rsatlar\u0131 ve modern ya\u015fam alanlar\u0131 sunar.\",\"potentialAction\":[{\"@type\":\"SearchAction\",\"target\":{\"@type\":\"EntryPoint\",\"urlTemplate\":\"https:\\\/\\\/akolglobal.com\\\/?s={search_term_string}\"},\"query-input\":{\"@type\":\"PropertyValueSpecification\",\"valueRequired\":true,\"valueName\":\"search_term_string\"}}],\"inLanguage\":\"tr\"}]}<\/script>\n<!-- \/ Yoast SEO Premium plugin. -->","yoast_head_json":{"title":"\u00d6deme ve Tahsilat - Akol Global | Kuzey K\u0131br\u0131s\u2019\u0131n G\u00fcvenilir \u0130n\u015faat ve Gayrimenkul \u015eirketi","robots":{"index":"index","follow":"follow","max-snippet":"max-snippet:-1","max-image-preview":"max-image-preview:large","max-video-preview":"max-video-preview:-1"},"canonical":"https:\/\/akolglobal.com\/tr\/odeme-ve-tahsilat\/","og_locale":"tr_TR","og_type":"article","og_title":"\u00d6deme ve Tahsilat","og_description":"Akol Global olarak sat\u0131n almak istedi\u011finiz gayrimenkul i\u00e7in size \u00f6zel farkl\u0131 \u00f6deme planlar\u0131 sunuyoruz. Finansal planlar\u0131n\u0131za ve b\u00fct\u00e7enize \u00f6zel olarak [&hellip;]","og_url":"https:\/\/akolglobal.com\/tr\/odeme-ve-tahsilat\/","og_site_name":"Akol Global | Kuzey K\u0131br\u0131s\u2019\u0131n G\u00fcvenilir \u0130n\u015faat ve Gayrimenkul \u015eirketi","article_publisher":"https:\/\/www.facebook.com\/akolglobal\/","article_modified_time":"2023-11-27T04:53:36+00:00","og_image":[{"url":"https:\/\/akolglobal.com\/wp-content\/uploads\/2023\/11\/1payment-day.png","type":"","width":"","height":""}],"twitter_card":"summary_large_image","twitter_site":"@AkolGlobal","twitter_misc":{"Tahmini okuma s\u00fcresi":"2 dakika"},"schema":{"@context":"https:\/\/schema.org","@graph":[{"@type":"WebPage","@id":"https:\/\/akolglobal.com\/odeme-ve-tahsilat\/","url":"https:\/\/akolglobal.com\/odeme-ve-tahsilat\/","name":"\u00d6deme ve Tahsilat - Akol Global | Kuzey K\u0131br\u0131s\u2019\u0131n G\u00fcvenilir \u0130n\u015faat ve Gayrimenkul \u015eirketi","isPartOf":{"@id":"https:\/\/akolglobal.com\/#website"},"primaryImageOfPage":{"@id":"https:\/\/akolglobal.com\/odeme-ve-tahsilat\/#primaryimage"},"image":{"@id":"https:\/\/akolglobal.com\/odeme-ve-tahsilat\/#primaryimage"},"thumbnailUrl":"https:\/\/akolglobal.com\/wp-content\/uploads\/2023\/11\/1payment-day.png","datePublished":"2023-10-30T05:57:45+00:00","dateModified":"2023-11-27T04:53:36+00:00","breadcrumb":{"@id":"https:\/\/akolglobal.com\/odeme-ve-tahsilat\/#breadcrumb"},"inLanguage":"tr","potentialAction":[{"@type":"ReadAction","target":["https:\/\/akolglobal.com\/odeme-ve-tahsilat\/"]}]},{"@type":"ImageObject","inLanguage":"tr","@id":"https:\/\/akolglobal.com\/odeme-ve-tahsilat\/#primaryimage","url":"https:\/\/akolglobal.com\/wp-content\/uploads\/2023\/11\/1payment-day.png","contentUrl":"https:\/\/akolglobal.com\/wp-content\/uploads\/2023\/11\/1payment-day.png"},{"@type":"BreadcrumbList","@id":"https:\/\/akolglobal.com\/odeme-ve-tahsilat\/#breadcrumb","itemListElement":[{"@type":"ListItem","position":1,"name":"Anasayfa","item":"https:\/\/akolglobal.com\/tr\/"},{"@type":"ListItem","position":2,"name":"\u00d6deme ve Tahsilat"}]},{"@type":"WebSite","@id":"https:\/\/akolglobal.com\/#website","url":"https:\/\/akolglobal.com\/","name":"Akol Global | Kuzey K\u0131br\u0131s\u2019\u0131n G\u00fcvenilir \u0130n\u015faat ve Gayrimenkul \u015eirketi","description":"Kuzey K\u0131br\u0131s\u2019\u0131n k\u00f6kl\u00fc in\u015faat \u015firketi Akol Global, Akdeniz\u2019in en se\u00e7kin b\u00f6lgelerinde l\u00fcks konut projeleri, y\u00fcksek kazan\u00e7l\u0131 yat\u0131r\u0131m f\u0131rsatlar\u0131 ve modern ya\u015fam alanlar\u0131 sunar.","potentialAction":[{"@type":"SearchAction","target":{"@type":"EntryPoint","urlTemplate":"https:\/\/akolglobal.com\/?s={search_term_string}"},"query-input":{"@type":"PropertyValueSpecification","valueRequired":true,"valueName":"search_term_string"}}],"inLanguage":"tr"}]}},"_links":{"self":[{"href":"https:\/\/akolglobal.com\/tr\/wp-json\/wp\/v2\/pages\/523","targetHints":{"allow":["GET"]}}],"collection":[{"href":"https:\/\/akolglobal.com\/tr\/wp-json\/wp\/v2\/pages"}],"about":[{"href":"https:\/\/akolglobal.com\/tr\/wp-json\/wp\/v2\/types\/page"}],"author":[{"embeddable":true,"href":"https:\/\/akolglobal.com\/tr\/wp-json\/wp\/v2\/users\/1"}],"replies":[{"embeddable":true,"href":"https:\/\/akolglobal.com\/tr\/wp-json\/wp\/v2\/comments?post=523"}],"version-history":[{"count":22,"href":"https:\/\/akolglobal.com\/tr\/wp-json\/wp\/v2\/pages\/523\/revisions"}],"predecessor-version":[{"id":3390,"href":"https:\/\/akolglobal.com\/tr\/wp-json\/wp\/v2\/pages\/523\/revisions\/3390"}],"wp:attachment":[{"href":"https:\/\/akolglobal.com\/tr\/wp-json\/wp\/v2\/media?parent=523"}],"curies":[{"name":"wp","href":"https:\/\/api.w.org\/{rel}","templated":true}]}}