{"id":612,"date":"2023-10-30T07:45:30","date_gmt":"2023-10-30T07:45:30","guid":{"rendered":"https:\/\/akolglobal.com\/?page_id=612"},"modified":"2024-10-02T09:18:59","modified_gmt":"2024-10-02T06:18:59","slug":"faaliyet-alanlarimiz","status":"publish","type":"page","link":"https:\/\/akolglobal.com\/tr\/faaliyet-alanlarimiz\/","title":{"rendered":"Faaliyet Alanlar\u0131m\u0131z"},"content":{"rendered":"\t\t<div data-elementor-type=\"wp-page\" data-elementor-id=\"612\" class=\"elementor elementor-612\" data-elementor-settings=\"{&quot;element_pack_global_tooltip_width&quot;:{&quot;unit&quot;:&quot;px&quot;,&quot;size&quot;:&quot;&quot;,&quot;sizes&quot;:[]},&quot;element_pack_global_tooltip_width_tablet&quot;:{&quot;unit&quot;:&quot;px&quot;,&quot;size&quot;:&quot;&quot;,&quot;sizes&quot;:[]},&quot;element_pack_global_tooltip_width_mobile&quot;:{&quot;unit&quot;:&quot;px&quot;,&quot;size&quot;:&quot;&quot;,&quot;sizes&quot;:[]},&quot;element_pack_global_tooltip_padding&quot;:{&quot;unit&quot;:&quot;px&quot;,&quot;top&quot;:&quot;&quot;,&quot;right&quot;:&quot;&quot;,&quot;bottom&quot;:&quot;&quot;,&quot;left&quot;:&quot;&quot;,&quot;isLinked&quot;:true},&quot;element_pack_global_tooltip_padding_tablet&quot;:{&quot;unit&quot;:&quot;px&quot;,&quot;top&quot;:&quot;&quot;,&quot;right&quot;:&quot;&quot;,&quot;bottom&quot;:&quot;&quot;,&quot;left&quot;:&quot;&quot;,&quot;isLinked&quot;:true},&quot;element_pack_global_tooltip_padding_mobile&quot;:{&quot;unit&quot;:&quot;px&quot;,&quot;top&quot;:&quot;&quot;,&quot;right&quot;:&quot;&quot;,&quot;bottom&quot;:&quot;&quot;,&quot;left&quot;:&quot;&quot;,&quot;isLinked&quot;:true},&quot;element_pack_global_tooltip_border_radius&quot;:{&quot;unit&quot;:&quot;px&quot;,&quot;top&quot;:&quot;&quot;,&quot;right&quot;:&quot;&quot;,&quot;bottom&quot;:&quot;&quot;,&quot;left&quot;:&quot;&quot;,&quot;isLinked&quot;:true},&quot;element_pack_global_tooltip_border_radius_tablet&quot;:{&quot;unit&quot;:&quot;px&quot;,&quot;top&quot;:&quot;&quot;,&quot;right&quot;:&quot;&quot;,&quot;bottom&quot;:&quot;&quot;,&quot;left&quot;:&quot;&quot;,&quot;isLinked&quot;:true},&quot;element_pack_global_tooltip_border_radius_mobile&quot;:{&quot;unit&quot;:&quot;px&quot;,&quot;top&quot;:&quot;&quot;,&quot;right&quot;:&quot;&quot;,&quot;bottom&quot;:&quot;&quot;,&quot;left&quot;:&quot;&quot;,&quot;isLinked&quot;:true}}\" data-elementor-post-type=\"page\">\n\t\t\t\t<div class=\"elementor-element elementor-element-5079580 e-flex e-con-boxed e-con e-parent\" data-id=\"5079580\" data-element_type=\"container\" data-e-type=\"container\">\n\t\t\t\t\t<div class=\"e-con-inner\">\n\t\t<div class=\"elementor-element elementor-element-df6127d e-con-full e-flex e-con e-child\" data-id=\"df6127d\" data-element_type=\"container\" data-e-type=\"container\">\n\t\t\t\t<div class=\"elementor-element elementor-element-9f697d2 elementor-widget elementor-widget-heading\" data-id=\"9f697d2\" data-element_type=\"widget\" data-e-type=\"widget\" data-widget_type=\"heading.default\">\n\t\t\t\t<div class=\"elementor-widget-container\">\n\t\t\t\t\t<h2 class=\"elementor-heading-title elementor-size-default\">\u0130n\u015faat<\/h2>\t\t\t\t<\/div>\n\t\t\t\t<\/div>\n\t\t\t\t<div class=\"elementor-element elementor-element-de8fca8 elementor-widget elementor-widget-text-editor\" data-id=\"de8fca8\" data-element_type=\"widget\" data-e-type=\"widget\" data-widget_type=\"text-editor.default\">\n\t\t\t\t<div class=\"elementor-widget-container\">\n\t\t\t\t\t\t\t\t\t<p>K\u0131br\u0131s T\u00fcrk \u0130n\u015faat M\u00fcteahhitleri Birli\u011fi \u00fcyesi olan Akol Global, en \u00fcst d\u00fczey m\u00fcteahhitlik karnesi sahibidir ve in\u015faat sekt\u00f6r\u00fcnde lider firma konumundad\u0131r.<\/p><p>Hayata ge\u00e7irdi\u011fi projeleriyle kazan\u00e7l\u0131, g\u00fcvenli, huzurlu, konforlu ya\u015fam alanlar\u0131 yarat\u0131rken yenilik\u00e7i bak\u0131\u015f a\u00e7\u0131s\u0131 ile m\u00fc\u015fterilere ayr\u0131cal\u0131klar sunuyor.<\/p><p>Kuzey K\u0131br\u0131s\u2019ta g\u00fcvenle tercih edilen marka olan Akol Global; ba\u015far\u0131s\u0131n\u0131 bina mimar\u0131 olman\u0131n \u00f6tesinde ya\u015fam mimar\u0131, ba\u015fka bir deyi\u015fle \u201chayallerin mimar\u0131\u201d olmas\u0131na bor\u00e7ludur.<\/p>\t\t\t\t\t\t\t\t<\/div>\n\t\t\t\t<\/div>\n\t\t\t\t<\/div>\n\t\t<div class=\"elementor-element elementor-element-f9738f3 e-con-full e-flex e-con e-child\" data-id=\"f9738f3\" data-element_type=\"container\" data-e-type=\"container\" data-settings=\"{&quot;background_background&quot;:&quot;classic&quot;}\">\n\t\t\t\t<\/div>\n\t\t\t\t\t<\/div>\n\t\t\t\t<\/div>\n\t\t<div class=\"elementor-element elementor-element-af6a5c0 e-flex e-con-boxed e-con e-parent\" data-id=\"af6a5c0\" data-element_type=\"container\" data-e-type=\"container\">\n\t\t\t\t\t<div class=\"e-con-inner\">\n\t\t<div class=\"elementor-element elementor-element-c5524d7 e-con-full e-flex e-con e-child\" data-id=\"c5524d7\" data-element_type=\"container\" data-e-type=\"container\" data-settings=\"{&quot;background_background&quot;:&quot;classic&quot;}\">\n\t\t\t\t<\/div>\n\t\t<div class=\"elementor-element elementor-element-5902b28 e-con-full e-flex e-con e-child\" data-id=\"5902b28\" data-element_type=\"container\" data-e-type=\"container\">\n\t\t\t\t<div class=\"elementor-element elementor-element-ef572a3 elementor-widget elementor-widget-heading\" data-id=\"ef572a3\" data-element_type=\"widget\" data-e-type=\"widget\" data-widget_type=\"heading.default\">\n\t\t\t\t<div class=\"elementor-widget-container\">\n\t\t\t\t\t<h2 class=\"elementor-heading-title elementor-size-default\">GYO<\/h2>\t\t\t\t<\/div>\n\t\t\t\t<\/div>\n\t\t\t\t<div class=\"elementor-element elementor-element-9294504 elementor-widget elementor-widget-text-editor\" data-id=\"9294504\" data-element_type=\"widget\" data-e-type=\"widget\" data-widget_type=\"text-editor.default\">\n\t\t\t\t<div class=\"elementor-widget-container\">\n\t\t\t\t\t\t\t\t\t<p>K\u0131br\u0131s Emlak ve \u0130n\u015faat hizmeti veren Akol Global, gayrimenkul yat\u0131r\u0131m ortakl\u0131klar\u0131 (GYO) alan\u0131nda da faaliyet g\u00f6steriyor.<\/p><p>Akol Global gayrimenkul portf\u00f6y\u00fc olu\u015fturmakta, bu sebeple hem getiri potansiyeli y\u00fcksek gayrimenkullere hem de gayrimenkul projelerine yat\u0131r\u0131m yapmaktad\u0131r.<\/p><p>Kurmu\u015f oldu\u011fu yat\u0131r\u0131m ortakl\u0131\u011f\u0131 ile bu portf\u00f6y\u00fcn kira gelirlerinden ya da al\u0131m ve sat\u0131mlar\u0131ndan elde etti\u011fi kazan\u00e7tan yat\u0131r\u0131mc\u0131lar\u0131n\u0131n da yararlanmas\u0131n\u0131 sa\u011flamaktad\u0131r.<\/p>\t\t\t\t\t\t\t\t<\/div>\n\t\t\t\t<\/div>\n\t\t\t\t<\/div>\n\t\t\t\t\t<\/div>\n\t\t\t\t<\/div>\n\t\t<div class=\"elementor-element elementor-element-91bbdea e-flex e-con-boxed e-con e-parent\" data-id=\"91bbdea\" data-element_type=\"container\" data-e-type=\"container\">\n\t\t\t\t\t<div class=\"e-con-inner\">\n\t\t<div class=\"elementor-element elementor-element-626610c e-con-full e-flex e-con e-child\" data-id=\"626610c\" data-element_type=\"container\" data-e-type=\"container\">\n\t\t\t\t<div class=\"elementor-element elementor-element-c9d1467 elementor-widget elementor-widget-heading\" data-id=\"c9d1467\" data-element_type=\"widget\" data-e-type=\"widget\" data-widget_type=\"heading.default\">\n\t\t\t\t<div class=\"elementor-widget-container\">\n\t\t\t\t\t<h2 class=\"elementor-heading-title elementor-size-default\">Kira Y\u00f6netimi<\/h2>\t\t\t\t<\/div>\n\t\t\t\t<\/div>\n\t\t\t\t<div class=\"elementor-element elementor-element-01d2dd5 elementor-widget elementor-widget-text-editor\" data-id=\"01d2dd5\" data-element_type=\"widget\" data-e-type=\"widget\" data-widget_type=\"text-editor.default\">\n\t\t\t\t<div class=\"elementor-widget-container\">\n\t\t\t\t\t\t\t\t\t<p>Kira y\u00f6netimi hizmeti veren Akol Global; y\u00f6netim s\u0131ras\u0131nda kar\u015f\u0131la\u015f\u0131lan idari\/mali g\u00fc\u00e7l\u00fcklere \u00e7\u00f6z\u00fcmler getiriyor, operasyonel g\u00fcc\u00fc y\u00fcksek olan deneyimli ekibi ile verimli y\u00f6netim sa\u011fl\u0131yor.<\/p><p>Akol Global; k\u0131sa ve uzun vadeli kirac\u0131 bulunmas\u0131, kiralama s\u00f6zle\u015fmelerinin takip edilmesi, gayrimenkul faturalar\u0131n\u0131n denetlenmesi, gayrimenkul harcamalar\u0131n\u0131n b\u00fct\u00e7elenmesi, kira \u00f6demelerinin takip edilmesi, gayrimenkul portf\u00f6ylerinin d\u00fczenlenmesi ve y\u00f6netilmesi, envanter kontrollerinin yap\u0131lmas\u0131 ve depozito ile teminatlar\u0131n iade edilmesi, gerekli hallerde kiralanacak gayrimenkul bak\u0131mlar\u0131 ve tamirat\/tadilatlar\u0131n\u0131n yap\u0131lmas\u0131 gibi alanlarda hizmet veriyor.<\/p>\t\t\t\t\t\t\t\t<\/div>\n\t\t\t\t<\/div>\n\t\t\t\t<\/div>\n\t\t<div class=\"elementor-element elementor-element-51cc033 e-con-full e-flex e-con e-child\" data-id=\"51cc033\" data-element_type=\"container\" data-e-type=\"container\" data-settings=\"{&quot;background_background&quot;:&quot;classic&quot;}\">\n\t\t\t\t<\/div>\n\t\t\t\t\t<\/div>\n\t\t\t\t<\/div>\n\t\t<div class=\"elementor-element elementor-element-16fb24b e-flex e-con-boxed e-con e-parent\" data-id=\"16fb24b\" data-element_type=\"container\" data-e-type=\"container\">\n\t\t\t\t\t<div class=\"e-con-inner\">\n\t\t<div class=\"elementor-element elementor-element-78607e0 e-con-full e-flex e-con e-child\" data-id=\"78607e0\" data-element_type=\"container\" data-e-type=\"container\" data-settings=\"{&quot;background_background&quot;:&quot;classic&quot;}\">\n\t\t\t\t<\/div>\n\t\t<div class=\"elementor-element elementor-element-9ca397e e-con-full e-flex e-con e-child\" data-id=\"9ca397e\" data-element_type=\"container\" data-e-type=\"container\">\n\t\t\t\t<div class=\"elementor-element elementor-element-4806a15 elementor-widget elementor-widget-heading\" data-id=\"4806a15\" data-element_type=\"widget\" data-e-type=\"widget\" data-widget_type=\"heading.default\">\n\t\t\t\t<div class=\"elementor-widget-container\">\n\t\t\t\t\t<h2 class=\"elementor-heading-title elementor-size-default\">Turizm<\/h2>\t\t\t\t<\/div>\n\t\t\t\t<\/div>\n\t\t\t\t<div class=\"elementor-element elementor-element-6fc4f77 elementor-widget elementor-widget-text-editor\" data-id=\"6fc4f77\" data-element_type=\"widget\" data-e-type=\"widget\" data-widget_type=\"text-editor.default\">\n\t\t\t\t<div class=\"elementor-widget-container\">\n\t\t\t\t\t\t\t\t\t<p>Gazima\u011fusa\u2019n\u0131n tam kalbinde bulunan, marka proje Caddemm\u2019de \u015fehir oteli olarak tasarlanan Caddemm Otel; 110 yatak kapasitesi, gym ve spa merkezi, a\u00e7\u0131k y\u00fczme havuzu, Pool Bar-Restoran\u0131, lobi-bar\u0131, Cafe-Pastanesi ve gift shop\u2019u ile pek yak\u0131nda hizmetinizde.<\/p><p>Her y\u0131l milyonlarca turist taraf\u0131ndan ziyaret edilmesi sebebiyle turizm gelirleri KKTC ekonomisi i\u00e7erisinde \u00e7ok \u00f6nemli bir yer kaplamaktad\u0131r. Turizmin ekonomiye olan katk\u0131lar\u0131n\u0131 ciddi \u015fekilde \u00f6nemseyen ve en k\u00fc\u00e7\u00fck yat\u0131r\u0131mlar\u0131n bile b\u00fcy\u00fck ulusal kazan\u0131mlar getirme potansiyeline sahip oldu\u011funu d\u00fc\u015f\u00fcnen Akol Global, 2013 y\u0131l\u0131nda turizm sekt\u00f6r\u00fcne yat\u0131r\u0131m yapmaya ba\u015flad\u0131.<\/p><p>Akol Global, 2021 y\u0131l\u0131 itibariyle planlad\u0131\u011f\u0131 ve Kuzey K\u0131br\u0131s&#8217;\u0131n marka de\u011ferini art\u0131racak 3 b\u00fcy\u00fck otel yat\u0131r\u0131m\u0131 ile KKTC&#8217;nin turizm kapasitesinin art\u0131r\u0131lmas\u0131na \u00f6nc\u00fcl\u00fck ediyor.<\/p>\t\t\t\t\t\t\t\t<\/div>\n\t\t\t\t<\/div>\n\t\t\t\t<\/div>\n\t\t\t\t\t<\/div>\n\t\t\t\t<\/div>\n\t\t<div class=\"elementor-element elementor-element-cb9bac9 e-flex e-con-boxed e-con e-parent\" data-id=\"cb9bac9\" data-element_type=\"container\" data-e-type=\"container\">\n\t\t\t\t\t<div class=\"e-con-inner\">\n\t\t<div class=\"elementor-element elementor-element-9cb2420 e-con-full e-flex e-con e-child\" data-id=\"9cb2420\" data-element_type=\"container\" data-e-type=\"container\">\n\t\t\t\t<div class=\"elementor-element elementor-element-0d3256b elementor-widget elementor-widget-heading\" data-id=\"0d3256b\" data-element_type=\"widget\" data-e-type=\"widget\" data-widget_type=\"heading.default\">\n\t\t\t\t<div class=\"elementor-widget-container\">\n\t\t\t\t\t<h2 class=\"elementor-heading-title elementor-size-default\">Medya<\/h2>\t\t\t\t<\/div>\n\t\t\t\t<\/div>\n\t\t\t\t<div class=\"elementor-element elementor-element-5e80dd9 elementor-widget elementor-widget-text-editor\" data-id=\"5e80dd9\" data-element_type=\"widget\" data-e-type=\"widget\" data-widget_type=\"text-editor.default\">\n\t\t\t\t<div class=\"elementor-widget-container\">\n\t\t\t\t\t\t\t\t\t<p>Dijital medya alan\u0131nda yenilik\u00e7i \u00e7\u00f6z\u00fcmler sunarak medya deneyimini zenginle\u015ftirme amac\u0131 ta\u015f\u0131maktad\u0131r. Mobil uygulamalar, interaktif web siteleri ve sosyal medya platformlar\u0131 arac\u0131l\u0131\u011f\u0131yla \u00e7e\u015fitli i\u00e7eriklere eri\u015fim sa\u011flayan BA\u011eIMSIZ Medya, g\u00fc\u00e7l\u00fc izleyici ba\u011f\u0131yla dikkat \u00e7ekmektedir. \u201cHalk\u0131n ve hakl\u0131n\u0131n yan\u0131nda\u201d slogan\u0131yla gazetecilik meslek ilkeleri \u00e7er\u00e7evesinde hareket eden BA\u011eIMSIZ Medya Grubu, geleneksel medya k\u00fclt\u00fcr\u00fcn\u00fc dijitale ta\u015f\u0131yarak, objektif ve tarafs\u0131z habercilikle toplumsal sorumluluklara vurgu yapmaktad\u0131r. Haber, k\u00fclt\u00fcr, e\u011fitim ve e\u011flence alanlar\u0131nda de\u011ferli i\u00e7erikler \u00fcreterek topluma katk\u0131da bulunan BA\u011eIMSIZ, \u00e7e\u015fitli faaliyetleriyle Kuzey K\u0131br\u0131s&#8217;\u0131n ileti\u015fim altyap\u0131s\u0131na katk\u0131 sa\u011flamakla birlikte, s\u00fcrd\u00fcr\u00fclebilir ve etkili ileti\u015fimin \u00f6nemini vurgulamaktad\u0131r.<\/p>\t\t\t\t\t\t\t\t<\/div>\n\t\t\t\t<\/div>\n\t\t\t\t<\/div>\n\t\t<div class=\"elementor-element elementor-element-5dfe121 e-con-full e-flex e-con e-child\" data-id=\"5dfe121\" data-element_type=\"container\" data-e-type=\"container\" data-settings=\"{&quot;background_background&quot;:&quot;classic&quot;}\">\n\t\t\t\t<\/div>\n\t\t\t\t\t<\/div>\n\t\t\t\t<\/div>\n\t\t\t\t<\/div>\n\t\t","protected":false},"excerpt":{"rendered":"<p>\u0130n\u015faat K\u0131br\u0131s T\u00fcrk \u0130n\u015faat M\u00fcteahhitleri Birli\u011fi \u00fcyesi olan Akol Global, en \u00fcst d\u00fczey m\u00fcteahhitlik karnesi sahibidir ve in\u015faat sekt\u00f6r\u00fcnde lider [&hellip;]<\/p>\n","protected":false},"author":1,"featured_media":0,"parent":0,"menu_order":0,"comment_status":"closed","ping_status":"closed","template":"","meta":{"footnotes":""},"class_list":["post-612","page","type-page","status-publish","hentry"],"yoast_head":"<!-- This site is optimized with the Yoast SEO Premium plugin v25.6 (Yoast SEO v27.4) - https:\/\/yoast.com\/product\/yoast-seo-premium-wordpress\/ -->\n<title>Faaliyet Alanlar\u0131m\u0131z - Akol Global | Kuzey K\u0131br\u0131s\u2019\u0131n G\u00fcvenilir \u0130n\u015faat ve Gayrimenkul \u015eirketi<\/title>\n<meta name=\"description\" content=\"Faaliyet Alanlar\u0131m\u0131z Akol Global \u0130n\u015faat, konut, ticari yap\u0131lar, altyap\u0131 projeleri in\u015fas\u0131nda uzmanla\u015fm\u0131\u015f lider bir firmad\u0131r.\" \/>\n<meta name=\"robots\" content=\"index, follow, max-snippet:-1, max-image-preview:large, max-video-preview:-1\" \/>\n<link rel=\"canonical\" href=\"https:\/\/akolglobal.com\/tr\/faaliyet-alanlarimiz\/\" \/>\n<meta property=\"og:locale\" content=\"tr_TR\" \/>\n<meta property=\"og:type\" content=\"article\" \/>\n<meta property=\"og:title\" content=\"Faaliyet Alanlar\u0131m\u0131z\" \/>\n<meta property=\"og:description\" content=\"Faaliyet Alanlar\u0131m\u0131z Akol Global \u0130n\u015faat, konut, ticari yap\u0131lar, altyap\u0131 projeleri in\u015fas\u0131nda uzmanla\u015fm\u0131\u015f lider bir firmad\u0131r.\" \/>\n<meta property=\"og:url\" content=\"https:\/\/akolglobal.com\/tr\/faaliyet-alanlarimiz\/\" \/>\n<meta property=\"og:site_name\" content=\"Akol Global | Kuzey K\u0131br\u0131s\u2019\u0131n G\u00fcvenilir \u0130n\u015faat ve Gayrimenkul \u015eirketi\" \/>\n<meta property=\"article:publisher\" content=\"https:\/\/www.facebook.com\/akolglobal\/\" \/>\n<meta property=\"article:modified_time\" content=\"2024-10-02T06:18:59+00:00\" \/>\n<meta property=\"og:image\" content=\"https:\/\/akolglobal.com\/wp-content\/uploads\/2025\/10\/akolglobalherobanner.png\" \/>\n\t<meta property=\"og:image:width\" content=\"1920\" \/>\n\t<meta property=\"og:image:height\" content=\"1080\" \/>\n\t<meta property=\"og:image:type\" content=\"image\/png\" \/>\n<meta name=\"twitter:card\" content=\"summary_large_image\" \/>\n<meta name=\"twitter:site\" content=\"@AkolGlobal\" \/>\n<meta name=\"twitter:label1\" content=\"Tahmini okuma s\u00fcresi\" \/>\n\t<meta name=\"twitter:data1\" content=\"3 dakika\" \/>\n<script type=\"application\/ld+json\" class=\"yoast-schema-graph\">{\"@context\":\"https:\\\/\\\/schema.org\",\"@graph\":[{\"@type\":\"WebPage\",\"@id\":\"https:\\\/\\\/akolglobal.com\\\/tr\\\/faaliyet-alanlarimiz\\\/\",\"url\":\"https:\\\/\\\/akolglobal.com\\\/tr\\\/faaliyet-alanlarimiz\\\/\",\"name\":\"Faaliyet Alanlar\u0131m\u0131z - Akol Global | Kuzey K\u0131br\u0131s\u2019\u0131n G\u00fcvenilir \u0130n\u015faat ve Gayrimenkul \u015eirketi\",\"isPartOf\":{\"@id\":\"https:\\\/\\\/akolglobal.com\\\/#website\"},\"datePublished\":\"2023-10-30T07:45:30+00:00\",\"dateModified\":\"2024-10-02T06:18:59+00:00\",\"description\":\"Faaliyet Alanlar\u0131m\u0131z Akol Global \u0130n\u015faat, konut, ticari yap\u0131lar, altyap\u0131 projeleri in\u015fas\u0131nda uzmanla\u015fm\u0131\u015f lider bir firmad\u0131r.\",\"breadcrumb\":{\"@id\":\"https:\\\/\\\/akolglobal.com\\\/tr\\\/faaliyet-alanlarimiz\\\/#breadcrumb\"},\"inLanguage\":\"tr\",\"potentialAction\":[{\"@type\":\"ReadAction\",\"target\":[\"https:\\\/\\\/akolglobal.com\\\/tr\\\/faaliyet-alanlarimiz\\\/\"]}]},{\"@type\":\"BreadcrumbList\",\"@id\":\"https:\\\/\\\/akolglobal.com\\\/tr\\\/faaliyet-alanlarimiz\\\/#breadcrumb\",\"itemListElement\":[{\"@type\":\"ListItem\",\"position\":1,\"name\":\"Anasayfa\",\"item\":\"https:\\\/\\\/akolglobal.com\\\/tr\\\/\"},{\"@type\":\"ListItem\",\"position\":2,\"name\":\"Faaliyet Alanlar\u0131m\u0131z\"}]},{\"@type\":\"WebSite\",\"@id\":\"https:\\\/\\\/akolglobal.com\\\/#website\",\"url\":\"https:\\\/\\\/akolglobal.com\\\/\",\"name\":\"Akol Global | Kuzey K\u0131br\u0131s\u2019\u0131n G\u00fcvenilir \u0130n\u015faat ve Gayrimenkul \u015eirketi\",\"description\":\"Kuzey K\u0131br\u0131s\u2019\u0131n k\u00f6kl\u00fc in\u015faat \u015firketi Akol Global, Akdeniz\u2019in en se\u00e7kin b\u00f6lgelerinde l\u00fcks konut projeleri, y\u00fcksek kazan\u00e7l\u0131 yat\u0131r\u0131m f\u0131rsatlar\u0131 ve modern ya\u015fam alanlar\u0131 sunar.\",\"potentialAction\":[{\"@type\":\"SearchAction\",\"target\":{\"@type\":\"EntryPoint\",\"urlTemplate\":\"https:\\\/\\\/akolglobal.com\\\/?s={search_term_string}\"},\"query-input\":{\"@type\":\"PropertyValueSpecification\",\"valueRequired\":true,\"valueName\":\"search_term_string\"}}],\"inLanguage\":\"tr\"}]}<\/script>\n<!-- \/ Yoast SEO Premium plugin. -->","yoast_head_json":{"title":"Faaliyet Alanlar\u0131m\u0131z - Akol Global | Kuzey K\u0131br\u0131s\u2019\u0131n G\u00fcvenilir \u0130n\u015faat ve Gayrimenkul \u015eirketi","description":"Faaliyet Alanlar\u0131m\u0131z Akol Global \u0130n\u015faat, konut, ticari yap\u0131lar, altyap\u0131 projeleri in\u015fas\u0131nda uzmanla\u015fm\u0131\u015f lider bir firmad\u0131r.","robots":{"index":"index","follow":"follow","max-snippet":"max-snippet:-1","max-image-preview":"max-image-preview:large","max-video-preview":"max-video-preview:-1"},"canonical":"https:\/\/akolglobal.com\/tr\/faaliyet-alanlarimiz\/","og_locale":"tr_TR","og_type":"article","og_title":"Faaliyet Alanlar\u0131m\u0131z","og_description":"Faaliyet Alanlar\u0131m\u0131z Akol Global \u0130n\u015faat, konut, ticari yap\u0131lar, altyap\u0131 projeleri in\u015fas\u0131nda uzmanla\u015fm\u0131\u015f lider bir firmad\u0131r.","og_url":"https:\/\/akolglobal.com\/tr\/faaliyet-alanlarimiz\/","og_site_name":"Akol Global | Kuzey K\u0131br\u0131s\u2019\u0131n G\u00fcvenilir \u0130n\u015faat ve Gayrimenkul \u015eirketi","article_publisher":"https:\/\/www.facebook.com\/akolglobal\/","article_modified_time":"2024-10-02T06:18:59+00:00","og_image":[{"width":1920,"height":1080,"url":"https:\/\/akolglobal.com\/wp-content\/uploads\/2025\/10\/akolglobalherobanner.png","type":"image\/png"}],"twitter_card":"summary_large_image","twitter_site":"@AkolGlobal","twitter_misc":{"Tahmini okuma s\u00fcresi":"3 dakika"},"schema":{"@context":"https:\/\/schema.org","@graph":[{"@type":"WebPage","@id":"https:\/\/akolglobal.com\/tr\/faaliyet-alanlarimiz\/","url":"https:\/\/akolglobal.com\/tr\/faaliyet-alanlarimiz\/","name":"Faaliyet Alanlar\u0131m\u0131z - Akol Global | Kuzey K\u0131br\u0131s\u2019\u0131n G\u00fcvenilir \u0130n\u015faat ve Gayrimenkul \u015eirketi","isPartOf":{"@id":"https:\/\/akolglobal.com\/#website"},"datePublished":"2023-10-30T07:45:30+00:00","dateModified":"2024-10-02T06:18:59+00:00","description":"Faaliyet Alanlar\u0131m\u0131z Akol Global \u0130n\u015faat, konut, ticari yap\u0131lar, altyap\u0131 projeleri in\u015fas\u0131nda uzmanla\u015fm\u0131\u015f lider bir firmad\u0131r.","breadcrumb":{"@id":"https:\/\/akolglobal.com\/tr\/faaliyet-alanlarimiz\/#breadcrumb"},"inLanguage":"tr","potentialAction":[{"@type":"ReadAction","target":["https:\/\/akolglobal.com\/tr\/faaliyet-alanlarimiz\/"]}]},{"@type":"BreadcrumbList","@id":"https:\/\/akolglobal.com\/tr\/faaliyet-alanlarimiz\/#breadcrumb","itemListElement":[{"@type":"ListItem","position":1,"name":"Anasayfa","item":"https:\/\/akolglobal.com\/tr\/"},{"@type":"ListItem","position":2,"name":"Faaliyet Alanlar\u0131m\u0131z"}]},{"@type":"WebSite","@id":"https:\/\/akolglobal.com\/#website","url":"https:\/\/akolglobal.com\/","name":"Akol Global | Kuzey K\u0131br\u0131s\u2019\u0131n G\u00fcvenilir \u0130n\u015faat ve Gayrimenkul \u015eirketi","description":"Kuzey K\u0131br\u0131s\u2019\u0131n k\u00f6kl\u00fc in\u015faat \u015firketi Akol Global, Akdeniz\u2019in en se\u00e7kin b\u00f6lgelerinde l\u00fcks konut projeleri, y\u00fcksek kazan\u00e7l\u0131 yat\u0131r\u0131m f\u0131rsatlar\u0131 ve modern ya\u015fam alanlar\u0131 sunar.","potentialAction":[{"@type":"SearchAction","target":{"@type":"EntryPoint","urlTemplate":"https:\/\/akolglobal.com\/?s={search_term_string}"},"query-input":{"@type":"PropertyValueSpecification","valueRequired":true,"valueName":"search_term_string"}}],"inLanguage":"tr"}]}},"_links":{"self":[{"href":"https:\/\/akolglobal.com\/tr\/wp-json\/wp\/v2\/pages\/612","targetHints":{"allow":["GET"]}}],"collection":[{"href":"https:\/\/akolglobal.com\/tr\/wp-json\/wp\/v2\/pages"}],"about":[{"href":"https:\/\/akolglobal.com\/tr\/wp-json\/wp\/v2\/types\/page"}],"author":[{"embeddable":true,"href":"https:\/\/akolglobal.com\/tr\/wp-json\/wp\/v2\/users\/1"}],"replies":[{"embeddable":true,"href":"https:\/\/akolglobal.com\/tr\/wp-json\/wp\/v2\/comments?post=612"}],"version-history":[{"count":44,"href":"https:\/\/akolglobal.com\/tr\/wp-json\/wp\/v2\/pages\/612\/revisions"}],"predecessor-version":[{"id":17444,"href":"https:\/\/akolglobal.com\/tr\/wp-json\/wp\/v2\/pages\/612\/revisions\/17444"}],"wp:attachment":[{"href":"https:\/\/akolglobal.com\/tr\/wp-json\/wp\/v2\/media?parent=612"}],"curies":[{"name":"wp","href":"https:\/\/api.w.org\/{rel}","templated":true}]}}