{"id":660,"date":"2023-10-30T08:49:07","date_gmt":"2023-10-30T08:49:07","guid":{"rendered":"https:\/\/akolglobal.com\/?page_id=660"},"modified":"2024-11-25T10:17:25","modified_gmt":"2024-11-25T07:17:25","slug":"kariyer","status":"publish","type":"page","link":"https:\/\/akolglobal.com\/tr\/kariyer\/","title":{"rendered":"Kariyer"},"content":{"rendered":"\t\t<div data-elementor-type=\"wp-page\" data-elementor-id=\"660\" class=\"elementor elementor-660\" data-elementor-settings=\"{&quot;element_pack_global_tooltip_width&quot;:{&quot;unit&quot;:&quot;px&quot;,&quot;size&quot;:&quot;&quot;,&quot;sizes&quot;:[]},&quot;element_pack_global_tooltip_width_tablet&quot;:{&quot;unit&quot;:&quot;px&quot;,&quot;size&quot;:&quot;&quot;,&quot;sizes&quot;:[]},&quot;element_pack_global_tooltip_width_mobile&quot;:{&quot;unit&quot;:&quot;px&quot;,&quot;size&quot;:&quot;&quot;,&quot;sizes&quot;:[]},&quot;element_pack_global_tooltip_padding&quot;:{&quot;unit&quot;:&quot;px&quot;,&quot;top&quot;:&quot;&quot;,&quot;right&quot;:&quot;&quot;,&quot;bottom&quot;:&quot;&quot;,&quot;left&quot;:&quot;&quot;,&quot;isLinked&quot;:true},&quot;element_pack_global_tooltip_padding_tablet&quot;:{&quot;unit&quot;:&quot;px&quot;,&quot;top&quot;:&quot;&quot;,&quot;right&quot;:&quot;&quot;,&quot;bottom&quot;:&quot;&quot;,&quot;left&quot;:&quot;&quot;,&quot;isLinked&quot;:true},&quot;element_pack_global_tooltip_padding_mobile&quot;:{&quot;unit&quot;:&quot;px&quot;,&quot;top&quot;:&quot;&quot;,&quot;right&quot;:&quot;&quot;,&quot;bottom&quot;:&quot;&quot;,&quot;left&quot;:&quot;&quot;,&quot;isLinked&quot;:true},&quot;element_pack_global_tooltip_border_radius&quot;:{&quot;unit&quot;:&quot;px&quot;,&quot;top&quot;:&quot;&quot;,&quot;right&quot;:&quot;&quot;,&quot;bottom&quot;:&quot;&quot;,&quot;left&quot;:&quot;&quot;,&quot;isLinked&quot;:true},&quot;element_pack_global_tooltip_border_radius_tablet&quot;:{&quot;unit&quot;:&quot;px&quot;,&quot;top&quot;:&quot;&quot;,&quot;right&quot;:&quot;&quot;,&quot;bottom&quot;:&quot;&quot;,&quot;left&quot;:&quot;&quot;,&quot;isLinked&quot;:true},&quot;element_pack_global_tooltip_border_radius_mobile&quot;:{&quot;unit&quot;:&quot;px&quot;,&quot;top&quot;:&quot;&quot;,&quot;right&quot;:&quot;&quot;,&quot;bottom&quot;:&quot;&quot;,&quot;left&quot;:&quot;&quot;,&quot;isLinked&quot;:true}}\" data-elementor-post-type=\"page\">\n\t\t\t\t<div class=\"elementor-element elementor-element-49294e0 e-flex e-con-boxed e-con e-parent\" data-id=\"49294e0\" data-element_type=\"container\" data-e-type=\"container\">\n\t\t\t\t\t<div class=\"e-con-inner\">\n\t\t\t\t<div class=\"elementor-element elementor-element-57ee675 elementor-widget elementor-widget-text-editor\" data-id=\"57ee675\" data-element_type=\"widget\" data-e-type=\"widget\" data-widget_type=\"text-editor.default\">\n\t\t\t\t<div class=\"elementor-widget-container\">\n\t\t\t\t\t\t\t\t\t<p>Faaliyet y\u00fcr\u00fctt\u00fc\u011f\u00fc alanlarda Kuzey K\u0131br\u0131s&#8217;\u0131n \u00f6nc\u00fc \u015firketlerinden biri olan Akol Global, misyonu, vizyonu ve hedefleri do\u011frultusunda \u00e7al\u0131\u015facak ki\u015filere istihdam imkan\u0131 sunmaktad\u0131r. Her zaman daha ileriyi ve iyiyi hedefleyen Akol Global, i\u015f ak\u0131\u015f\u0131n\u0131n etkili ve ak\u0131c\u0131 bir \u015fekilde y\u00fcr\u00fct\u00fclmesi amac\u0131yla \u00e7al\u0131\u015fanlar\u0131n\u0131n ki\u015fisel ve mesleki geli\u015fimlerine \u00f6nem vermektedir.<\/p><p>Kurumsal ve g\u00fcvenilir yap\u0131s\u0131 ile Akol Global, \u00e7al\u0131\u015fanlar\u0131na e\u015fitlik ve d\u00fcr\u00fcstl\u00fck gibi ilkelerin \u00f6ne \u00e7\u0131kt\u0131\u011f\u0131, huzurlu ve mutlu bir i\u015f ortam\u0131 sunmaktad\u0131r. Ba\u015far\u0131n\u0131n ekip \u00e7al\u0131\u015fmas\u0131ndan ge\u00e7ti\u011fi inanc\u0131yla dinamik, yenilik\u00e7i, alan\u0131nda uzman \u00e7al\u0131\u015fan kadrosu ile Akol Global, iddial\u0131 projelere imza atmaktad\u0131r.<\/p><p>A\u00e7\u0131k pozisyonlar\u0131 takip ederek ilgili alanda istihdam edilmek i\u00e7in ba\u015fvurunuzu yapabilir ya da a\u00e7\u0131k pozisyon olu\u015ftu\u011funda de\u011ferlendirmemiz i\u00e7in \u00f6zge\u00e7mi\u015finizi bize iletebilirsiniz.<\/p><p>Yaz d\u00f6nemlerinde ihtiya\u00e7 duyulan departmanlarda \u00fcniversiteler arac\u0131l\u0131\u011f\u0131yla stajyer \u00f6\u011frenci kabul edilmektedir.<\/p><p>\u0130\u015fe al\u0131m s\u00fcrecinde \u00f6zge\u00e7mi\u015fler gerekti\u011finde ileti\u015fime ge\u00e7mek amac\u0131yla ar\u015fivlenmektedir. M\u00fclakat ve g\u00fcvenlik soru\u015fturmas\u0131 sonras\u0131nda s\u00f6zle\u015fmeli olarak i\u015fe al\u0131m yap\u0131lmaktad\u0131r.<\/p>\t\t\t\t\t\t\t\t<\/div>\n\t\t\t\t<\/div>\n\t\t\t\t\t<\/div>\n\t\t\t\t<\/div>\n\t\t<div class=\"elementor-element elementor-element-f695d25 e-flex e-con-boxed e-con e-parent\" data-id=\"f695d25\" data-element_type=\"container\" data-e-type=\"container\">\n\t\t\t\t\t<div class=\"e-con-inner\">\n\t\t\t\t<div class=\"elementor-element elementor-element-fb05656 elementor-align-left elementor-widget__width-auto elementor-widget elementor-widget-button\" data-id=\"fb05656\" data-element_type=\"widget\" data-e-type=\"widget\" data-widget_type=\"button.default\">\n\t\t\t\t<div class=\"elementor-widget-container\">\n\t\t\t\t\t\t\t\t\t<div class=\"elementor-button-wrapper\">\n\t\t\t\t\t<a class=\"elementor-button elementor-button-link elementor-size-sm\" href=\"https:\/\/akolglobal.com\/acik-pozisyonlar\/\">\n\t\t\t\t\t\t<span class=\"elementor-button-content-wrapper\">\n\t\t\t\t\t\t\t\t\t<span class=\"elementor-button-text\">A\u00e7\u0131k Pozisyonlar\u0131 G\u00f6r\u00fcnt\u00fcle<\/span>\n\t\t\t\t\t<\/span>\n\t\t\t\t\t<\/a>\n\t\t\t\t<\/div>\n\t\t\t\t\t\t\t\t<\/div>\n\t\t\t\t<\/div>\n\t\t\t\t<div class=\"elementor-element elementor-element-e41a4e8 elementor-align-left elementor-widget__width-auto elementor-widget elementor-widget-button\" data-id=\"e41a4e8\" data-element_type=\"widget\" data-e-type=\"widget\" data-widget_type=\"button.default\">\n\t\t\t\t<div class=\"elementor-widget-container\">\n\t\t\t\t\t\t\t\t\t<div class=\"elementor-button-wrapper\">\n\t\t\t\t\t<a class=\"elementor-button elementor-button-link elementor-size-sm\" href=\"https:\/\/akolglobal.com\/is-basvuru-formu\/\">\n\t\t\t\t\t\t<span class=\"elementor-button-content-wrapper\">\n\t\t\t\t\t\t\t\t\t<span class=\"elementor-button-text\">\u0130\u015f Ba\u015fvuru formunu doldurmak i\u00e7in t\u0131klay\u0131n<\/span>\n\t\t\t\t\t<\/span>\n\t\t\t\t\t<\/a>\n\t\t\t\t<\/div>\n\t\t\t\t\t\t\t\t<\/div>\n\t\t\t\t<\/div>\n\t\t\t\t\t<\/div>\n\t\t\t\t<\/div>\n\t\t<div class=\"elementor-element elementor-element-1735d68 e-flex e-con-boxed e-con e-parent\" data-id=\"1735d68\" data-element_type=\"container\" data-e-type=\"container\">\n\t\t\t\t\t<div class=\"e-con-inner\">\n\t\t\t\t\t<\/div>\n\t\t\t\t<\/div>\n\t\t\t\t<\/div>\n\t\t","protected":false},"excerpt":{"rendered":"<p>Faaliyet y\u00fcr\u00fctt\u00fc\u011f\u00fc alanlarda Kuzey K\u0131br\u0131s&#8217;\u0131n \u00f6nc\u00fc \u015firketlerinden biri olan Akol Global, misyonu, vizyonu ve hedefleri do\u011frultusunda \u00e7al\u0131\u015facak ki\u015filere istihdam imkan\u0131 [&hellip;]<\/p>\n","protected":false},"author":1,"featured_media":0,"parent":0,"menu_order":0,"comment_status":"closed","ping_status":"closed","template":"","meta":{"footnotes":""},"class_list":["post-660","page","type-page","status-publish","hentry"],"yoast_head":"<!-- This site is optimized with the Yoast SEO Premium plugin v25.6 (Yoast SEO v27.4) - https:\/\/yoast.com\/product\/yoast-seo-premium-wordpress\/ -->\n<title>Kariyer - Akol Global | Kuzey K\u0131br\u0131s\u2019\u0131n G\u00fcvenilir \u0130n\u015faat ve Gayrimenkul \u015eirketi<\/title>\n<meta name=\"robots\" content=\"index, follow, max-snippet:-1, max-image-preview:large, max-video-preview:-1\" \/>\n<link rel=\"canonical\" href=\"https:\/\/akolglobal.com\/tr\/kariyer\/\" \/>\n<meta property=\"og:locale\" content=\"tr_TR\" \/>\n<meta property=\"og:type\" content=\"article\" \/>\n<meta property=\"og:title\" content=\"Kariyer\" \/>\n<meta property=\"og:description\" content=\"Faaliyet y\u00fcr\u00fctt\u00fc\u011f\u00fc alanlarda Kuzey K\u0131br\u0131s&#8217;\u0131n \u00f6nc\u00fc \u015firketlerinden biri olan Akol Global, misyonu, vizyonu ve hedefleri do\u011frultusunda \u00e7al\u0131\u015facak ki\u015filere istihdam imkan\u0131 [&hellip;]\" \/>\n<meta property=\"og:url\" content=\"https:\/\/akolglobal.com\/tr\/kariyer\/\" \/>\n<meta property=\"og:site_name\" content=\"Akol Global | Kuzey K\u0131br\u0131s\u2019\u0131n G\u00fcvenilir \u0130n\u015faat ve Gayrimenkul \u015eirketi\" \/>\n<meta property=\"article:publisher\" content=\"https:\/\/www.facebook.com\/akolglobal\/\" \/>\n<meta property=\"article:modified_time\" content=\"2024-11-25T07:17:25+00:00\" \/>\n<meta property=\"og:image\" content=\"https:\/\/akolglobal.com\/wp-content\/uploads\/2025\/10\/akolglobalherobanner.png\" \/>\n\t<meta property=\"og:image:width\" content=\"1920\" \/>\n\t<meta property=\"og:image:height\" content=\"1080\" \/>\n\t<meta property=\"og:image:type\" content=\"image\/png\" \/>\n<meta name=\"twitter:card\" content=\"summary_large_image\" \/>\n<meta name=\"twitter:site\" content=\"@AkolGlobal\" \/>\n<meta name=\"twitter:label1\" content=\"Tahmini okuma s\u00fcresi\" \/>\n\t<meta name=\"twitter:data1\" content=\"1 dakika\" \/>\n<script type=\"application\/ld+json\" class=\"yoast-schema-graph\">{\"@context\":\"https:\\\/\\\/schema.org\",\"@graph\":[{\"@type\":\"WebPage\",\"@id\":\"https:\\\/\\\/akolglobal.com\\\/kariyer\\\/\",\"url\":\"https:\\\/\\\/akolglobal.com\\\/kariyer\\\/\",\"name\":\"Kariyer - Akol Global | Kuzey K\u0131br\u0131s\u2019\u0131n G\u00fcvenilir \u0130n\u015faat ve Gayrimenkul \u015eirketi\",\"isPartOf\":{\"@id\":\"https:\\\/\\\/akolglobal.com\\\/#website\"},\"datePublished\":\"2023-10-30T08:49:07+00:00\",\"dateModified\":\"2024-11-25T07:17:25+00:00\",\"breadcrumb\":{\"@id\":\"https:\\\/\\\/akolglobal.com\\\/kariyer\\\/#breadcrumb\"},\"inLanguage\":\"tr\",\"potentialAction\":[{\"@type\":\"ReadAction\",\"target\":[\"https:\\\/\\\/akolglobal.com\\\/kariyer\\\/\"]}]},{\"@type\":\"BreadcrumbList\",\"@id\":\"https:\\\/\\\/akolglobal.com\\\/kariyer\\\/#breadcrumb\",\"itemListElement\":[{\"@type\":\"ListItem\",\"position\":1,\"name\":\"Anasayfa\",\"item\":\"https:\\\/\\\/akolglobal.com\\\/tr\\\/\"},{\"@type\":\"ListItem\",\"position\":2,\"name\":\"Kariyer\"}]},{\"@type\":\"WebSite\",\"@id\":\"https:\\\/\\\/akolglobal.com\\\/#website\",\"url\":\"https:\\\/\\\/akolglobal.com\\\/\",\"name\":\"Akol Global | Kuzey K\u0131br\u0131s\u2019\u0131n G\u00fcvenilir \u0130n\u015faat ve Gayrimenkul \u015eirketi\",\"description\":\"Kuzey K\u0131br\u0131s\u2019\u0131n k\u00f6kl\u00fc in\u015faat \u015firketi Akol Global, Akdeniz\u2019in en se\u00e7kin b\u00f6lgelerinde l\u00fcks konut projeleri, y\u00fcksek kazan\u00e7l\u0131 yat\u0131r\u0131m f\u0131rsatlar\u0131 ve modern ya\u015fam alanlar\u0131 sunar.\",\"potentialAction\":[{\"@type\":\"SearchAction\",\"target\":{\"@type\":\"EntryPoint\",\"urlTemplate\":\"https:\\\/\\\/akolglobal.com\\\/?s={search_term_string}\"},\"query-input\":{\"@type\":\"PropertyValueSpecification\",\"valueRequired\":true,\"valueName\":\"search_term_string\"}}],\"inLanguage\":\"tr\"}]}<\/script>\n<!-- \/ Yoast SEO Premium plugin. -->","yoast_head_json":{"title":"Kariyer - Akol Global | Kuzey K\u0131br\u0131s\u2019\u0131n G\u00fcvenilir \u0130n\u015faat ve Gayrimenkul \u015eirketi","robots":{"index":"index","follow":"follow","max-snippet":"max-snippet:-1","max-image-preview":"max-image-preview:large","max-video-preview":"max-video-preview:-1"},"canonical":"https:\/\/akolglobal.com\/tr\/kariyer\/","og_locale":"tr_TR","og_type":"article","og_title":"Kariyer","og_description":"Faaliyet y\u00fcr\u00fctt\u00fc\u011f\u00fc alanlarda Kuzey K\u0131br\u0131s&#8217;\u0131n \u00f6nc\u00fc \u015firketlerinden biri olan Akol Global, misyonu, vizyonu ve hedefleri do\u011frultusunda \u00e7al\u0131\u015facak ki\u015filere istihdam imkan\u0131 [&hellip;]","og_url":"https:\/\/akolglobal.com\/tr\/kariyer\/","og_site_name":"Akol Global | Kuzey K\u0131br\u0131s\u2019\u0131n G\u00fcvenilir \u0130n\u015faat ve Gayrimenkul \u015eirketi","article_publisher":"https:\/\/www.facebook.com\/akolglobal\/","article_modified_time":"2024-11-25T07:17:25+00:00","og_image":[{"width":1920,"height":1080,"url":"https:\/\/akolglobal.com\/wp-content\/uploads\/2025\/10\/akolglobalherobanner.png","type":"image\/png"}],"twitter_card":"summary_large_image","twitter_site":"@AkolGlobal","twitter_misc":{"Tahmini okuma s\u00fcresi":"1 dakika"},"schema":{"@context":"https:\/\/schema.org","@graph":[{"@type":"WebPage","@id":"https:\/\/akolglobal.com\/kariyer\/","url":"https:\/\/akolglobal.com\/kariyer\/","name":"Kariyer - Akol Global | Kuzey K\u0131br\u0131s\u2019\u0131n G\u00fcvenilir \u0130n\u015faat ve Gayrimenkul \u015eirketi","isPartOf":{"@id":"https:\/\/akolglobal.com\/#website"},"datePublished":"2023-10-30T08:49:07+00:00","dateModified":"2024-11-25T07:17:25+00:00","breadcrumb":{"@id":"https:\/\/akolglobal.com\/kariyer\/#breadcrumb"},"inLanguage":"tr","potentialAction":[{"@type":"ReadAction","target":["https:\/\/akolglobal.com\/kariyer\/"]}]},{"@type":"BreadcrumbList","@id":"https:\/\/akolglobal.com\/kariyer\/#breadcrumb","itemListElement":[{"@type":"ListItem","position":1,"name":"Anasayfa","item":"https:\/\/akolglobal.com\/tr\/"},{"@type":"ListItem","position":2,"name":"Kariyer"}]},{"@type":"WebSite","@id":"https:\/\/akolglobal.com\/#website","url":"https:\/\/akolglobal.com\/","name":"Akol Global | Kuzey K\u0131br\u0131s\u2019\u0131n G\u00fcvenilir \u0130n\u015faat ve Gayrimenkul \u015eirketi","description":"Kuzey K\u0131br\u0131s\u2019\u0131n k\u00f6kl\u00fc in\u015faat \u015firketi Akol Global, Akdeniz\u2019in en se\u00e7kin b\u00f6lgelerinde l\u00fcks konut projeleri, y\u00fcksek kazan\u00e7l\u0131 yat\u0131r\u0131m f\u0131rsatlar\u0131 ve modern ya\u015fam alanlar\u0131 sunar.","potentialAction":[{"@type":"SearchAction","target":{"@type":"EntryPoint","urlTemplate":"https:\/\/akolglobal.com\/?s={search_term_string}"},"query-input":{"@type":"PropertyValueSpecification","valueRequired":true,"valueName":"search_term_string"}}],"inLanguage":"tr"}]}},"_links":{"self":[{"href":"https:\/\/akolglobal.com\/tr\/wp-json\/wp\/v2\/pages\/660","targetHints":{"allow":["GET"]}}],"collection":[{"href":"https:\/\/akolglobal.com\/tr\/wp-json\/wp\/v2\/pages"}],"about":[{"href":"https:\/\/akolglobal.com\/tr\/wp-json\/wp\/v2\/types\/page"}],"author":[{"embeddable":true,"href":"https:\/\/akolglobal.com\/tr\/wp-json\/wp\/v2\/users\/1"}],"replies":[{"embeddable":true,"href":"https:\/\/akolglobal.com\/tr\/wp-json\/wp\/v2\/comments?post=660"}],"version-history":[{"count":75,"href":"https:\/\/akolglobal.com\/tr\/wp-json\/wp\/v2\/pages\/660\/revisions"}],"predecessor-version":[{"id":17590,"href":"https:\/\/akolglobal.com\/tr\/wp-json\/wp\/v2\/pages\/660\/revisions\/17590"}],"wp:attachment":[{"href":"https:\/\/akolglobal.com\/tr\/wp-json\/wp\/v2\/media?parent=660"}],"curies":[{"name":"wp","href":"https:\/\/api.w.org\/{rel}","templated":true}]}}