{"id":839,"date":"2023-11-09T00:37:22","date_gmt":"2023-11-09T00:37:22","guid":{"rendered":"https:\/\/akolglobal.com\/?page_id=839"},"modified":"2026-01-08T09:01:37","modified_gmt":"2026-01-08T07:01:37","slug":"kurumsal-kimlik-kilavuzu","status":"publish","type":"page","link":"https:\/\/akolglobal.com\/tr\/kurumsal-kimlik-kilavuzu\/","title":{"rendered":"Kurumsal Kimlik K\u0131lavuzu"},"content":{"rendered":"\t\t<div data-elementor-type=\"wp-page\" data-elementor-id=\"839\" class=\"elementor elementor-839\" data-elementor-settings=\"{&quot;element_pack_global_tooltip_width&quot;:{&quot;unit&quot;:&quot;px&quot;,&quot;size&quot;:&quot;&quot;,&quot;sizes&quot;:[]},&quot;element_pack_global_tooltip_width_tablet&quot;:{&quot;unit&quot;:&quot;px&quot;,&quot;size&quot;:&quot;&quot;,&quot;sizes&quot;:[]},&quot;element_pack_global_tooltip_width_mobile&quot;:{&quot;unit&quot;:&quot;px&quot;,&quot;size&quot;:&quot;&quot;,&quot;sizes&quot;:[]},&quot;element_pack_global_tooltip_padding&quot;:{&quot;unit&quot;:&quot;px&quot;,&quot;top&quot;:&quot;&quot;,&quot;right&quot;:&quot;&quot;,&quot;bottom&quot;:&quot;&quot;,&quot;left&quot;:&quot;&quot;,&quot;isLinked&quot;:true},&quot;element_pack_global_tooltip_padding_tablet&quot;:{&quot;unit&quot;:&quot;px&quot;,&quot;top&quot;:&quot;&quot;,&quot;right&quot;:&quot;&quot;,&quot;bottom&quot;:&quot;&quot;,&quot;left&quot;:&quot;&quot;,&quot;isLinked&quot;:true},&quot;element_pack_global_tooltip_padding_mobile&quot;:{&quot;unit&quot;:&quot;px&quot;,&quot;top&quot;:&quot;&quot;,&quot;right&quot;:&quot;&quot;,&quot;bottom&quot;:&quot;&quot;,&quot;left&quot;:&quot;&quot;,&quot;isLinked&quot;:true},&quot;element_pack_global_tooltip_border_radius&quot;:{&quot;unit&quot;:&quot;px&quot;,&quot;top&quot;:&quot;&quot;,&quot;right&quot;:&quot;&quot;,&quot;bottom&quot;:&quot;&quot;,&quot;left&quot;:&quot;&quot;,&quot;isLinked&quot;:true},&quot;element_pack_global_tooltip_border_radius_tablet&quot;:{&quot;unit&quot;:&quot;px&quot;,&quot;top&quot;:&quot;&quot;,&quot;right&quot;:&quot;&quot;,&quot;bottom&quot;:&quot;&quot;,&quot;left&quot;:&quot;&quot;,&quot;isLinked&quot;:true},&quot;element_pack_global_tooltip_border_radius_mobile&quot;:{&quot;unit&quot;:&quot;px&quot;,&quot;top&quot;:&quot;&quot;,&quot;right&quot;:&quot;&quot;,&quot;bottom&quot;:&quot;&quot;,&quot;left&quot;:&quot;&quot;,&quot;isLinked&quot;:true}}\" data-elementor-post-type=\"page\">\n\t\t\t\t<div class=\"elementor-element elementor-element-49294e0 e-flex e-con-boxed e-con e-parent\" data-id=\"49294e0\" data-element_type=\"container\" data-e-type=\"container\">\n\t\t\t\t\t<div class=\"e-con-inner\">\n\t\t\t\t<div class=\"elementor-element elementor-element-57ee675 elementor-widget elementor-widget-text-editor\" data-id=\"57ee675\" data-element_type=\"widget\" data-e-type=\"widget\" data-widget_type=\"text-editor.default\">\n\t\t\t\t<div class=\"elementor-widget-container\">\n\t\t\t\t\t\t\t\t\t<p>Akol Global olarak sahip oldu\u011fumuz de\u011ferler ve hayata ge\u00e7irdi\u011fimiz projelerle hem ulusal hem de uluslararas\u0131 alanda bir\u00e7ok ba\u015far\u0131 elde ettik. Hem yerel hem de uluslararas\u0131 alanda marka de\u011ferlerimize verdi\u011fimiz \u00f6nem nedeniyle kurumsal kimlik imaj\u0131m\u0131z\u0131 her ko\u015fulda belirli standartlar ile korumay\u0131 ama\u00e7l\u0131yoruz.<\/p><p>Kurumsal kimli\u011fimizde kulland\u0131\u011f\u0131m\u0131z her detay bizim de\u011ferlerimizi ve markam\u0131z\u0131 yans\u0131t\u0131yor. Titizlikle olu\u015fturdu\u011fumuz ve bu sayfadan da eri\u015febilece\u011finiz kurumsal kimlik kitimiz ile Akol Global markas\u0131na ait logolara ula\u015fabilirsiniz.<\/p><p>Akol Global logo g\u00f6rsellerine ve vekt\u00f6rel \u00e7izime (JPG\/PNG\/AI\/CDR) ula\u015fmak i\u00e7in:<\/p>\t\t\t\t\t\t\t\t<\/div>\n\t\t\t\t<\/div>\n\t\t\t\t<div class=\"elementor-element elementor-element-66ced17 elementor-widget elementor-widget-bdt-advanced-button\" data-id=\"66ced17\" data-element_type=\"widget\" data-e-type=\"widget\" data-widget_type=\"bdt-advanced-button.default\">\n\t\t\t\t<div class=\"elementor-widget-container\">\n\t\t\t\t\t\t\t<div class=\"bdt-ep-button-wrapper\">\n\t\t\t<a href=\"https:\/\/akolglobal.com\/wp-content\/uploads\/2023\/11\/Akol-Global-Logolar.zip\" target=\"_blank\" class=\"bdt-ep-button bdt-ep-button-effect-a bdt-ep-button-size-xl\">\n\t\t\t\t\t\t<div class=\"bdt-ep-button-content-wrapper bdt-flex bdt-flex-middle bdt-flex-center  \" data-text=\"Akol Global Logolar\u0131n\u0131 G\u00f6r\u00fcnt\u00fcle \">\n\t\t\t\n\t\t\t<div class=\"bdt-ep-button-text\">\n\n\t\t\t\t<span class=\"avdbtn-text\">\n\t\t\t\t\tAkol Global Logolar\u0131n\u0131 G\u00f6r\u00fcnt\u00fcle \t\t\t\t<\/span>\n\n\t\t\t\t\t\t\t<\/div>\n\n\t\t\t\n\t\t<\/div>\n\t\t\t\t\t<\/a>\n\t\t<\/div>\n\t\t\t\t\t\t<\/div>\n\t\t\t\t<\/div>\n\t\t\t\t<div class=\"elementor-element elementor-element-1f4c21c elementor-widget elementor-widget-text-editor\" data-id=\"1f4c21c\" data-element_type=\"widget\" data-e-type=\"widget\" data-widget_type=\"text-editor.default\">\n\t\t\t\t<div class=\"elementor-widget-container\">\n\t\t\t\t\t\t\t\t\tRenklerimiz, renk kodlar\u0131m\u0131z ve vekt\u00f6rel logolar\u0131m\u0131z\u0131n oldu\u011fun genel PDF\u2019e ula\u015fmak i\u00e7in:\t\t\t\t\t\t\t\t<\/div>\n\t\t\t\t<\/div>\n\t\t\t\t<div class=\"elementor-element elementor-element-e005fba elementor-widget elementor-widget-bdt-advanced-button\" data-id=\"e005fba\" data-element_type=\"widget\" data-e-type=\"widget\" data-widget_type=\"bdt-advanced-button.default\">\n\t\t\t\t<div class=\"elementor-widget-container\">\n\t\t\t\t\t\t\t<div class=\"bdt-ep-button-wrapper\">\n\t\t\t<a href=\"http:\/\/akolglobal.com\/wp-content\/uploads\/2026\/01\/akol-kurumsalkimlikkilavuzu-1.pdf\" target=\"_blank\" class=\"bdt-ep-button bdt-ep-button-effect-a bdt-ep-button-size-xl\">\n\t\t\t\t\t\t<div class=\"bdt-ep-button-content-wrapper bdt-flex bdt-flex-middle bdt-flex-center  \" data-text=\"Kurumsal Kimlik K\u0131lavuzu G\u00f6r\u00fcnt\u00fcle\">\n\t\t\t\n\t\t\t<div class=\"bdt-ep-button-text\">\n\n\t\t\t\t<span class=\"avdbtn-text\">\n\t\t\t\t\tKurumsal Kimlik K\u0131lavuzu G\u00f6r\u00fcnt\u00fcle\t\t\t\t<\/span>\n\n\t\t\t\t\t\t\t<\/div>\n\n\t\t\t\n\t\t<\/div>\n\t\t\t\t\t<\/a>\n\t\t<\/div>\n\t\t\t\t\t\t<\/div>\n\t\t\t\t<\/div>\n\t\t\t\t<div class=\"elementor-element elementor-element-e405ccd elementor-widget elementor-widget-text-editor\" data-id=\"e405ccd\" data-element_type=\"widget\" data-e-type=\"widget\" data-widget_type=\"text-editor.default\">\n\t\t\t\t<div class=\"elementor-widget-container\">\n\t\t\t\t\t\t\t\t\tEmlak projelerinin g\u00f6rsellerine ula\u015fmak i\u00e7in Projeler sayfas\u0131na g\u00f6z atabilir veya farkl\u0131 talepleriniz i\u00e7in \u0130leti\u015fim sayfas\u0131 arac\u0131l\u0131\u011f\u0131yla bizimle ileti\u015fime ge\u00e7ebilirsiniz.\t\t\t\t\t\t\t\t<\/div>\n\t\t\t\t<\/div>\n\t\t\t\t\t<\/div>\n\t\t\t\t<\/div>\n\t\t\t\t<\/div>\n\t\t","protected":false},"excerpt":{"rendered":"<p>Akol Global olarak sahip oldu\u011fumuz de\u011ferler ve hayata ge\u00e7irdi\u011fimiz projelerle hem ulusal hem de uluslararas\u0131 alanda bir\u00e7ok ba\u015far\u0131 elde ettik. [&hellip;]<\/p>\n","protected":false},"author":1,"featured_media":0,"parent":0,"menu_order":0,"comment_status":"closed","ping_status":"closed","template":"","meta":{"footnotes":""},"class_list":["post-839","page","type-page","status-publish","hentry"],"yoast_head":"<!-- This site is optimized with the Yoast SEO Premium plugin v25.6 (Yoast SEO v27.4) - https:\/\/yoast.com\/product\/yoast-seo-premium-wordpress\/ -->\n<title>Kurumsal Kimlik K\u0131lavuzu - Akol Global | Kuzey K\u0131br\u0131s\u2019\u0131n G\u00fcvenilir \u0130n\u015faat ve Gayrimenkul \u015eirketi<\/title>\n<meta name=\"robots\" content=\"index, follow, max-snippet:-1, max-image-preview:large, max-video-preview:-1\" \/>\n<link rel=\"canonical\" href=\"https:\/\/akolglobal.com\/tr\/kurumsal-kimlik-kilavuzu\/\" \/>\n<meta property=\"og:locale\" content=\"tr_TR\" \/>\n<meta property=\"og:type\" content=\"article\" \/>\n<meta property=\"og:title\" content=\"Kurumsal Kimlik K\u0131lavuzu\" \/>\n<meta property=\"og:description\" content=\"Akol Global olarak sahip oldu\u011fumuz de\u011ferler ve hayata ge\u00e7irdi\u011fimiz projelerle hem ulusal hem de uluslararas\u0131 alanda bir\u00e7ok ba\u015far\u0131 elde ettik. [&hellip;]\" \/>\n<meta property=\"og:url\" content=\"https:\/\/akolglobal.com\/tr\/kurumsal-kimlik-kilavuzu\/\" \/>\n<meta property=\"og:site_name\" content=\"Akol Global | Kuzey K\u0131br\u0131s\u2019\u0131n G\u00fcvenilir \u0130n\u015faat ve Gayrimenkul \u015eirketi\" \/>\n<meta property=\"article:publisher\" content=\"https:\/\/www.facebook.com\/akolglobal\/\" \/>\n<meta property=\"article:modified_time\" content=\"2026-01-08T07:01:37+00:00\" \/>\n<meta property=\"og:image\" content=\"https:\/\/akolglobal.com\/wp-content\/uploads\/2025\/10\/akolglobalherobanner.png\" \/>\n\t<meta property=\"og:image:width\" content=\"1920\" \/>\n\t<meta property=\"og:image:height\" content=\"1080\" \/>\n\t<meta property=\"og:image:type\" content=\"image\/png\" \/>\n<meta name=\"twitter:card\" content=\"summary_large_image\" \/>\n<meta name=\"twitter:site\" content=\"@AkolGlobal\" \/>\n<meta name=\"twitter:label1\" content=\"Tahmini okuma s\u00fcresi\" \/>\n\t<meta name=\"twitter:data1\" content=\"1 dakika\" \/>\n<script type=\"application\/ld+json\" class=\"yoast-schema-graph\">{\"@context\":\"https:\\\/\\\/schema.org\",\"@graph\":[{\"@type\":\"WebPage\",\"@id\":\"https:\\\/\\\/akolglobal.com\\\/kurumsal-kimlik-kilavuzu\\\/\",\"url\":\"https:\\\/\\\/akolglobal.com\\\/kurumsal-kimlik-kilavuzu\\\/\",\"name\":\"Kurumsal Kimlik K\u0131lavuzu - Akol Global | Kuzey K\u0131br\u0131s\u2019\u0131n G\u00fcvenilir \u0130n\u015faat ve Gayrimenkul \u015eirketi\",\"isPartOf\":{\"@id\":\"https:\\\/\\\/akolglobal.com\\\/#website\"},\"datePublished\":\"2023-11-09T00:37:22+00:00\",\"dateModified\":\"2026-01-08T07:01:37+00:00\",\"breadcrumb\":{\"@id\":\"https:\\\/\\\/akolglobal.com\\\/kurumsal-kimlik-kilavuzu\\\/#breadcrumb\"},\"inLanguage\":\"tr\",\"potentialAction\":[{\"@type\":\"ReadAction\",\"target\":[\"https:\\\/\\\/akolglobal.com\\\/kurumsal-kimlik-kilavuzu\\\/\"]}]},{\"@type\":\"BreadcrumbList\",\"@id\":\"https:\\\/\\\/akolglobal.com\\\/kurumsal-kimlik-kilavuzu\\\/#breadcrumb\",\"itemListElement\":[{\"@type\":\"ListItem\",\"position\":1,\"name\":\"Anasayfa\",\"item\":\"https:\\\/\\\/akolglobal.com\\\/tr\\\/\"},{\"@type\":\"ListItem\",\"position\":2,\"name\":\"Kurumsal Kimlik K\u0131lavuzu\"}]},{\"@type\":\"WebSite\",\"@id\":\"https:\\\/\\\/akolglobal.com\\\/#website\",\"url\":\"https:\\\/\\\/akolglobal.com\\\/\",\"name\":\"Akol Global | Kuzey K\u0131br\u0131s\u2019\u0131n G\u00fcvenilir \u0130n\u015faat ve Gayrimenkul \u015eirketi\",\"description\":\"Kuzey K\u0131br\u0131s\u2019\u0131n k\u00f6kl\u00fc in\u015faat \u015firketi Akol Global, Akdeniz\u2019in en se\u00e7kin b\u00f6lgelerinde l\u00fcks konut projeleri, y\u00fcksek kazan\u00e7l\u0131 yat\u0131r\u0131m f\u0131rsatlar\u0131 ve modern ya\u015fam alanlar\u0131 sunar.\",\"potentialAction\":[{\"@type\":\"SearchAction\",\"target\":{\"@type\":\"EntryPoint\",\"urlTemplate\":\"https:\\\/\\\/akolglobal.com\\\/?s={search_term_string}\"},\"query-input\":{\"@type\":\"PropertyValueSpecification\",\"valueRequired\":true,\"valueName\":\"search_term_string\"}}],\"inLanguage\":\"tr\"}]}<\/script>\n<!-- \/ Yoast SEO Premium plugin. -->","yoast_head_json":{"title":"Kurumsal Kimlik K\u0131lavuzu - Akol Global | Kuzey K\u0131br\u0131s\u2019\u0131n G\u00fcvenilir \u0130n\u015faat ve Gayrimenkul \u015eirketi","robots":{"index":"index","follow":"follow","max-snippet":"max-snippet:-1","max-image-preview":"max-image-preview:large","max-video-preview":"max-video-preview:-1"},"canonical":"https:\/\/akolglobal.com\/tr\/kurumsal-kimlik-kilavuzu\/","og_locale":"tr_TR","og_type":"article","og_title":"Kurumsal Kimlik K\u0131lavuzu","og_description":"Akol Global olarak sahip oldu\u011fumuz de\u011ferler ve hayata ge\u00e7irdi\u011fimiz projelerle hem ulusal hem de uluslararas\u0131 alanda bir\u00e7ok ba\u015far\u0131 elde ettik. [&hellip;]","og_url":"https:\/\/akolglobal.com\/tr\/kurumsal-kimlik-kilavuzu\/","og_site_name":"Akol Global | Kuzey K\u0131br\u0131s\u2019\u0131n G\u00fcvenilir \u0130n\u015faat ve Gayrimenkul \u015eirketi","article_publisher":"https:\/\/www.facebook.com\/akolglobal\/","article_modified_time":"2026-01-08T07:01:37+00:00","og_image":[{"width":1920,"height":1080,"url":"https:\/\/akolglobal.com\/wp-content\/uploads\/2025\/10\/akolglobalherobanner.png","type":"image\/png"}],"twitter_card":"summary_large_image","twitter_site":"@AkolGlobal","twitter_misc":{"Tahmini okuma s\u00fcresi":"1 dakika"},"schema":{"@context":"https:\/\/schema.org","@graph":[{"@type":"WebPage","@id":"https:\/\/akolglobal.com\/kurumsal-kimlik-kilavuzu\/","url":"https:\/\/akolglobal.com\/kurumsal-kimlik-kilavuzu\/","name":"Kurumsal Kimlik K\u0131lavuzu - Akol Global | Kuzey K\u0131br\u0131s\u2019\u0131n G\u00fcvenilir \u0130n\u015faat ve Gayrimenkul \u015eirketi","isPartOf":{"@id":"https:\/\/akolglobal.com\/#website"},"datePublished":"2023-11-09T00:37:22+00:00","dateModified":"2026-01-08T07:01:37+00:00","breadcrumb":{"@id":"https:\/\/akolglobal.com\/kurumsal-kimlik-kilavuzu\/#breadcrumb"},"inLanguage":"tr","potentialAction":[{"@type":"ReadAction","target":["https:\/\/akolglobal.com\/kurumsal-kimlik-kilavuzu\/"]}]},{"@type":"BreadcrumbList","@id":"https:\/\/akolglobal.com\/kurumsal-kimlik-kilavuzu\/#breadcrumb","itemListElement":[{"@type":"ListItem","position":1,"name":"Anasayfa","item":"https:\/\/akolglobal.com\/tr\/"},{"@type":"ListItem","position":2,"name":"Kurumsal Kimlik K\u0131lavuzu"}]},{"@type":"WebSite","@id":"https:\/\/akolglobal.com\/#website","url":"https:\/\/akolglobal.com\/","name":"Akol Global | Kuzey K\u0131br\u0131s\u2019\u0131n G\u00fcvenilir \u0130n\u015faat ve Gayrimenkul \u015eirketi","description":"Kuzey K\u0131br\u0131s\u2019\u0131n k\u00f6kl\u00fc in\u015faat \u015firketi Akol Global, Akdeniz\u2019in en se\u00e7kin b\u00f6lgelerinde l\u00fcks konut projeleri, y\u00fcksek kazan\u00e7l\u0131 yat\u0131r\u0131m f\u0131rsatlar\u0131 ve modern ya\u015fam alanlar\u0131 sunar.","potentialAction":[{"@type":"SearchAction","target":{"@type":"EntryPoint","urlTemplate":"https:\/\/akolglobal.com\/?s={search_term_string}"},"query-input":{"@type":"PropertyValueSpecification","valueRequired":true,"valueName":"search_term_string"}}],"inLanguage":"tr"}]}},"_links":{"self":[{"href":"https:\/\/akolglobal.com\/tr\/wp-json\/wp\/v2\/pages\/839","targetHints":{"allow":["GET"]}}],"collection":[{"href":"https:\/\/akolglobal.com\/tr\/wp-json\/wp\/v2\/pages"}],"about":[{"href":"https:\/\/akolglobal.com\/tr\/wp-json\/wp\/v2\/types\/page"}],"author":[{"embeddable":true,"href":"https:\/\/akolglobal.com\/tr\/wp-json\/wp\/v2\/users\/1"}],"replies":[{"embeddable":true,"href":"https:\/\/akolglobal.com\/tr\/wp-json\/wp\/v2\/comments?post=839"}],"version-history":[{"count":19,"href":"https:\/\/akolglobal.com\/tr\/wp-json\/wp\/v2\/pages\/839\/revisions"}],"predecessor-version":[{"id":18226,"href":"https:\/\/akolglobal.com\/tr\/wp-json\/wp\/v2\/pages\/839\/revisions\/18226"}],"wp:attachment":[{"href":"https:\/\/akolglobal.com\/tr\/wp-json\/wp\/v2\/media?parent=839"}],"curies":[{"name":"wp","href":"https:\/\/api.w.org\/{rel}","templated":true}]}}